{"id":1116282,"date":"1970-01-01T00:00:00","date_gmt":"1969-12-31T22:00:00","guid":{"rendered":"https:\/\/axtrom.ro\/shop\/produs\/cutie-pizza-a-400-x-400x-400-x-40\/"},"modified":"2025-07-31T10:10:31","modified_gmt":"2025-07-31T08:10:31","slug":"cutie-pizza-a-400-x-400x-400-x-40","status":"publish","type":"product","link":"https:\/\/axtrom.ro\/shop\/produs\/cutie-pizza-a-400-x-400x-400-x-40\/","title":{"rendered":"Cutie Pizza &#8211; A 400 x 400x 400 x 40"},"content":{"rendered":"<div class=\"wpb-content-wrapper\"><p>[vc_row][vc_column][vc_column_text woodmart_inline=&#8221;no&#8221; text_larger=&#8221;no&#8221;]<\/p>\n<h2>Cutie Pizza &#8211; A 400 x 400x 400 x 40<\/h2>\n<p>Comercializam cutii de pizza modelul A, cu dimensiunile de 400x400x40.<\/p>\n<p>Cutiile de acest gen sunt folosite \u00een general de restaurantele cu specific italian dar \u0219i de alte tipuri de localuri care servesc pizza proasp\u0103t\u0103, indiferent dac\u0103 acestea au implementat \u0219i un sistem de catering. Dup\u0103 cum bine \u0219ti\u021bi, mul\u021bi oameni aleg s\u0103 \u00ee\u0219i comande acas\u0103 pizza ori, s\u0103 \u00ee\u0219i transporte cu ei acas\u0103 de la restaurant feliile pe care nu au reu\u0219it s\u0103 le m\u0103n\u00e2nce la fa\u021ba locului.[\/vc_column_text][\/vc_column][\/vc_row]<\/p>\n<\/div>","protected":false},"excerpt":{"rendered":"<h4>Date tehnice:<\/h4>\n","protected":false},"featured_media":10000001116283,"comment_status":"closed","ping_status":"closed","template":"","meta":[],"product_brand":[],"product_cat":[173],"product_tag":[546,547,548],"class_list":{"0":"post-1116282","1":"product","2":"type-product","3":"status-publish","4":"has-post-thumbnail","6":"product_cat-cutii-de-pizza","7":"product_tag-cuti-de-pizza","8":"product_tag-cutii-pizza","9":"product_tag-piiza","10":"product_shipping_class-cutii-pizza","11":"pa_inaltime-40-mm","12":"pa_latime-400-mm","13":"pa_lungime-400-mm","15":"first","16":"outofstock","17":"taxable","18":"shipping-taxable","19":"product-type-simple"},"tiered_pricing_type":"fixed","tiered_pricing_fixed_rules":[],"tiered_pricing_percentage_rules":[],"tiered_pricing_minimum":1,"_administrator_tiered_pricing_type":"fixed","_administrator_tiered_pricing_fixed_rules":[],"_editor_tiered_pricing_type":"fixed","_editor_tiered_pricing_fixed_rules":[],"_author_tiered_pricing_type":"fixed","_author_tiered_pricing_fixed_rules":[],"_contributor_tiered_pricing_type":"fixed","_contributor_tiered_pricing_fixed_rules":[],"_subscriber_tiered_pricing_type":"fixed","_subscriber_tiered_pricing_fixed_rules":[],"_customer_tiered_pricing_type":"fixed","_customer_tiered_pricing_fixed_rules":[],"_shop_manager_tiered_pricing_type":"fixed","_shop_manager_tiered_pricing_fixed_rules":[],"_vendor_staff_tiered_pricing_type":"fixed","_vendor_staff_tiered_pricing_fixed_rules":[],"_seller_tiered_pricing_type":"fixed","_seller_tiered_pricing_fixed_rules":[],"_translator_tiered_pricing_type":"fixed","_translator_tiered_pricing_fixed_rules":[],"_pending_user_tiered_pricing_type":"fixed","_pending_user_tiered_pricing_fixed_rules":[],"_suspended_tiered_pricing_type":"fixed","_suspended_tiered_pricing_fixed_rules":[],"_gold_tiered_pricing_type":"fixed","_gold_tiered_pricing_fixed_rules":[],"_fue_manager_tiered_pricing_type":"fixed","_fue_manager_tiered_pricing_fixed_rules":[],"_wpseo_manager_tiered_pricing_type":"fixed","_wpseo_manager_tiered_pricing_fixed_rules":[],"_wpseo_editor_tiered_pricing_type":"fixed","_wpseo_editor_tiered_pricing_fixed_rules":[],"yoast_head":"<!-- This site is optimized with the Yoast SEO plugin v26.4 - https:\/\/yoast.com\/wordpress\/plugins\/seo\/ -->\n<title>Cutie Pizza - A 400 x 400x 400 x 40<\/title>\n<meta name=\"description\" content=\"Cutie Pizza - A 400 x 400x 400 x 40, colorata cu un pizzer care tine in mana o pizza. Stoc limitat. Cutie pentru o pizza mare.\" \/>\n<meta name=\"robots\" content=\"index, follow, max-snippet:-1, max-image-preview:large, max-video-preview:-1\" \/>\n<link rel=\"canonical\" href=\"https:\/\/axtrom.ro\/shop\/produs\/cutie-pizza-a-400-x-400x-400-x-40\/\" \/>\n<meta property=\"og:locale\" content=\"ro_RO\" \/>\n<meta property=\"og:type\" content=\"article\" \/>\n<meta property=\"og:title\" content=\"Cutie Pizza - A 400 x 400x 400 x 40\" \/>\n<meta property=\"og:description\" content=\"Cutie Pizza - A 400 x 400x 400 x 40, colorata cu un pizzer care tine in mana o pizza. Stoc limitat. Cutie pentru o pizza mare.\" \/>\n<meta property=\"og:url\" content=\"https:\/\/axtrom.ro\/shop\/produs\/cutie-pizza-a-400-x-400x-400-x-40\/\" \/>\n<meta property=\"og:site_name\" content=\"Magazin online cu produse de packaging.\" \/>\n<meta property=\"article:modified_time\" content=\"2025-07-31T08:10:31+00:00\" \/>\n<meta property=\"og:image\" content=\"https:\/\/axtrom.ro\/shop\/wp-content\/uploads\/2023\/05\/Logo-Axtrom.jpg\" \/>\n\t<meta property=\"og:image:width\" content=\"220\" \/>\n\t<meta property=\"og:image:height\" content=\"71\" \/>\n\t<meta property=\"og:image:type\" content=\"image\/jpeg\" \/>\n<meta name=\"twitter:card\" content=\"summary_large_image\" \/>\n<meta name=\"twitter:label1\" content=\"Timp estimat pentru citire\" \/>\n\t<meta name=\"twitter:data1\" content=\"1 minut\" \/>\n<script type=\"application\/ld+json\" class=\"yoast-schema-graph\">{\"@context\":\"https:\/\/schema.org\",\"@graph\":[{\"@type\":\"WebPage\",\"@id\":\"https:\/\/axtrom.ro\/shop\/produs\/cutie-pizza-a-400-x-400x-400-x-40\/\",\"url\":\"https:\/\/axtrom.ro\/shop\/produs\/cutie-pizza-a-400-x-400x-400-x-40\/\",\"name\":\"Cutie Pizza - A 400 x 400x 400 x 40\",\"isPartOf\":{\"@id\":\"https:\/\/axtrom.ro\/shop\/#website\"},\"primaryImageOfPage\":{\"@id\":\"https:\/\/axtrom.ro\/shop\/produs\/cutie-pizza-a-400-x-400x-400-x-40\/#primaryimage\"},\"image\":{\"@id\":\"https:\/\/axtrom.ro\/shop\/produs\/cutie-pizza-a-400-x-400x-400-x-40\/#primaryimage\"},\"thumbnailUrl\":\"https:\/\/rgi.ro\/wp-content\/uploads\/2022\/04\/cutii-pizza-400x400x40.jpg\",\"datePublished\":\"1969-12-31T22:00:00+00:00\",\"dateModified\":\"2025-07-31T08:10:31+00:00\",\"description\":\"Cutie Pizza - A 400 x 400x 400 x 40, colorata cu un pizzer care tine in mana o pizza. Stoc limitat. Cutie pentru o pizza mare.\",\"breadcrumb\":{\"@id\":\"https:\/\/axtrom.ro\/shop\/produs\/cutie-pizza-a-400-x-400x-400-x-40\/#breadcrumb\"},\"inLanguage\":\"ro-RO\",\"potentialAction\":[{\"@type\":\"ReadAction\",\"target\":[\"https:\/\/axtrom.ro\/shop\/produs\/cutie-pizza-a-400-x-400x-400-x-40\/\"]}]},{\"@type\":\"ImageObject\",\"inLanguage\":\"ro-RO\",\"@id\":\"https:\/\/axtrom.ro\/shop\/produs\/cutie-pizza-a-400-x-400x-400-x-40\/#primaryimage\",\"url\":\"https:\/\/rgi.ro\/wp-content\/uploads\/2022\/04\/cutii-pizza-400x400x40.jpg\",\"contentUrl\":\"https:\/\/rgi.ro\/wp-content\/uploads\/2022\/04\/cutii-pizza-400x400x40.jpg\"},{\"@type\":\"BreadcrumbList\",\"@id\":\"https:\/\/axtrom.ro\/shop\/produs\/cutie-pizza-a-400-x-400x-400-x-40\/#breadcrumb\",\"itemListElement\":[{\"@type\":\"ListItem\",\"position\":1,\"name\":\"Magazin\",\"item\":\"https:\/\/axtrom.ro\/shop\/magazin\/\"},{\"@type\":\"ListItem\",\"position\":2,\"name\":\"Cutie Pizza &#8211; A 400 x 400x 400 x 40\"}]},{\"@type\":\"WebSite\",\"@id\":\"https:\/\/axtrom.ro\/shop\/#website\",\"url\":\"https:\/\/axtrom.ro\/shop\/\",\"name\":\"Magazin online cu produse de packaging.\",\"description\":\"Cutii carton, banda adeziva, folie cu bule, folie stretch, polietilena si polietilena expandata.\",\"publisher\":{\"@id\":\"https:\/\/axtrom.ro\/shop\/#organization\"},\"potentialAction\":[{\"@type\":\"SearchAction\",\"target\":{\"@type\":\"EntryPoint\",\"urlTemplate\":\"https:\/\/axtrom.ro\/shop\/?s={search_term_string}\"},\"query-input\":{\"@type\":\"PropertyValueSpecification\",\"valueRequired\":true,\"valueName\":\"search_term_string\"}}],\"inLanguage\":\"ro-RO\"},{\"@type\":\"Organization\",\"@id\":\"https:\/\/axtrom.ro\/shop\/#organization\",\"name\":\"Axtrom |srl\",\"alternateName\":\"Complete packaging solutions\",\"url\":\"https:\/\/axtrom.ro\/shop\/\",\"logo\":{\"@type\":\"ImageObject\",\"inLanguage\":\"ro-RO\",\"@id\":\"https:\/\/axtrom.ro\/shop\/#\/schema\/logo\/image\/\",\"url\":\"https:\/\/axtrom.ro\/shop\/wp-content\/uploads\/2023\/05\/Logo-Axtrom.jpg\",\"contentUrl\":\"https:\/\/axtrom.ro\/shop\/wp-content\/uploads\/2023\/05\/Logo-Axtrom.jpg\",\"width\":220,\"height\":71,\"caption\":\"Axtrom |srl\"},\"image\":{\"@id\":\"https:\/\/axtrom.ro\/shop\/#\/schema\/logo\/image\/\"}}]}<\/script>\n<!-- \/ Yoast SEO plugin. -->","yoast_head_json":{"title":"Cutie Pizza - A 400 x 400x 400 x 40","description":"Cutie Pizza - A 400 x 400x 400 x 40, colorata cu un pizzer care tine in mana o pizza. Stoc limitat. Cutie pentru o pizza mare.","robots":{"index":"index","follow":"follow","max-snippet":"max-snippet:-1","max-image-preview":"max-image-preview:large","max-video-preview":"max-video-preview:-1"},"canonical":"https:\/\/axtrom.ro\/shop\/produs\/cutie-pizza-a-400-x-400x-400-x-40\/","og_locale":"ro_RO","og_type":"article","og_title":"Cutie Pizza - A 400 x 400x 400 x 40","og_description":"Cutie Pizza - A 400 x 400x 400 x 40, colorata cu un pizzer care tine in mana o pizza. Stoc limitat. Cutie pentru o pizza mare.","og_url":"https:\/\/axtrom.ro\/shop\/produs\/cutie-pizza-a-400-x-400x-400-x-40\/","og_site_name":"Magazin online cu produse de packaging.","article_modified_time":"2025-07-31T08:10:31+00:00","og_image":[{"width":220,"height":71,"url":"https:\/\/axtrom.ro\/shop\/wp-content\/uploads\/2023\/05\/Logo-Axtrom.jpg","type":"image\/jpeg"}],"twitter_card":"summary_large_image","twitter_misc":{"Timp estimat pentru citire":"1 minut"},"schema":{"@context":"https:\/\/schema.org","@graph":[{"@type":"WebPage","@id":"https:\/\/axtrom.ro\/shop\/produs\/cutie-pizza-a-400-x-400x-400-x-40\/","url":"https:\/\/axtrom.ro\/shop\/produs\/cutie-pizza-a-400-x-400x-400-x-40\/","name":"Cutie Pizza - A 400 x 400x 400 x 40","isPartOf":{"@id":"https:\/\/axtrom.ro\/shop\/#website"},"primaryImageOfPage":{"@id":"https:\/\/axtrom.ro\/shop\/produs\/cutie-pizza-a-400-x-400x-400-x-40\/#primaryimage"},"image":{"@id":"https:\/\/axtrom.ro\/shop\/produs\/cutie-pizza-a-400-x-400x-400-x-40\/#primaryimage"},"thumbnailUrl":"https:\/\/rgi.ro\/wp-content\/uploads\/2022\/04\/cutii-pizza-400x400x40.jpg","datePublished":"1969-12-31T22:00:00+00:00","dateModified":"2025-07-31T08:10:31+00:00","description":"Cutie Pizza - A 400 x 400x 400 x 40, colorata cu un pizzer care tine in mana o pizza. Stoc limitat. Cutie pentru o pizza mare.","breadcrumb":{"@id":"https:\/\/axtrom.ro\/shop\/produs\/cutie-pizza-a-400-x-400x-400-x-40\/#breadcrumb"},"inLanguage":"ro-RO","potentialAction":[{"@type":"ReadAction","target":["https:\/\/axtrom.ro\/shop\/produs\/cutie-pizza-a-400-x-400x-400-x-40\/"]}]},{"@type":"ImageObject","inLanguage":"ro-RO","@id":"https:\/\/axtrom.ro\/shop\/produs\/cutie-pizza-a-400-x-400x-400-x-40\/#primaryimage","url":"https:\/\/rgi.ro\/wp-content\/uploads\/2022\/04\/cutii-pizza-400x400x40.jpg","contentUrl":"https:\/\/rgi.ro\/wp-content\/uploads\/2022\/04\/cutii-pizza-400x400x40.jpg"},{"@type":"BreadcrumbList","@id":"https:\/\/axtrom.ro\/shop\/produs\/cutie-pizza-a-400-x-400x-400-x-40\/#breadcrumb","itemListElement":[{"@type":"ListItem","position":1,"name":"Magazin","item":"https:\/\/axtrom.ro\/shop\/magazin\/"},{"@type":"ListItem","position":2,"name":"Cutie Pizza &#8211; A 400 x 400x 400 x 40"}]},{"@type":"WebSite","@id":"https:\/\/axtrom.ro\/shop\/#website","url":"https:\/\/axtrom.ro\/shop\/","name":"Magazin online cu produse de packaging.","description":"Cutii carton, banda adeziva, folie cu bule, folie stretch, polietilena si polietilena expandata.","publisher":{"@id":"https:\/\/axtrom.ro\/shop\/#organization"},"potentialAction":[{"@type":"SearchAction","target":{"@type":"EntryPoint","urlTemplate":"https:\/\/axtrom.ro\/shop\/?s={search_term_string}"},"query-input":{"@type":"PropertyValueSpecification","valueRequired":true,"valueName":"search_term_string"}}],"inLanguage":"ro-RO"},{"@type":"Organization","@id":"https:\/\/axtrom.ro\/shop\/#organization","name":"Axtrom |srl","alternateName":"Complete packaging solutions","url":"https:\/\/axtrom.ro\/shop\/","logo":{"@type":"ImageObject","inLanguage":"ro-RO","@id":"https:\/\/axtrom.ro\/shop\/#\/schema\/logo\/image\/","url":"https:\/\/axtrom.ro\/shop\/wp-content\/uploads\/2023\/05\/Logo-Axtrom.jpg","contentUrl":"https:\/\/axtrom.ro\/shop\/wp-content\/uploads\/2023\/05\/Logo-Axtrom.jpg","width":220,"height":71,"caption":"Axtrom |srl"},"image":{"@id":"https:\/\/axtrom.ro\/shop\/#\/schema\/logo\/image\/"}}]}},"_links":{"self":[{"href":"https:\/\/axtrom.ro\/shop\/wp-json\/wp\/v2\/product\/1116282","targetHints":{"allow":["GET"]}}],"collection":[{"href":"https:\/\/axtrom.ro\/shop\/wp-json\/wp\/v2\/product"}],"about":[{"href":"https:\/\/axtrom.ro\/shop\/wp-json\/wp\/v2\/types\/product"}],"replies":[{"embeddable":true,"href":"https:\/\/axtrom.ro\/shop\/wp-json\/wp\/v2\/comments?post=1116282"}],"wp:featuredmedia":[{"embeddable":true,"href":"https:\/\/axtrom.ro\/shop\/wp-json\/"}],"wp:attachment":[{"href":"https:\/\/axtrom.ro\/shop\/wp-json\/wp\/v2\/media?parent=1116282"}],"wp:term":[{"taxonomy":"product_brand","embeddable":true,"href":"https:\/\/axtrom.ro\/shop\/wp-json\/wp\/v2\/product_brand?post=1116282"},{"taxonomy":"product_cat","embeddable":true,"href":"https:\/\/axtrom.ro\/shop\/wp-json\/wp\/v2\/product_cat?post=1116282"},{"taxonomy":"product_tag","embeddable":true,"href":"https:\/\/axtrom.ro\/shop\/wp-json\/wp\/v2\/product_tag?post=1116282"}],"curies":[{"name":"wp","href":"https:\/\/api.w.org\/{rel}","templated":true}]}}