{"id":111627989,"date":"2025-11-20T14:30:48","date_gmt":"2025-11-20T12:30:48","guid":{"rendered":"https:\/\/axtrom.ro\/shop\/produs\/paletizor-axtrom-pro-touch\/"},"modified":"2026-04-03T09:44:26","modified_gmt":"2026-04-03T07:44:26","slug":"paletizor-axtrom-pro-touch","status":"publish","type":"product","link":"https:\/\/axtrom.ro\/shop\/produs\/paletizor-axtrom-pro-touch\/","title":{"rendered":"Paletizor Axtrom Pro Touch"},"content":{"rendered":"<div class=\"wpb-content-wrapper\"><p>[vc_row][vc_column]\n\t\t<div id=\"wd-691f08a11f3ae\" class=\"title-wrapper wd-wpb wd-set-mb reset-last-child  wd-rs-691f08a11f3ae wd-title-color-default wd-title-style-default text-center  wd-underline-colored\">\n\t\t\t\n\t\t\t<div class=\"liner-continer\">\n\t\t\t\t<h4 class=\"woodmart-title-container title  wd-font-weight- wd-fontsize-xl\" >CARACTERISTICI TEHNICE<\/h4>\n\t\t\t\t\t\t\t<\/div>\n\t\t\t\n\t\t\t\n\t\t\t\n\t\t<\/div>\n\t\t\n\t\t[vc_column_text woodmart_inline=&#8221;no&#8221; text_larger=&#8221;no&#8221;]\u2022 Diametru masa rotativa : 1500 mm<br \/>\n\u2022 Greutatea maxim\u0103 a \u00eenc\u0103rc\u0103turii: 2000 kg<br \/>\n\u2022 Reglarea vitezei de rota\u021bie a pl\u0103cii rotative controlat\u0103 prin invertor, cu pornire soft \u0219i sosire progresiv\u0103 \u00een aceea\u0219i pozi\u021bie de pornire<br \/>\n\u2022 Transmisie masa rotativa prin lant<br \/>\n\u2022 Motorul pl\u0103cii rotative protejat<br \/>\n\u2022 \u00cen\u0103l\u021bimea maxim\u0103 de ambalare: 2200 mm<br \/>\n\u2022 Reglarea tensiunii filmului prin fr\u00e2n\u0103 mecanic<br \/>\n\u2022 Reglarea vitezei transportului filmului, controlat\u0103 prin invertor \u0219i cu parametri separa\u021bi pentru urcare \u0219i cobor\u00e2re<br \/>\n\u2022 Motor de antrenare al caruciorului de pelicul\u0103 integrat \u00een catarg (coloan\u0103)<br \/>\n\u2022 Transmisia carucior de film prin lant<br \/>\n\u2022 Setare separat\u0103 pentru \u00eenveli\u0219urile de \u00eent\u0103rire de jos \u0219i de sus<br \/>\n\u2022 Posibilitatea de a seta un num\u0103r de cicluri de \u00eempachetare \u00eentr-o secven\u021b\u0103 continua<br \/>\n\u2022 Pre-setare a 8 cicluri de lucru diferite, fiecare dintre ele cu toate parametri personaliza\u021bi de c\u0103tre operator<br \/>\n\u2022 Procedura de lucru manual\u0103 sau automat\u0103 pentru fiecare dintre programele prestabilit<br \/>\n\u2022 Panoul de control al operatorului de tip \u201eecran tactil\u201d cu un foarte u\u0219or, simplu \u0219i utilizare intuitiv\u0103, pentru o setare \u0219i reglare rapid\u0103 a tuturor diferitelor parametrii<br \/>\n\u2022 Instalatie de balamale (coloana\/subsol) pentru o asamblare usoara si rapida a unitate<br \/>\n\u2022 Gandit pentru a putea fi pentru a fi ridicat \u0219i mutat cu un stivuitor<br \/>\n\u2022 Alimentare: 1 kW<br \/>\n\u2022 Viteza mesei: min 4 rpm max 13 rpm<br \/>\n\u2022 Viteza coloanei: min 2 mt\/min max 4 mt\/min<br \/>\n\u2022 Tensiune: 230V 50Hz 1Ph + T[\/vc_column_text][vc_column_text woodmart_inline=&#8221;no&#8221; text_larger=&#8221;no&#8221;]<strong>ACCESORII SI OPTIUNI DISPONIBILE LA CERERE*<\/strong><\/p>\n<p>\u2022 Masa rotativa cu un diametru de 1650 mm<br \/>\n\u2022 Catarg extins pentru o \u00een\u0103l\u021bime de \u00eenf\u0103\u0219urare de 2700 mm<br \/>\n\u2022 Carucior de film cu un raport fix de 200% (1mt = 3mt) putere pre\u00eentindere, cu transmisie direct\u0103 prin angrenaj \u0219i reglare separat\u0103 a tensiunii filmului din panoul de control<br \/>\n\u2022 Sistem de c\u00e2nt\u0103rire, complet cu afi\u0219aj vizual \u0219i imprimant\u0103 cu h\u00e2rtie normala \u0219i\/sau h\u00e2rtie adeziv\u0103<\/p>\n<p>[\/vc_column_text][\/vc_column][\/vc_row]<\/p>\n<\/div>","protected":false},"excerpt":{"rendered":"<ul>\n<li>Diametru masa rotativa : 1500 mm<\/li>\n<li>Greutatea maxim\u0103 a \u00eenc\u0103rc\u0103turii: 2000 kg<\/li>\n<li>Transmisie masa rotativa prin lant<\/li>\n<li>\u00cen\u0103l\u021bimea maxim\u0103 de ambalare: 2200 mm<\/li>\n<\/ul>\n<p>Pentru detaliile tehnice completa, vezi descrierea produsului.<\/p>\n","protected":false},"featured_media":1000000111638369,"comment_status":"open","ping_status":"closed","template":"","meta":[],"product_brand":[],"product_cat":[619,618],"product_tag":[],"class_list":{"0":"post-111627989","1":"product","2":"type-product","3":"status-publish","4":"has-post-thumbnail","6":"product_cat-accesorii-paletizare","7":"product_cat-accesorii","8":"product_shipping_class-paletizor-2025","10":"first","11":"instock","12":"taxable","13":"shipping-taxable","14":"product-type-simple"},"tiered_pricing_type":"fixed","tiered_pricing_fixed_rules":[],"tiered_pricing_percentage_rules":[],"tiered_pricing_minimum":1,"_administrator_tiered_pricing_type":"fixed","_administrator_tiered_pricing_fixed_rules":[],"_editor_tiered_pricing_type":"fixed","_editor_tiered_pricing_fixed_rules":[],"_author_tiered_pricing_type":"fixed","_author_tiered_pricing_fixed_rules":[],"_contributor_tiered_pricing_type":"fixed","_contributor_tiered_pricing_fixed_rules":[],"_subscriber_tiered_pricing_type":"fixed","_subscriber_tiered_pricing_fixed_rules":[],"_customer_tiered_pricing_type":"fixed","_customer_tiered_pricing_fixed_rules":[],"_shop_manager_tiered_pricing_type":"fixed","_shop_manager_tiered_pricing_fixed_rules":[],"_vendor_staff_tiered_pricing_type":"fixed","_vendor_staff_tiered_pricing_fixed_rules":[],"_seller_tiered_pricing_type":"fixed","_seller_tiered_pricing_fixed_rules":[],"_translator_tiered_pricing_type":"fixed","_translator_tiered_pricing_fixed_rules":[],"_pending_user_tiered_pricing_type":"fixed","_pending_user_tiered_pricing_fixed_rules":[],"_suspended_tiered_pricing_type":"fixed","_suspended_tiered_pricing_fixed_rules":[],"_gold_tiered_pricing_type":"fixed","_gold_tiered_pricing_fixed_rules":[],"_fue_manager_tiered_pricing_type":"fixed","_fue_manager_tiered_pricing_fixed_rules":[],"_wpseo_manager_tiered_pricing_type":"fixed","_wpseo_manager_tiered_pricing_fixed_rules":[],"_wpseo_editor_tiered_pricing_type":"fixed","_wpseo_editor_tiered_pricing_fixed_rules":[],"yoast_head":"<!-- This site is optimized with the Yoast SEO plugin v26.4 - https:\/\/yoast.com\/wordpress\/plugins\/seo\/ -->\n<title>Paletizor profesional Axtrom Pro Touch<\/title>\n<meta name=\"description\" content=\"Paletizor Axtrom Pro Touch cu masa rotativa de diametru de 1500 mm. Greutatea maxim\u0103 a \u00eenc\u0103rc\u0103turii: 2000 kg\" \/>\n<meta name=\"robots\" content=\"index, follow, max-snippet:-1, max-image-preview:large, max-video-preview:-1\" \/>\n<link rel=\"canonical\" href=\"https:\/\/axtrom.ro\/shop\/produs\/paletizor-axtrom-pro-touch\/\" \/>\n<meta property=\"og:locale\" content=\"ro_RO\" \/>\n<meta property=\"og:type\" content=\"article\" \/>\n<meta property=\"og:title\" content=\"Paletizor profesional Axtrom Pro Touch\" \/>\n<meta property=\"og:description\" content=\"Paletizor Axtrom Pro Touch cu masa rotativa de diametru de 1500 mm. Greutatea maxim\u0103 a \u00eenc\u0103rc\u0103turii: 2000 kg\" \/>\n<meta property=\"og:url\" content=\"https:\/\/axtrom.ro\/shop\/produs\/paletizor-axtrom-pro-touch\/\" \/>\n<meta property=\"og:site_name\" content=\"Magazin online cu produse de packaging.\" \/>\n<meta property=\"article:modified_time\" content=\"2026-04-03T07:44:26+00:00\" \/>\n<meta property=\"og:image\" content=\"https:\/\/axtrom.ro\/shop\/wp-content\/uploads\/2023\/05\/Logo-Axtrom.jpg\" \/>\n\t<meta property=\"og:image:width\" content=\"220\" \/>\n\t<meta property=\"og:image:height\" content=\"71\" \/>\n\t<meta property=\"og:image:type\" content=\"image\/jpeg\" \/>\n<meta name=\"twitter:card\" content=\"summary_large_image\" \/>\n<meta name=\"twitter:label1\" content=\"Timp estimat pentru citire\" \/>\n\t<meta name=\"twitter:data1\" content=\"2 minute\" \/>\n<script type=\"application\/ld+json\" class=\"yoast-schema-graph\">{\"@context\":\"https:\/\/schema.org\",\"@graph\":[{\"@type\":\"WebPage\",\"@id\":\"https:\/\/axtrom.ro\/shop\/produs\/paletizor-axtrom-pro-touch\/\",\"url\":\"https:\/\/axtrom.ro\/shop\/produs\/paletizor-axtrom-pro-touch\/\",\"name\":\"Paletizor profesional Axtrom Pro Touch\",\"isPartOf\":{\"@id\":\"https:\/\/axtrom.ro\/shop\/#website\"},\"primaryImageOfPage\":{\"@id\":\"https:\/\/axtrom.ro\/shop\/produs\/paletizor-axtrom-pro-touch\/#primaryimage\"},\"image\":{\"@id\":\"https:\/\/axtrom.ro\/shop\/produs\/paletizor-axtrom-pro-touch\/#primaryimage\"},\"thumbnailUrl\":\"https:\/\/rgi.ro\/wp-content\/uploads\/2025\/11\/Paletizor-Axtrom-pro-touch.jpg\",\"datePublished\":\"2025-11-20T12:30:48+00:00\",\"dateModified\":\"2026-04-03T07:44:26+00:00\",\"description\":\"Paletizor Axtrom Pro Touch cu masa rotativa de diametru de 1500 mm. Greutatea maxim\u0103 a \u00eenc\u0103rc\u0103turii: 2000 kg\",\"breadcrumb\":{\"@id\":\"https:\/\/axtrom.ro\/shop\/produs\/paletizor-axtrom-pro-touch\/#breadcrumb\"},\"inLanguage\":\"ro-RO\",\"potentialAction\":[{\"@type\":\"ReadAction\",\"target\":[\"https:\/\/axtrom.ro\/shop\/produs\/paletizor-axtrom-pro-touch\/\"]}]},{\"@type\":\"ImageObject\",\"inLanguage\":\"ro-RO\",\"@id\":\"https:\/\/axtrom.ro\/shop\/produs\/paletizor-axtrom-pro-touch\/#primaryimage\",\"url\":\"https:\/\/rgi.ro\/wp-content\/uploads\/2025\/11\/Paletizor-Axtrom-pro-touch.jpg\",\"contentUrl\":\"https:\/\/rgi.ro\/wp-content\/uploads\/2025\/11\/Paletizor-Axtrom-pro-touch.jpg\"},{\"@type\":\"BreadcrumbList\",\"@id\":\"https:\/\/axtrom.ro\/shop\/produs\/paletizor-axtrom-pro-touch\/#breadcrumb\",\"itemListElement\":[{\"@type\":\"ListItem\",\"position\":1,\"name\":\"Magazin\",\"item\":\"https:\/\/axtrom.ro\/shop\/magazin\/\"},{\"@type\":\"ListItem\",\"position\":2,\"name\":\"Paletizor Axtrom Pro Touch\"}]},{\"@type\":\"WebSite\",\"@id\":\"https:\/\/axtrom.ro\/shop\/#website\",\"url\":\"https:\/\/axtrom.ro\/shop\/\",\"name\":\"Magazin online cu produse de packaging.\",\"description\":\"Cutii carton, banda adeziva, folie cu bule, folie stretch, polietilena si polietilena expandata.\",\"publisher\":{\"@id\":\"https:\/\/axtrom.ro\/shop\/#organization\"},\"potentialAction\":[{\"@type\":\"SearchAction\",\"target\":{\"@type\":\"EntryPoint\",\"urlTemplate\":\"https:\/\/axtrom.ro\/shop\/?s={search_term_string}\"},\"query-input\":{\"@type\":\"PropertyValueSpecification\",\"valueRequired\":true,\"valueName\":\"search_term_string\"}}],\"inLanguage\":\"ro-RO\"},{\"@type\":\"Organization\",\"@id\":\"https:\/\/axtrom.ro\/shop\/#organization\",\"name\":\"Axtrom |srl\",\"alternateName\":\"Complete packaging solutions\",\"url\":\"https:\/\/axtrom.ro\/shop\/\",\"logo\":{\"@type\":\"ImageObject\",\"inLanguage\":\"ro-RO\",\"@id\":\"https:\/\/axtrom.ro\/shop\/#\/schema\/logo\/image\/\",\"url\":\"https:\/\/axtrom.ro\/shop\/wp-content\/uploads\/2023\/05\/Logo-Axtrom.jpg\",\"contentUrl\":\"https:\/\/axtrom.ro\/shop\/wp-content\/uploads\/2023\/05\/Logo-Axtrom.jpg\",\"width\":220,\"height\":71,\"caption\":\"Axtrom |srl\"},\"image\":{\"@id\":\"https:\/\/axtrom.ro\/shop\/#\/schema\/logo\/image\/\"}}]}<\/script>\n<!-- \/ Yoast SEO plugin. -->","yoast_head_json":{"title":"Paletizor profesional Axtrom Pro Touch","description":"Paletizor Axtrom Pro Touch cu masa rotativa de diametru de 1500 mm. Greutatea maxim\u0103 a \u00eenc\u0103rc\u0103turii: 2000 kg","robots":{"index":"index","follow":"follow","max-snippet":"max-snippet:-1","max-image-preview":"max-image-preview:large","max-video-preview":"max-video-preview:-1"},"canonical":"https:\/\/axtrom.ro\/shop\/produs\/paletizor-axtrom-pro-touch\/","og_locale":"ro_RO","og_type":"article","og_title":"Paletizor profesional Axtrom Pro Touch","og_description":"Paletizor Axtrom Pro Touch cu masa rotativa de diametru de 1500 mm. Greutatea maxim\u0103 a \u00eenc\u0103rc\u0103turii: 2000 kg","og_url":"https:\/\/axtrom.ro\/shop\/produs\/paletizor-axtrom-pro-touch\/","og_site_name":"Magazin online cu produse de packaging.","article_modified_time":"2026-04-03T07:44:26+00:00","og_image":[{"width":220,"height":71,"url":"https:\/\/axtrom.ro\/shop\/wp-content\/uploads\/2023\/05\/Logo-Axtrom.jpg","type":"image\/jpeg"}],"twitter_card":"summary_large_image","twitter_misc":{"Timp estimat pentru citire":"2 minute"},"schema":{"@context":"https:\/\/schema.org","@graph":[{"@type":"WebPage","@id":"https:\/\/axtrom.ro\/shop\/produs\/paletizor-axtrom-pro-touch\/","url":"https:\/\/axtrom.ro\/shop\/produs\/paletizor-axtrom-pro-touch\/","name":"Paletizor profesional Axtrom Pro Touch","isPartOf":{"@id":"https:\/\/axtrom.ro\/shop\/#website"},"primaryImageOfPage":{"@id":"https:\/\/axtrom.ro\/shop\/produs\/paletizor-axtrom-pro-touch\/#primaryimage"},"image":{"@id":"https:\/\/axtrom.ro\/shop\/produs\/paletizor-axtrom-pro-touch\/#primaryimage"},"thumbnailUrl":"https:\/\/rgi.ro\/wp-content\/uploads\/2025\/11\/Paletizor-Axtrom-pro-touch.jpg","datePublished":"2025-11-20T12:30:48+00:00","dateModified":"2026-04-03T07:44:26+00:00","description":"Paletizor Axtrom Pro Touch cu masa rotativa de diametru de 1500 mm. Greutatea maxim\u0103 a \u00eenc\u0103rc\u0103turii: 2000 kg","breadcrumb":{"@id":"https:\/\/axtrom.ro\/shop\/produs\/paletizor-axtrom-pro-touch\/#breadcrumb"},"inLanguage":"ro-RO","potentialAction":[{"@type":"ReadAction","target":["https:\/\/axtrom.ro\/shop\/produs\/paletizor-axtrom-pro-touch\/"]}]},{"@type":"ImageObject","inLanguage":"ro-RO","@id":"https:\/\/axtrom.ro\/shop\/produs\/paletizor-axtrom-pro-touch\/#primaryimage","url":"https:\/\/rgi.ro\/wp-content\/uploads\/2025\/11\/Paletizor-Axtrom-pro-touch.jpg","contentUrl":"https:\/\/rgi.ro\/wp-content\/uploads\/2025\/11\/Paletizor-Axtrom-pro-touch.jpg"},{"@type":"BreadcrumbList","@id":"https:\/\/axtrom.ro\/shop\/produs\/paletizor-axtrom-pro-touch\/#breadcrumb","itemListElement":[{"@type":"ListItem","position":1,"name":"Magazin","item":"https:\/\/axtrom.ro\/shop\/magazin\/"},{"@type":"ListItem","position":2,"name":"Paletizor Axtrom Pro Touch"}]},{"@type":"WebSite","@id":"https:\/\/axtrom.ro\/shop\/#website","url":"https:\/\/axtrom.ro\/shop\/","name":"Magazin online cu produse de packaging.","description":"Cutii carton, banda adeziva, folie cu bule, folie stretch, polietilena si polietilena expandata.","publisher":{"@id":"https:\/\/axtrom.ro\/shop\/#organization"},"potentialAction":[{"@type":"SearchAction","target":{"@type":"EntryPoint","urlTemplate":"https:\/\/axtrom.ro\/shop\/?s={search_term_string}"},"query-input":{"@type":"PropertyValueSpecification","valueRequired":true,"valueName":"search_term_string"}}],"inLanguage":"ro-RO"},{"@type":"Organization","@id":"https:\/\/axtrom.ro\/shop\/#organization","name":"Axtrom |srl","alternateName":"Complete packaging solutions","url":"https:\/\/axtrom.ro\/shop\/","logo":{"@type":"ImageObject","inLanguage":"ro-RO","@id":"https:\/\/axtrom.ro\/shop\/#\/schema\/logo\/image\/","url":"https:\/\/axtrom.ro\/shop\/wp-content\/uploads\/2023\/05\/Logo-Axtrom.jpg","contentUrl":"https:\/\/axtrom.ro\/shop\/wp-content\/uploads\/2023\/05\/Logo-Axtrom.jpg","width":220,"height":71,"caption":"Axtrom |srl"},"image":{"@id":"https:\/\/axtrom.ro\/shop\/#\/schema\/logo\/image\/"}}]}},"_links":{"self":[{"href":"https:\/\/axtrom.ro\/shop\/wp-json\/wp\/v2\/product\/111627989","targetHints":{"allow":["GET"]}}],"collection":[{"href":"https:\/\/axtrom.ro\/shop\/wp-json\/wp\/v2\/product"}],"about":[{"href":"https:\/\/axtrom.ro\/shop\/wp-json\/wp\/v2\/types\/product"}],"replies":[{"embeddable":true,"href":"https:\/\/axtrom.ro\/shop\/wp-json\/wp\/v2\/comments?post=111627989"}],"wp:featuredmedia":[{"embeddable":true,"href":"https:\/\/axtrom.ro\/shop\/wp-json\/"}],"wp:attachment":[{"href":"https:\/\/axtrom.ro\/shop\/wp-json\/wp\/v2\/media?parent=111627989"}],"wp:term":[{"taxonomy":"product_brand","embeddable":true,"href":"https:\/\/axtrom.ro\/shop\/wp-json\/wp\/v2\/product_brand?post=111627989"},{"taxonomy":"product_cat","embeddable":true,"href":"https:\/\/axtrom.ro\/shop\/wp-json\/wp\/v2\/product_cat?post=111627989"},{"taxonomy":"product_tag","embeddable":true,"href":"https:\/\/axtrom.ro\/shop\/wp-json\/wp\/v2\/product_tag?post=111627989"}],"curies":[{"name":"wp","href":"https:\/\/api.w.org\/{rel}","templated":true}]}}