{"id":111627781,"date":"2025-06-04T12:29:21","date_gmt":"2025-06-04T10:29:21","guid":{"rendered":"https:\/\/axtrom.ro\/shop\/produs\/pungi-polietilena-380x520-mm-10-microni-500-buc-set-5-kg\/"},"modified":"2026-02-18T01:05:37","modified_gmt":"2026-02-17T23:05:37","slug":"pungi-polietilena-380x520-mm-10-microni-500-buc-set-5-kg","status":"publish","type":"product","link":"https:\/\/axtrom.ro\/shop\/produs\/pungi-polietilena-380x520-mm-10-microni-500-buc-set-5-kg\/","title":{"rendered":"Pungi polietilena 380&#215;520 mm 10 microni, 500 buc (set) &#8211; 5 kg"},"content":{"rendered":"<div class=\"wpb-content-wrapper\"><p>[vc_row][vc_column][vc_column_text woodmart_inline=&#8221;no&#8221; text_larger=&#8221;no&#8221;]<\/p>\n<h2>Pungi polietilena 380&#215;520 mm 10 microni, 500 buc (set) &#8211; 5 kg<\/h2>\n<p>Pungile din polietilen\u0103 (PE) sunt confec\u021bionate din polietilen\u0103 de joas\u0103 densitate \u0219i polietilen\u0103 de \u00eenalt\u0103 densitate, ideala pentru ambalajele produselor alimentare.<\/p>\n<p>Utilizabile \u00een domeniul alimentar \u0219i \u00een activit\u0103\u021bile de comer\u021b sau comerciale.<\/p>\n<p>Pentru mai multe infomatii legate de polietilena accesati site-ul partenerului nostru <a href=\"https:\/\/axtrom.ro\/tipuri-de-polietilena\/\" target=\"_blank\" rel=\"noopener\">axtrom.ro<\/a>[\/vc_column_text][\/vc_column][\/vc_row]<\/p>\n<\/div>","protected":false},"excerpt":{"rendered":"<p><strong>Date tehnice:<br \/>\n<\/strong><\/p>\n","protected":false},"featured_media":1000000111636614,"comment_status":"open","ping_status":"closed","template":"","meta":[],"product_brand":[],"product_cat":[190,166,179],"product_tag":[374,372,373,371],"class_list":{"0":"post-111627781","1":"product","2":"type-product","3":"status-publish","4":"has-post-thumbnail","6":"product_cat-oferte-si-promotii-categorie","7":"product_cat-polietilena","8":"product_cat-pungi-din-polietilena","9":"product_tag-punga-alimentara","10":"product_tag-pungi-alimentare","11":"product_tag-pungi-pe","12":"product_tag-pungi-polietilena","13":"product_shipping_class-pungi-polietilena-2025","15":"first","16":"instock","17":"taxable","18":"shipping-taxable","19":"purchasable","20":"product-type-simple"},"tiered_pricing_type":"fixed","tiered_pricing_fixed_rules":[],"tiered_pricing_percentage_rules":[],"tiered_pricing_minimum":1,"_administrator_tiered_pricing_type":"fixed","_administrator_tiered_pricing_fixed_rules":[],"_editor_tiered_pricing_type":"fixed","_editor_tiered_pricing_fixed_rules":[],"_author_tiered_pricing_type":"fixed","_author_tiered_pricing_fixed_rules":[],"_contributor_tiered_pricing_type":"fixed","_contributor_tiered_pricing_fixed_rules":[],"_subscriber_tiered_pricing_type":"fixed","_subscriber_tiered_pricing_fixed_rules":[],"_customer_tiered_pricing_type":"fixed","_customer_tiered_pricing_fixed_rules":[],"_shop_manager_tiered_pricing_type":"fixed","_shop_manager_tiered_pricing_fixed_rules":[],"_vendor_staff_tiered_pricing_type":"fixed","_vendor_staff_tiered_pricing_fixed_rules":[],"_seller_tiered_pricing_type":"fixed","_seller_tiered_pricing_fixed_rules":[],"_translator_tiered_pricing_type":"fixed","_translator_tiered_pricing_fixed_rules":[],"_pending_user_tiered_pricing_type":"fixed","_pending_user_tiered_pricing_fixed_rules":[],"_suspended_tiered_pricing_type":"fixed","_suspended_tiered_pricing_fixed_rules":[],"_gold_tiered_pricing_type":"fixed","_gold_tiered_pricing_fixed_rules":[],"_fue_manager_tiered_pricing_type":"fixed","_fue_manager_tiered_pricing_fixed_rules":[],"_wpseo_manager_tiered_pricing_type":"fixed","_wpseo_manager_tiered_pricing_fixed_rules":[],"_wpseo_editor_tiered_pricing_type":"fixed","_wpseo_editor_tiered_pricing_fixed_rules":[],"yoast_head":"<!-- This site is optimized with the Yoast SEO plugin v26.4 - https:\/\/yoast.com\/wordpress\/plugins\/seo\/ -->\n<title>Pungi polietilena 380x520 mm (Set)<\/title>\n<meta name=\"description\" content=\"Pungi polietilena 380x520 mm, din folie de polietilena cu grosime de 7 microni, comercializate la set de 500 sau ca si rola de 500 de bucati\" \/>\n<meta name=\"robots\" content=\"index, follow, max-snippet:-1, max-image-preview:large, max-video-preview:-1\" \/>\n<link rel=\"canonical\" href=\"https:\/\/axtrom.ro\/shop\/produs\/pungi-polietilena-380x520-mm-10-microni-500-buc-set-5-kg\/\" \/>\n<meta property=\"og:locale\" content=\"ro_RO\" \/>\n<meta property=\"og:type\" content=\"article\" \/>\n<meta property=\"og:title\" content=\"Pungi polietilena 380x520 mm (Set)\" \/>\n<meta property=\"og:description\" content=\"Pungi polietilena 380x520 mm, din folie de polietilena cu grosime de 7 microni, comercializate la set de 500 sau ca si rola de 500 de bucati\" \/>\n<meta property=\"og:url\" content=\"https:\/\/axtrom.ro\/shop\/produs\/pungi-polietilena-380x520-mm-10-microni-500-buc-set-5-kg\/\" \/>\n<meta property=\"og:site_name\" content=\"Magazin online cu produse de packaging.\" \/>\n<meta property=\"article:modified_time\" content=\"2026-02-17T23:05:37+00:00\" \/>\n<meta property=\"og:image\" content=\"https:\/\/axtrom.ro\/shop\/wp-content\/uploads\/2023\/05\/Logo-Axtrom.jpg\" \/>\n\t<meta property=\"og:image:width\" content=\"220\" \/>\n\t<meta property=\"og:image:height\" content=\"71\" \/>\n\t<meta property=\"og:image:type\" content=\"image\/jpeg\" \/>\n<meta name=\"twitter:card\" content=\"summary_large_image\" \/>\n<script type=\"application\/ld+json\" class=\"yoast-schema-graph\">{\"@context\":\"https:\/\/schema.org\",\"@graph\":[{\"@type\":\"WebPage\",\"@id\":\"https:\/\/axtrom.ro\/shop\/produs\/pungi-polietilena-380x520-mm-10-microni-500-buc-set-5-kg\/\",\"url\":\"https:\/\/axtrom.ro\/shop\/produs\/pungi-polietilena-380x520-mm-10-microni-500-buc-set-5-kg\/\",\"name\":\"Pungi polietilena 380x520 mm (Set)\",\"isPartOf\":{\"@id\":\"https:\/\/axtrom.ro\/shop\/#website\"},\"primaryImageOfPage\":{\"@id\":\"https:\/\/axtrom.ro\/shop\/produs\/pungi-polietilena-380x520-mm-10-microni-500-buc-set-5-kg\/#primaryimage\"},\"image\":{\"@id\":\"https:\/\/axtrom.ro\/shop\/produs\/pungi-polietilena-380x520-mm-10-microni-500-buc-set-5-kg\/#primaryimage\"},\"thumbnailUrl\":\"https:\/\/rgi.ro\/wp-content\/uploads\/2025\/06\/pungi-alimentare.jpg\",\"datePublished\":\"2025-06-04T10:29:21+00:00\",\"dateModified\":\"2026-02-17T23:05:37+00:00\",\"description\":\"Pungi polietilena 380x520 mm, din folie de polietilena cu grosime de 7 microni, comercializate la set de 500 sau ca si rola de 500 de bucati\",\"breadcrumb\":{\"@id\":\"https:\/\/axtrom.ro\/shop\/produs\/pungi-polietilena-380x520-mm-10-microni-500-buc-set-5-kg\/#breadcrumb\"},\"inLanguage\":\"ro-RO\",\"potentialAction\":[{\"@type\":\"ReadAction\",\"target\":[\"https:\/\/axtrom.ro\/shop\/produs\/pungi-polietilena-380x520-mm-10-microni-500-buc-set-5-kg\/\"]}]},{\"@type\":\"ImageObject\",\"inLanguage\":\"ro-RO\",\"@id\":\"https:\/\/axtrom.ro\/shop\/produs\/pungi-polietilena-380x520-mm-10-microni-500-buc-set-5-kg\/#primaryimage\",\"url\":\"https:\/\/rgi.ro\/wp-content\/uploads\/2025\/06\/pungi-alimentare.jpg\",\"contentUrl\":\"https:\/\/rgi.ro\/wp-content\/uploads\/2025\/06\/pungi-alimentare.jpg\"},{\"@type\":\"BreadcrumbList\",\"@id\":\"https:\/\/axtrom.ro\/shop\/produs\/pungi-polietilena-380x520-mm-10-microni-500-buc-set-5-kg\/#breadcrumb\",\"itemListElement\":[{\"@type\":\"ListItem\",\"position\":1,\"name\":\"Magazin\",\"item\":\"https:\/\/axtrom.ro\/shop\/magazin\/\"},{\"@type\":\"ListItem\",\"position\":2,\"name\":\"Pungi polietilena 380&#215;520 mm 10 microni, 500 buc (set) &#8211; 5 kg\"}]},{\"@type\":\"WebSite\",\"@id\":\"https:\/\/axtrom.ro\/shop\/#website\",\"url\":\"https:\/\/axtrom.ro\/shop\/\",\"name\":\"Magazin online cu produse de packaging.\",\"description\":\"Cutii carton, banda adeziva, folie cu bule, folie stretch, polietilena si polietilena expandata.\",\"publisher\":{\"@id\":\"https:\/\/axtrom.ro\/shop\/#organization\"},\"potentialAction\":[{\"@type\":\"SearchAction\",\"target\":{\"@type\":\"EntryPoint\",\"urlTemplate\":\"https:\/\/axtrom.ro\/shop\/?s={search_term_string}\"},\"query-input\":{\"@type\":\"PropertyValueSpecification\",\"valueRequired\":true,\"valueName\":\"search_term_string\"}}],\"inLanguage\":\"ro-RO\"},{\"@type\":\"Organization\",\"@id\":\"https:\/\/axtrom.ro\/shop\/#organization\",\"name\":\"Axtrom |srl\",\"alternateName\":\"Complete packaging solutions\",\"url\":\"https:\/\/axtrom.ro\/shop\/\",\"logo\":{\"@type\":\"ImageObject\",\"inLanguage\":\"ro-RO\",\"@id\":\"https:\/\/axtrom.ro\/shop\/#\/schema\/logo\/image\/\",\"url\":\"https:\/\/axtrom.ro\/shop\/wp-content\/uploads\/2023\/05\/Logo-Axtrom.jpg\",\"contentUrl\":\"https:\/\/axtrom.ro\/shop\/wp-content\/uploads\/2023\/05\/Logo-Axtrom.jpg\",\"width\":220,\"height\":71,\"caption\":\"Axtrom |srl\"},\"image\":{\"@id\":\"https:\/\/axtrom.ro\/shop\/#\/schema\/logo\/image\/\"}}]}<\/script>\n<!-- \/ Yoast SEO plugin. -->","yoast_head_json":{"title":"Pungi polietilena 380x520 mm (Set)","description":"Pungi polietilena 380x520 mm, din folie de polietilena cu grosime de 7 microni, comercializate la set de 500 sau ca si rola de 500 de bucati","robots":{"index":"index","follow":"follow","max-snippet":"max-snippet:-1","max-image-preview":"max-image-preview:large","max-video-preview":"max-video-preview:-1"},"canonical":"https:\/\/axtrom.ro\/shop\/produs\/pungi-polietilena-380x520-mm-10-microni-500-buc-set-5-kg\/","og_locale":"ro_RO","og_type":"article","og_title":"Pungi polietilena 380x520 mm (Set)","og_description":"Pungi polietilena 380x520 mm, din folie de polietilena cu grosime de 7 microni, comercializate la set de 500 sau ca si rola de 500 de bucati","og_url":"https:\/\/axtrom.ro\/shop\/produs\/pungi-polietilena-380x520-mm-10-microni-500-buc-set-5-kg\/","og_site_name":"Magazin online cu produse de packaging.","article_modified_time":"2026-02-17T23:05:37+00:00","og_image":[{"width":220,"height":71,"url":"https:\/\/axtrom.ro\/shop\/wp-content\/uploads\/2023\/05\/Logo-Axtrom.jpg","type":"image\/jpeg"}],"twitter_card":"summary_large_image","schema":{"@context":"https:\/\/schema.org","@graph":[{"@type":"WebPage","@id":"https:\/\/axtrom.ro\/shop\/produs\/pungi-polietilena-380x520-mm-10-microni-500-buc-set-5-kg\/","url":"https:\/\/axtrom.ro\/shop\/produs\/pungi-polietilena-380x520-mm-10-microni-500-buc-set-5-kg\/","name":"Pungi polietilena 380x520 mm (Set)","isPartOf":{"@id":"https:\/\/axtrom.ro\/shop\/#website"},"primaryImageOfPage":{"@id":"https:\/\/axtrom.ro\/shop\/produs\/pungi-polietilena-380x520-mm-10-microni-500-buc-set-5-kg\/#primaryimage"},"image":{"@id":"https:\/\/axtrom.ro\/shop\/produs\/pungi-polietilena-380x520-mm-10-microni-500-buc-set-5-kg\/#primaryimage"},"thumbnailUrl":"https:\/\/rgi.ro\/wp-content\/uploads\/2025\/06\/pungi-alimentare.jpg","datePublished":"2025-06-04T10:29:21+00:00","dateModified":"2026-02-17T23:05:37+00:00","description":"Pungi polietilena 380x520 mm, din folie de polietilena cu grosime de 7 microni, comercializate la set de 500 sau ca si rola de 500 de bucati","breadcrumb":{"@id":"https:\/\/axtrom.ro\/shop\/produs\/pungi-polietilena-380x520-mm-10-microni-500-buc-set-5-kg\/#breadcrumb"},"inLanguage":"ro-RO","potentialAction":[{"@type":"ReadAction","target":["https:\/\/axtrom.ro\/shop\/produs\/pungi-polietilena-380x520-mm-10-microni-500-buc-set-5-kg\/"]}]},{"@type":"ImageObject","inLanguage":"ro-RO","@id":"https:\/\/axtrom.ro\/shop\/produs\/pungi-polietilena-380x520-mm-10-microni-500-buc-set-5-kg\/#primaryimage","url":"https:\/\/rgi.ro\/wp-content\/uploads\/2025\/06\/pungi-alimentare.jpg","contentUrl":"https:\/\/rgi.ro\/wp-content\/uploads\/2025\/06\/pungi-alimentare.jpg"},{"@type":"BreadcrumbList","@id":"https:\/\/axtrom.ro\/shop\/produs\/pungi-polietilena-380x520-mm-10-microni-500-buc-set-5-kg\/#breadcrumb","itemListElement":[{"@type":"ListItem","position":1,"name":"Magazin","item":"https:\/\/axtrom.ro\/shop\/magazin\/"},{"@type":"ListItem","position":2,"name":"Pungi polietilena 380&#215;520 mm 10 microni, 500 buc (set) &#8211; 5 kg"}]},{"@type":"WebSite","@id":"https:\/\/axtrom.ro\/shop\/#website","url":"https:\/\/axtrom.ro\/shop\/","name":"Magazin online cu produse de packaging.","description":"Cutii carton, banda adeziva, folie cu bule, folie stretch, polietilena si polietilena expandata.","publisher":{"@id":"https:\/\/axtrom.ro\/shop\/#organization"},"potentialAction":[{"@type":"SearchAction","target":{"@type":"EntryPoint","urlTemplate":"https:\/\/axtrom.ro\/shop\/?s={search_term_string}"},"query-input":{"@type":"PropertyValueSpecification","valueRequired":true,"valueName":"search_term_string"}}],"inLanguage":"ro-RO"},{"@type":"Organization","@id":"https:\/\/axtrom.ro\/shop\/#organization","name":"Axtrom |srl","alternateName":"Complete packaging solutions","url":"https:\/\/axtrom.ro\/shop\/","logo":{"@type":"ImageObject","inLanguage":"ro-RO","@id":"https:\/\/axtrom.ro\/shop\/#\/schema\/logo\/image\/","url":"https:\/\/axtrom.ro\/shop\/wp-content\/uploads\/2023\/05\/Logo-Axtrom.jpg","contentUrl":"https:\/\/axtrom.ro\/shop\/wp-content\/uploads\/2023\/05\/Logo-Axtrom.jpg","width":220,"height":71,"caption":"Axtrom |srl"},"image":{"@id":"https:\/\/axtrom.ro\/shop\/#\/schema\/logo\/image\/"}}]}},"_links":{"self":[{"href":"https:\/\/axtrom.ro\/shop\/wp-json\/wp\/v2\/product\/111627781","targetHints":{"allow":["GET"]}}],"collection":[{"href":"https:\/\/axtrom.ro\/shop\/wp-json\/wp\/v2\/product"}],"about":[{"href":"https:\/\/axtrom.ro\/shop\/wp-json\/wp\/v2\/types\/product"}],"replies":[{"embeddable":true,"href":"https:\/\/axtrom.ro\/shop\/wp-json\/wp\/v2\/comments?post=111627781"}],"wp:featuredmedia":[{"embeddable":true,"href":"https:\/\/axtrom.ro\/shop\/wp-json\/"}],"wp:attachment":[{"href":"https:\/\/axtrom.ro\/shop\/wp-json\/wp\/v2\/media?parent=111627781"}],"wp:term":[{"taxonomy":"product_brand","embeddable":true,"href":"https:\/\/axtrom.ro\/shop\/wp-json\/wp\/v2\/product_brand?post=111627781"},{"taxonomy":"product_cat","embeddable":true,"href":"https:\/\/axtrom.ro\/shop\/wp-json\/wp\/v2\/product_cat?post=111627781"},{"taxonomy":"product_tag","embeddable":true,"href":"https:\/\/axtrom.ro\/shop\/wp-json\/wp\/v2\/product_tag?post=111627781"}],"curies":[{"name":"wp","href":"https:\/\/api.w.org\/{rel}","templated":true}]}}