{"id":111627750,"date":"2025-04-01T14:15:24","date_gmt":"2025-04-01T12:15:24","guid":{"rendered":"https:\/\/axtrom.ro\/shop\/produs\/cutia-cu-autoformare-200x100x100-mm-carton-natur\/"},"modified":"2026-03-21T00:57:48","modified_gmt":"2026-03-20T22:57:48","slug":"cutia-cu-autoformare-200x100x100-mm-carton-natur","status":"publish","type":"product","link":"https:\/\/axtrom.ro\/shop\/produs\/cutia-cu-autoformare-200x100x100-mm-carton-natur\/","title":{"rendered":"Cutie cu autoformare 200x100x100 mm, carton natur"},"content":{"rendered":"<p>Cu dimensiunile de 200x100x100 mm, aceast\u0103 cutie cu autoformare este ideal\u0103 pentru ambalarea \u0219i expedierea produselor de mici dimensiuni, precum accesorii, cosmetice, bijuterii sau componente electronice. Fabricat\u0103 din carton natur rezistent, ofer\u0103 protec\u021bie excelent\u0103 \u00een timpul transportului \u0219i depozit\u0103rii. Se livreaz\u0103 pliat\u0103 pentru economie de spa\u021biu \u0219i se asambleaz\u0103 rapid, f\u0103r\u0103 adezivi sau capse. Designul eco-friendly o face potrivit\u0103 pentru afaceri sustenabile \u0219i prezent\u0103ri estetice.<\/p>\n","protected":false},"excerpt":{"rendered":"<p><strong>Caracteristici<\/strong>:<\/p>\n","protected":false},"featured_media":1000000111636334,"comment_status":"open","ping_status":"closed","template":"","meta":[],"product_brand":[],"product_cat":[170,999],"product_tag":[],"class_list":{"0":"post-111627750","1":"product","2":"type-product","3":"status-publish","4":"has-post-thumbnail","6":"product_cat-cutii-carton","7":"product_cat-cutii-cu-autoformare","8":"product_shipping_class-cutie-200x100x100","10":"first","11":"instock","12":"taxable","13":"shipping-taxable","14":"purchasable","15":"product-type-simple"},"tiered_pricing_type":"fixed","tiered_pricing_fixed_rules":[],"tiered_pricing_percentage_rules":[],"tiered_pricing_minimum":1,"_administrator_tiered_pricing_type":"fixed","_administrator_tiered_pricing_fixed_rules":[],"_editor_tiered_pricing_type":"fixed","_editor_tiered_pricing_fixed_rules":[],"_author_tiered_pricing_type":"fixed","_author_tiered_pricing_fixed_rules":[],"_contributor_tiered_pricing_type":"fixed","_contributor_tiered_pricing_fixed_rules":[],"_subscriber_tiered_pricing_type":"fixed","_subscriber_tiered_pricing_fixed_rules":[],"_customer_tiered_pricing_type":"fixed","_customer_tiered_pricing_fixed_rules":[],"_shop_manager_tiered_pricing_type":"fixed","_shop_manager_tiered_pricing_fixed_rules":[],"_vendor_staff_tiered_pricing_type":"fixed","_vendor_staff_tiered_pricing_fixed_rules":[],"_seller_tiered_pricing_type":"fixed","_seller_tiered_pricing_fixed_rules":[],"_translator_tiered_pricing_type":"fixed","_translator_tiered_pricing_fixed_rules":[],"_pending_user_tiered_pricing_type":"fixed","_pending_user_tiered_pricing_fixed_rules":[],"_suspended_tiered_pricing_type":"fixed","_suspended_tiered_pricing_fixed_rules":[],"_gold_tiered_pricing_type":"fixed","_gold_tiered_pricing_fixed_rules":[],"_fue_manager_tiered_pricing_type":"fixed","_fue_manager_tiered_pricing_fixed_rules":[],"_wpseo_manager_tiered_pricing_type":"fixed","_wpseo_manager_tiered_pricing_fixed_rules":[],"_wpseo_editor_tiered_pricing_type":"fixed","_wpseo_editor_tiered_pricing_fixed_rules":[],"yoast_head":"<!-- This site is optimized with the Yoast SEO plugin v26.4 - https:\/\/yoast.com\/wordpress\/plugins\/seo\/ -->\n<title>Cutie cu autoformare 200x100x100 mm | Cutie ecommerce<\/title>\n<meta name=\"description\" content=\"Cutie de carton cu autoformare 200x100x100 mm, din carton natur, este perfect\u0103 pentru ambalarea produselor din e-commerce.\" \/>\n<meta name=\"robots\" content=\"index, follow, max-snippet:-1, max-image-preview:large, max-video-preview:-1\" \/>\n<link rel=\"canonical\" href=\"https:\/\/axtrom.ro\/shop\/produs\/cutia-cu-autoformare-200x100x100-mm-carton-natur\/\" \/>\n<meta property=\"og:locale\" content=\"ro_RO\" \/>\n<meta property=\"og:type\" content=\"article\" \/>\n<meta property=\"og:title\" content=\"Cutie cu autoformare 200x100x100 mm | Cutie ecommerce\" \/>\n<meta property=\"og:description\" content=\"Cutie de carton cu autoformare 200x100x100 mm, din carton natur, este perfect\u0103 pentru ambalarea produselor din e-commerce.\" \/>\n<meta property=\"og:url\" content=\"https:\/\/axtrom.ro\/shop\/produs\/cutia-cu-autoformare-200x100x100-mm-carton-natur\/\" \/>\n<meta property=\"og:site_name\" content=\"Magazin online cu produse de packaging.\" \/>\n<meta property=\"article:modified_time\" content=\"2026-03-20T22:57:48+00:00\" \/>\n<meta property=\"og:image\" content=\"https:\/\/axtrom.ro\/shop\/wp-content\/uploads\/2023\/05\/Logo-Axtrom.jpg\" \/>\n\t<meta property=\"og:image:width\" content=\"220\" \/>\n\t<meta property=\"og:image:height\" content=\"71\" \/>\n\t<meta property=\"og:image:type\" content=\"image\/jpeg\" \/>\n<meta name=\"twitter:card\" content=\"summary_large_image\" \/>\n<script type=\"application\/ld+json\" class=\"yoast-schema-graph\">{\"@context\":\"https:\/\/schema.org\",\"@graph\":[{\"@type\":\"WebPage\",\"@id\":\"https:\/\/axtrom.ro\/shop\/produs\/cutia-cu-autoformare-200x100x100-mm-carton-natur\/\",\"url\":\"https:\/\/axtrom.ro\/shop\/produs\/cutia-cu-autoformare-200x100x100-mm-carton-natur\/\",\"name\":\"Cutie cu autoformare 200x100x100 mm | Cutie ecommerce\",\"isPartOf\":{\"@id\":\"https:\/\/axtrom.ro\/shop\/#website\"},\"primaryImageOfPage\":{\"@id\":\"https:\/\/axtrom.ro\/shop\/produs\/cutia-cu-autoformare-200x100x100-mm-carton-natur\/#primaryimage\"},\"image\":{\"@id\":\"https:\/\/axtrom.ro\/shop\/produs\/cutia-cu-autoformare-200x100x100-mm-carton-natur\/#primaryimage\"},\"thumbnailUrl\":\"https:\/\/rgi.ro\/wp-content\/uploads\/2025\/04\/cutie-de-carton-200x100x100-Natur-1.jpg\",\"datePublished\":\"2025-04-01T12:15:24+00:00\",\"dateModified\":\"2026-03-20T22:57:48+00:00\",\"description\":\"Cutie de carton cu autoformare 200x100x100 mm, din carton natur, este perfect\u0103 pentru ambalarea produselor din e-commerce.\",\"breadcrumb\":{\"@id\":\"https:\/\/axtrom.ro\/shop\/produs\/cutia-cu-autoformare-200x100x100-mm-carton-natur\/#breadcrumb\"},\"inLanguage\":\"ro-RO\",\"potentialAction\":[{\"@type\":\"ReadAction\",\"target\":[\"https:\/\/axtrom.ro\/shop\/produs\/cutia-cu-autoformare-200x100x100-mm-carton-natur\/\"]}]},{\"@type\":\"ImageObject\",\"inLanguage\":\"ro-RO\",\"@id\":\"https:\/\/axtrom.ro\/shop\/produs\/cutia-cu-autoformare-200x100x100-mm-carton-natur\/#primaryimage\",\"url\":\"https:\/\/rgi.ro\/wp-content\/uploads\/2025\/04\/cutie-de-carton-200x100x100-Natur-1.jpg\",\"contentUrl\":\"https:\/\/rgi.ro\/wp-content\/uploads\/2025\/04\/cutie-de-carton-200x100x100-Natur-1.jpg\"},{\"@type\":\"BreadcrumbList\",\"@id\":\"https:\/\/axtrom.ro\/shop\/produs\/cutia-cu-autoformare-200x100x100-mm-carton-natur\/#breadcrumb\",\"itemListElement\":[{\"@type\":\"ListItem\",\"position\":1,\"name\":\"Magazin\",\"item\":\"https:\/\/axtrom.ro\/shop\/magazin\/\"},{\"@type\":\"ListItem\",\"position\":2,\"name\":\"Cutie cu autoformare 200x100x100 mm, carton natur\"}]},{\"@type\":\"WebSite\",\"@id\":\"https:\/\/axtrom.ro\/shop\/#website\",\"url\":\"https:\/\/axtrom.ro\/shop\/\",\"name\":\"Magazin online cu produse de packaging.\",\"description\":\"Cutii carton, banda adeziva, folie cu bule, folie stretch, polietilena si polietilena expandata.\",\"publisher\":{\"@id\":\"https:\/\/axtrom.ro\/shop\/#organization\"},\"potentialAction\":[{\"@type\":\"SearchAction\",\"target\":{\"@type\":\"EntryPoint\",\"urlTemplate\":\"https:\/\/axtrom.ro\/shop\/?s={search_term_string}\"},\"query-input\":{\"@type\":\"PropertyValueSpecification\",\"valueRequired\":true,\"valueName\":\"search_term_string\"}}],\"inLanguage\":\"ro-RO\"},{\"@type\":\"Organization\",\"@id\":\"https:\/\/axtrom.ro\/shop\/#organization\",\"name\":\"Axtrom |srl\",\"alternateName\":\"Complete packaging solutions\",\"url\":\"https:\/\/axtrom.ro\/shop\/\",\"logo\":{\"@type\":\"ImageObject\",\"inLanguage\":\"ro-RO\",\"@id\":\"https:\/\/axtrom.ro\/shop\/#\/schema\/logo\/image\/\",\"url\":\"https:\/\/axtrom.ro\/shop\/wp-content\/uploads\/2023\/05\/Logo-Axtrom.jpg\",\"contentUrl\":\"https:\/\/axtrom.ro\/shop\/wp-content\/uploads\/2023\/05\/Logo-Axtrom.jpg\",\"width\":220,\"height\":71,\"caption\":\"Axtrom |srl\"},\"image\":{\"@id\":\"https:\/\/axtrom.ro\/shop\/#\/schema\/logo\/image\/\"}}]}<\/script>\n<!-- \/ Yoast SEO plugin. -->","yoast_head_json":{"title":"Cutie cu autoformare 200x100x100 mm | Cutie ecommerce","description":"Cutie de carton cu autoformare 200x100x100 mm, din carton natur, este perfect\u0103 pentru ambalarea produselor din e-commerce.","robots":{"index":"index","follow":"follow","max-snippet":"max-snippet:-1","max-image-preview":"max-image-preview:large","max-video-preview":"max-video-preview:-1"},"canonical":"https:\/\/axtrom.ro\/shop\/produs\/cutia-cu-autoformare-200x100x100-mm-carton-natur\/","og_locale":"ro_RO","og_type":"article","og_title":"Cutie cu autoformare 200x100x100 mm | Cutie ecommerce","og_description":"Cutie de carton cu autoformare 200x100x100 mm, din carton natur, este perfect\u0103 pentru ambalarea produselor din e-commerce.","og_url":"https:\/\/axtrom.ro\/shop\/produs\/cutia-cu-autoformare-200x100x100-mm-carton-natur\/","og_site_name":"Magazin online cu produse de packaging.","article_modified_time":"2026-03-20T22:57:48+00:00","og_image":[{"width":220,"height":71,"url":"https:\/\/axtrom.ro\/shop\/wp-content\/uploads\/2023\/05\/Logo-Axtrom.jpg","type":"image\/jpeg"}],"twitter_card":"summary_large_image","schema":{"@context":"https:\/\/schema.org","@graph":[{"@type":"WebPage","@id":"https:\/\/axtrom.ro\/shop\/produs\/cutia-cu-autoformare-200x100x100-mm-carton-natur\/","url":"https:\/\/axtrom.ro\/shop\/produs\/cutia-cu-autoformare-200x100x100-mm-carton-natur\/","name":"Cutie cu autoformare 200x100x100 mm | Cutie ecommerce","isPartOf":{"@id":"https:\/\/axtrom.ro\/shop\/#website"},"primaryImageOfPage":{"@id":"https:\/\/axtrom.ro\/shop\/produs\/cutia-cu-autoformare-200x100x100-mm-carton-natur\/#primaryimage"},"image":{"@id":"https:\/\/axtrom.ro\/shop\/produs\/cutia-cu-autoformare-200x100x100-mm-carton-natur\/#primaryimage"},"thumbnailUrl":"https:\/\/rgi.ro\/wp-content\/uploads\/2025\/04\/cutie-de-carton-200x100x100-Natur-1.jpg","datePublished":"2025-04-01T12:15:24+00:00","dateModified":"2026-03-20T22:57:48+00:00","description":"Cutie de carton cu autoformare 200x100x100 mm, din carton natur, este perfect\u0103 pentru ambalarea produselor din e-commerce.","breadcrumb":{"@id":"https:\/\/axtrom.ro\/shop\/produs\/cutia-cu-autoformare-200x100x100-mm-carton-natur\/#breadcrumb"},"inLanguage":"ro-RO","potentialAction":[{"@type":"ReadAction","target":["https:\/\/axtrom.ro\/shop\/produs\/cutia-cu-autoformare-200x100x100-mm-carton-natur\/"]}]},{"@type":"ImageObject","inLanguage":"ro-RO","@id":"https:\/\/axtrom.ro\/shop\/produs\/cutia-cu-autoformare-200x100x100-mm-carton-natur\/#primaryimage","url":"https:\/\/rgi.ro\/wp-content\/uploads\/2025\/04\/cutie-de-carton-200x100x100-Natur-1.jpg","contentUrl":"https:\/\/rgi.ro\/wp-content\/uploads\/2025\/04\/cutie-de-carton-200x100x100-Natur-1.jpg"},{"@type":"BreadcrumbList","@id":"https:\/\/axtrom.ro\/shop\/produs\/cutia-cu-autoformare-200x100x100-mm-carton-natur\/#breadcrumb","itemListElement":[{"@type":"ListItem","position":1,"name":"Magazin","item":"https:\/\/axtrom.ro\/shop\/magazin\/"},{"@type":"ListItem","position":2,"name":"Cutie cu autoformare 200x100x100 mm, carton natur"}]},{"@type":"WebSite","@id":"https:\/\/axtrom.ro\/shop\/#website","url":"https:\/\/axtrom.ro\/shop\/","name":"Magazin online cu produse de packaging.","description":"Cutii carton, banda adeziva, folie cu bule, folie stretch, polietilena si polietilena expandata.","publisher":{"@id":"https:\/\/axtrom.ro\/shop\/#organization"},"potentialAction":[{"@type":"SearchAction","target":{"@type":"EntryPoint","urlTemplate":"https:\/\/axtrom.ro\/shop\/?s={search_term_string}"},"query-input":{"@type":"PropertyValueSpecification","valueRequired":true,"valueName":"search_term_string"}}],"inLanguage":"ro-RO"},{"@type":"Organization","@id":"https:\/\/axtrom.ro\/shop\/#organization","name":"Axtrom |srl","alternateName":"Complete packaging solutions","url":"https:\/\/axtrom.ro\/shop\/","logo":{"@type":"ImageObject","inLanguage":"ro-RO","@id":"https:\/\/axtrom.ro\/shop\/#\/schema\/logo\/image\/","url":"https:\/\/axtrom.ro\/shop\/wp-content\/uploads\/2023\/05\/Logo-Axtrom.jpg","contentUrl":"https:\/\/axtrom.ro\/shop\/wp-content\/uploads\/2023\/05\/Logo-Axtrom.jpg","width":220,"height":71,"caption":"Axtrom |srl"},"image":{"@id":"https:\/\/axtrom.ro\/shop\/#\/schema\/logo\/image\/"}}]}},"_links":{"self":[{"href":"https:\/\/axtrom.ro\/shop\/wp-json\/wp\/v2\/product\/111627750","targetHints":{"allow":["GET"]}}],"collection":[{"href":"https:\/\/axtrom.ro\/shop\/wp-json\/wp\/v2\/product"}],"about":[{"href":"https:\/\/axtrom.ro\/shop\/wp-json\/wp\/v2\/types\/product"}],"replies":[{"embeddable":true,"href":"https:\/\/axtrom.ro\/shop\/wp-json\/wp\/v2\/comments?post=111627750"}],"wp:featuredmedia":[{"embeddable":true,"href":"https:\/\/axtrom.ro\/shop\/wp-json\/"}],"wp:attachment":[{"href":"https:\/\/axtrom.ro\/shop\/wp-json\/wp\/v2\/media?parent=111627750"}],"wp:term":[{"taxonomy":"product_brand","embeddable":true,"href":"https:\/\/axtrom.ro\/shop\/wp-json\/wp\/v2\/product_brand?post=111627750"},{"taxonomy":"product_cat","embeddable":true,"href":"https:\/\/axtrom.ro\/shop\/wp-json\/wp\/v2\/product_cat?post=111627750"},{"taxonomy":"product_tag","embeddable":true,"href":"https:\/\/axtrom.ro\/shop\/wp-json\/wp\/v2\/product_tag?post=111627750"}],"curies":[{"name":"wp","href":"https:\/\/api.w.org\/{rel}","templated":true}]}}