{"id":111627611,"date":"2023-06-26T10:29:24","date_gmt":"2023-06-26T08:29:24","guid":{"rendered":"https:\/\/axtrom.ro\/shop\/produs\/punga-cu-bule-esd-420x370-copiaza\/"},"modified":"2026-04-17T14:21:35","modified_gmt":"2026-04-17T12:21:35","slug":"punga-cu-bule-esd-420x370-copiaza","status":"publish","type":"product","link":"https:\/\/axtrom.ro\/shop\/produs\/punga-cu-bule-esd-420x370-copiaza\/","title":{"rendered":"Punga polietilena expandata 110 x 320 mm (PEE)"},"content":{"rendered":"<div class=\"wpb-content-wrapper\"><p>[vc_row][vc_column][vc_column_text woodmart_inline=&#8221;no&#8221; text_larger=&#8221;no&#8221;]<\/p>\n<div class=\"wpb_text_column wpb_content_element \">\n<div class=\"wpb_wrapper\">\n<h2>Punga din polietilena expandata natur 110 x 320 mm<\/h2>\n<p>Punga din polietilena expandata natur se confectioneaza din folia din polietilena expandata natur, prin lipire. Punga PEE natur este recomandata pentru izolarea componentelor electrice si electronice si pentru ambalarea obiectelor de ceramica si sticla datorita supletii si rezistentei sale.<\/p>\n<p>Pungile din PEE natur se pot realiza clasic sau cu pliu, dupa specificatiile clientului, fiind limitate doar de dimensiunile foliilor de PEE din care se confectioneaza.<br \/>\nAirfoam produce si comercializeaza pungi din polietilena expandata natur din folie cu grosime de la 0.8 la 5 mm.<\/p>\n<\/div>\n<\/div>\n<p>[\/vc_column_text][\/vc_column][\/vc_row][vc_row][vc_column][vc_column_text woodmart_inline=&#8221;no&#8221; text_larger=&#8221;no&#8221;]<\/p>\n<div class=\"wpb_column vc_column_container vc_col-sm-12\">\n<div class=\"vc_column-inner\">\n<div class=\"wpb_wrapper\">\n<div class=\"wpb_text_column wpb_content_element vc_custom_1539934695259\">\n<div class=\"wpb_wrapper\">\n<h3><b>Ce este polietilena expandat\u0103?<\/b><\/h3>\n<p>Ei bine, dup\u0103 cum am spus-o deja, acest material se ob\u021bine prin polimerizare. Procesul este \u00eens\u0103 destul de complex \u0219i vom \u00eencerca cu aceast\u0103 ocazie s\u0103 \u00eel rezum\u0103m la etapele sale esen\u021biale.<\/p>\n<p>Pentru a detalia f\u0103r\u0103 a complica acest proces, este necesar s\u0103 amintim faptul c\u0103 polietilena expandat\u0103 este ob\u021binut\u0103 prin extrudarea \u0219i expandarea polietilenei de joas\u0103 densitate \u00een celule cu structur\u0103 spa\u021bial\u0103 \u00eenchis\u0103. \u00centregul proces este realizat \u00een condi\u021bii controlate, rezult\u00e2nd un material u\u0219or \u0219i omogen care include celule de gaz, impermeabil la agen\u021bii lichizi sau gazo\u0219i din mediul \u00eenconjur\u0103tor. Este vorba despre o impermeabilitate care \u00eei confer\u0103 o rezisten\u021b\u0103 deosebit\u0103 \u0219i propriet\u0103\u021bi izolatoare remarcabile, motiv pentru care este \u0219i folosit\u0103 \u00een aceste scopuri.<\/p>\n<\/div>\n<\/div>\n<\/div>\n<\/div>\n<\/div>\n<p>[\/vc_column_text][vc_column_text woodmart_inline=&#8221;no&#8221; text_larger=&#8221;no&#8221;]<\/p>\n<h4>Unde se foloseste folia cu bule<\/h4>\n<p>Folia cu bule se foloseste cu precadere in industria de ambalaje, in transporturi si depozitare. Nu exista ramura de industrie care sa nu ajunga sa foloseasca folie cu bule in una sau mai mult etape ale productiei.<\/p>\n<p>Fie ca se foloseste la ambalarea produselor, pentru transport, sau pentru protectie, folia cu bule este un produs esential pentru afacerea ta.<br \/>\nIn industria electronicelor si a componentelor electrice se foloseste folia cu bule ESD. Aceasta fiind cu protectie electrostatica oferta o protectie atit fizica si ci impotriva campurilor electrostatice.<\/p>\n<p>Comanda cu incredere <a href=\"https:\/\/rgi.ro\/categorie\/folie-cu-bule\/\">folie cu bule<\/a> la preturi competitive.<\/p>\n<p>[\/vc_column_text][\/vc_column][\/vc_row]<\/p>\n<\/div>","protected":false},"excerpt":{"rendered":"[wcj_product_wholesale_price_table]\n<h5 style=\"margin-top: 30px;margin-bottom: 30px\"><strong>Date tehnice:<\/strong><\/h5>\n","protected":false},"featured_media":10000001115606,"comment_status":"open","ping_status":"closed","template":"","meta":[],"product_brand":[],"product_cat":[167,178,861],"product_tag":[329,328,870,871],"class_list":{"0":"post-111627611","1":"product","2":"type-product","3":"status-publish","4":"has-post-thumbnail","6":"product_cat-polietilena-expandata-pee","7":"product_cat-pungi-polietilena-expandata","8":"product_cat-stoc-limitat","9":"product_tag-pee","10":"product_tag-polietilena-expandata","11":"product_tag-punga-pee","12":"product_tag-punga-poliertilena-expandata","14":"first","15":"outofstock","16":"featured","17":"taxable","18":"shipping-taxable","19":"product-type-simple"},"tiered_pricing_type":"fixed","tiered_pricing_fixed_rules":[],"tiered_pricing_percentage_rules":[],"tiered_pricing_minimum":1,"_administrator_tiered_pricing_type":"fixed","_administrator_tiered_pricing_fixed_rules":[],"_editor_tiered_pricing_type":"fixed","_editor_tiered_pricing_fixed_rules":[],"_author_tiered_pricing_type":"fixed","_author_tiered_pricing_fixed_rules":[],"_contributor_tiered_pricing_type":"fixed","_contributor_tiered_pricing_fixed_rules":[],"_subscriber_tiered_pricing_type":"fixed","_subscriber_tiered_pricing_fixed_rules":[],"_customer_tiered_pricing_type":"fixed","_customer_tiered_pricing_fixed_rules":[],"_shop_manager_tiered_pricing_type":"fixed","_shop_manager_tiered_pricing_fixed_rules":[],"_vendor_staff_tiered_pricing_type":"fixed","_vendor_staff_tiered_pricing_fixed_rules":[],"_seller_tiered_pricing_type":"fixed","_seller_tiered_pricing_fixed_rules":[],"_translator_tiered_pricing_type":"fixed","_translator_tiered_pricing_fixed_rules":[],"_pending_user_tiered_pricing_type":"fixed","_pending_user_tiered_pricing_fixed_rules":[],"_suspended_tiered_pricing_type":"fixed","_suspended_tiered_pricing_fixed_rules":[],"_gold_tiered_pricing_type":"fixed","_gold_tiered_pricing_fixed_rules":[],"_fue_manager_tiered_pricing_type":"fixed","_fue_manager_tiered_pricing_fixed_rules":[],"_wpseo_manager_tiered_pricing_type":"fixed","_wpseo_manager_tiered_pricing_fixed_rules":[],"_wpseo_editor_tiered_pricing_type":"fixed","_wpseo_editor_tiered_pricing_fixed_rules":[],"yoast_head":"<!-- This site is optimized with the Yoast SEO plugin v26.4 - https:\/\/yoast.com\/wordpress\/plugins\/seo\/ -->\n<title>Punga polietilena expandata 110 x 320 mm (PEE) | e-sale.ro<\/title>\n<meta name=\"description\" content=\"Punga polietilena expandata 110 x 320 mm (PEE) confectionata prin lipire la cald. Punga din PEE ofera protectie sporita produselor ambalate.\" \/>\n<meta name=\"robots\" content=\"index, follow, max-snippet:-1, max-image-preview:large, max-video-preview:-1\" \/>\n<link rel=\"canonical\" href=\"https:\/\/axtrom.ro\/shop\/produs\/punga-cu-bule-esd-420x370-copiaza\/\" \/>\n<meta property=\"og:locale\" content=\"ro_RO\" \/>\n<meta property=\"og:type\" content=\"article\" \/>\n<meta property=\"og:title\" content=\"Punga polietilena expandata 110 x 320 mm (PEE) | e-sale.ro\" \/>\n<meta property=\"og:description\" content=\"Punga polietilena expandata 110 x 320 mm (PEE) confectionata prin lipire la cald. Punga din PEE ofera protectie sporita produselor ambalate.\" \/>\n<meta property=\"og:url\" content=\"https:\/\/axtrom.ro\/shop\/produs\/punga-cu-bule-esd-420x370-copiaza\/\" \/>\n<meta property=\"og:site_name\" content=\"Magazin online cu produse de packaging.\" \/>\n<meta property=\"article:modified_time\" content=\"2026-04-17T12:21:35+00:00\" \/>\n<meta property=\"og:image\" content=\"https:\/\/axtrom.ro\/shop\/wp-content\/uploads\/2023\/05\/Logo-Axtrom.jpg\" \/>\n\t<meta property=\"og:image:width\" content=\"220\" \/>\n\t<meta property=\"og:image:height\" content=\"71\" \/>\n\t<meta property=\"og:image:type\" content=\"image\/jpeg\" \/>\n<meta name=\"twitter:card\" content=\"summary_large_image\" \/>\n<meta name=\"twitter:label1\" content=\"Timp estimat pentru citire\" \/>\n\t<meta name=\"twitter:data1\" content=\"2 minute\" \/>\n<script type=\"application\/ld+json\" class=\"yoast-schema-graph\">{\"@context\":\"https:\/\/schema.org\",\"@graph\":[{\"@type\":\"WebPage\",\"@id\":\"https:\/\/axtrom.ro\/shop\/produs\/punga-cu-bule-esd-420x370-copiaza\/\",\"url\":\"https:\/\/axtrom.ro\/shop\/produs\/punga-cu-bule-esd-420x370-copiaza\/\",\"name\":\"Punga polietilena expandata 110 x 320 mm (PEE) | e-sale.ro\",\"isPartOf\":{\"@id\":\"https:\/\/axtrom.ro\/shop\/#website\"},\"primaryImageOfPage\":{\"@id\":\"https:\/\/axtrom.ro\/shop\/produs\/punga-cu-bule-esd-420x370-copiaza\/#primaryimage\"},\"image\":{\"@id\":\"https:\/\/axtrom.ro\/shop\/produs\/punga-cu-bule-esd-420x370-copiaza\/#primaryimage\"},\"thumbnailUrl\":\"https:\/\/rgi.ro\/wp-content\/uploads\/2021\/10\/punga-airfoam-pee4.jpg\",\"datePublished\":\"2023-06-26T08:29:24+00:00\",\"dateModified\":\"2026-04-17T12:21:35+00:00\",\"description\":\"Punga polietilena expandata 110 x 320 mm (PEE) confectionata prin lipire la cald. Punga din PEE ofera protectie sporita produselor ambalate.\",\"breadcrumb\":{\"@id\":\"https:\/\/axtrom.ro\/shop\/produs\/punga-cu-bule-esd-420x370-copiaza\/#breadcrumb\"},\"inLanguage\":\"ro-RO\",\"potentialAction\":[{\"@type\":\"ReadAction\",\"target\":[\"https:\/\/axtrom.ro\/shop\/produs\/punga-cu-bule-esd-420x370-copiaza\/\"]}]},{\"@type\":\"ImageObject\",\"inLanguage\":\"ro-RO\",\"@id\":\"https:\/\/axtrom.ro\/shop\/produs\/punga-cu-bule-esd-420x370-copiaza\/#primaryimage\",\"url\":\"https:\/\/rgi.ro\/wp-content\/uploads\/2021\/10\/punga-airfoam-pee4.jpg\",\"contentUrl\":\"https:\/\/rgi.ro\/wp-content\/uploads\/2021\/10\/punga-airfoam-pee4.jpg\"},{\"@type\":\"BreadcrumbList\",\"@id\":\"https:\/\/axtrom.ro\/shop\/produs\/punga-cu-bule-esd-420x370-copiaza\/#breadcrumb\",\"itemListElement\":[{\"@type\":\"ListItem\",\"position\":1,\"name\":\"Magazin\",\"item\":\"https:\/\/axtrom.ro\/shop\/magazin\/\"},{\"@type\":\"ListItem\",\"position\":2,\"name\":\"Punga polietilena expandata 110 x 320 mm (PEE)\"}]},{\"@type\":\"WebSite\",\"@id\":\"https:\/\/axtrom.ro\/shop\/#website\",\"url\":\"https:\/\/axtrom.ro\/shop\/\",\"name\":\"Magazin online cu produse de packaging.\",\"description\":\"Cutii carton, banda adeziva, folie cu bule, folie stretch, polietilena si polietilena expandata.\",\"publisher\":{\"@id\":\"https:\/\/axtrom.ro\/shop\/#organization\"},\"potentialAction\":[{\"@type\":\"SearchAction\",\"target\":{\"@type\":\"EntryPoint\",\"urlTemplate\":\"https:\/\/axtrom.ro\/shop\/?s={search_term_string}\"},\"query-input\":{\"@type\":\"PropertyValueSpecification\",\"valueRequired\":true,\"valueName\":\"search_term_string\"}}],\"inLanguage\":\"ro-RO\"},{\"@type\":\"Organization\",\"@id\":\"https:\/\/axtrom.ro\/shop\/#organization\",\"name\":\"Axtrom |srl\",\"alternateName\":\"Complete packaging solutions\",\"url\":\"https:\/\/axtrom.ro\/shop\/\",\"logo\":{\"@type\":\"ImageObject\",\"inLanguage\":\"ro-RO\",\"@id\":\"https:\/\/axtrom.ro\/shop\/#\/schema\/logo\/image\/\",\"url\":\"https:\/\/axtrom.ro\/shop\/wp-content\/uploads\/2023\/05\/Logo-Axtrom.jpg\",\"contentUrl\":\"https:\/\/axtrom.ro\/shop\/wp-content\/uploads\/2023\/05\/Logo-Axtrom.jpg\",\"width\":220,\"height\":71,\"caption\":\"Axtrom |srl\"},\"image\":{\"@id\":\"https:\/\/axtrom.ro\/shop\/#\/schema\/logo\/image\/\"}}]}<\/script>\n<!-- \/ Yoast SEO plugin. -->","yoast_head_json":{"title":"Punga polietilena expandata 110 x 320 mm (PEE) | e-sale.ro","description":"Punga polietilena expandata 110 x 320 mm (PEE) confectionata prin lipire la cald. Punga din PEE ofera protectie sporita produselor ambalate.","robots":{"index":"index","follow":"follow","max-snippet":"max-snippet:-1","max-image-preview":"max-image-preview:large","max-video-preview":"max-video-preview:-1"},"canonical":"https:\/\/axtrom.ro\/shop\/produs\/punga-cu-bule-esd-420x370-copiaza\/","og_locale":"ro_RO","og_type":"article","og_title":"Punga polietilena expandata 110 x 320 mm (PEE) | e-sale.ro","og_description":"Punga polietilena expandata 110 x 320 mm (PEE) confectionata prin lipire la cald. Punga din PEE ofera protectie sporita produselor ambalate.","og_url":"https:\/\/axtrom.ro\/shop\/produs\/punga-cu-bule-esd-420x370-copiaza\/","og_site_name":"Magazin online cu produse de packaging.","article_modified_time":"2026-04-17T12:21:35+00:00","og_image":[{"width":220,"height":71,"url":"https:\/\/axtrom.ro\/shop\/wp-content\/uploads\/2023\/05\/Logo-Axtrom.jpg","type":"image\/jpeg"}],"twitter_card":"summary_large_image","twitter_misc":{"Timp estimat pentru citire":"2 minute"},"schema":{"@context":"https:\/\/schema.org","@graph":[{"@type":"WebPage","@id":"https:\/\/axtrom.ro\/shop\/produs\/punga-cu-bule-esd-420x370-copiaza\/","url":"https:\/\/axtrom.ro\/shop\/produs\/punga-cu-bule-esd-420x370-copiaza\/","name":"Punga polietilena expandata 110 x 320 mm (PEE) | e-sale.ro","isPartOf":{"@id":"https:\/\/axtrom.ro\/shop\/#website"},"primaryImageOfPage":{"@id":"https:\/\/axtrom.ro\/shop\/produs\/punga-cu-bule-esd-420x370-copiaza\/#primaryimage"},"image":{"@id":"https:\/\/axtrom.ro\/shop\/produs\/punga-cu-bule-esd-420x370-copiaza\/#primaryimage"},"thumbnailUrl":"https:\/\/rgi.ro\/wp-content\/uploads\/2021\/10\/punga-airfoam-pee4.jpg","datePublished":"2023-06-26T08:29:24+00:00","dateModified":"2026-04-17T12:21:35+00:00","description":"Punga polietilena expandata 110 x 320 mm (PEE) confectionata prin lipire la cald. Punga din PEE ofera protectie sporita produselor ambalate.","breadcrumb":{"@id":"https:\/\/axtrom.ro\/shop\/produs\/punga-cu-bule-esd-420x370-copiaza\/#breadcrumb"},"inLanguage":"ro-RO","potentialAction":[{"@type":"ReadAction","target":["https:\/\/axtrom.ro\/shop\/produs\/punga-cu-bule-esd-420x370-copiaza\/"]}]},{"@type":"ImageObject","inLanguage":"ro-RO","@id":"https:\/\/axtrom.ro\/shop\/produs\/punga-cu-bule-esd-420x370-copiaza\/#primaryimage","url":"https:\/\/rgi.ro\/wp-content\/uploads\/2021\/10\/punga-airfoam-pee4.jpg","contentUrl":"https:\/\/rgi.ro\/wp-content\/uploads\/2021\/10\/punga-airfoam-pee4.jpg"},{"@type":"BreadcrumbList","@id":"https:\/\/axtrom.ro\/shop\/produs\/punga-cu-bule-esd-420x370-copiaza\/#breadcrumb","itemListElement":[{"@type":"ListItem","position":1,"name":"Magazin","item":"https:\/\/axtrom.ro\/shop\/magazin\/"},{"@type":"ListItem","position":2,"name":"Punga polietilena expandata 110 x 320 mm (PEE)"}]},{"@type":"WebSite","@id":"https:\/\/axtrom.ro\/shop\/#website","url":"https:\/\/axtrom.ro\/shop\/","name":"Magazin online cu produse de packaging.","description":"Cutii carton, banda adeziva, folie cu bule, folie stretch, polietilena si polietilena expandata.","publisher":{"@id":"https:\/\/axtrom.ro\/shop\/#organization"},"potentialAction":[{"@type":"SearchAction","target":{"@type":"EntryPoint","urlTemplate":"https:\/\/axtrom.ro\/shop\/?s={search_term_string}"},"query-input":{"@type":"PropertyValueSpecification","valueRequired":true,"valueName":"search_term_string"}}],"inLanguage":"ro-RO"},{"@type":"Organization","@id":"https:\/\/axtrom.ro\/shop\/#organization","name":"Axtrom |srl","alternateName":"Complete packaging solutions","url":"https:\/\/axtrom.ro\/shop\/","logo":{"@type":"ImageObject","inLanguage":"ro-RO","@id":"https:\/\/axtrom.ro\/shop\/#\/schema\/logo\/image\/","url":"https:\/\/axtrom.ro\/shop\/wp-content\/uploads\/2023\/05\/Logo-Axtrom.jpg","contentUrl":"https:\/\/axtrom.ro\/shop\/wp-content\/uploads\/2023\/05\/Logo-Axtrom.jpg","width":220,"height":71,"caption":"Axtrom |srl"},"image":{"@id":"https:\/\/axtrom.ro\/shop\/#\/schema\/logo\/image\/"}}]}},"_links":{"self":[{"href":"https:\/\/axtrom.ro\/shop\/wp-json\/wp\/v2\/product\/111627611","targetHints":{"allow":["GET"]}}],"collection":[{"href":"https:\/\/axtrom.ro\/shop\/wp-json\/wp\/v2\/product"}],"about":[{"href":"https:\/\/axtrom.ro\/shop\/wp-json\/wp\/v2\/types\/product"}],"replies":[{"embeddable":true,"href":"https:\/\/axtrom.ro\/shop\/wp-json\/wp\/v2\/comments?post=111627611"}],"wp:featuredmedia":[{"embeddable":true,"href":"https:\/\/axtrom.ro\/shop\/wp-json\/"}],"wp:attachment":[{"href":"https:\/\/axtrom.ro\/shop\/wp-json\/wp\/v2\/media?parent=111627611"}],"wp:term":[{"taxonomy":"product_brand","embeddable":true,"href":"https:\/\/axtrom.ro\/shop\/wp-json\/wp\/v2\/product_brand?post=111627611"},{"taxonomy":"product_cat","embeddable":true,"href":"https:\/\/axtrom.ro\/shop\/wp-json\/wp\/v2\/product_cat?post=111627611"},{"taxonomy":"product_tag","embeddable":true,"href":"https:\/\/axtrom.ro\/shop\/wp-json\/wp\/v2\/product_tag?post=111627611"}],"curies":[{"name":"wp","href":"https:\/\/api.w.org\/{rel}","templated":true}]}}