{"id":111627603,"date":"2023-07-21T12:35:26","date_gmt":"2023-07-21T10:35:26","guid":{"rendered":"https:\/\/axtrom.ro\/shop\/produs\/punga-cu-bule-esd-180x180-30\/"},"modified":"2025-09-29T15:29:23","modified_gmt":"2025-09-29T13:29:23","slug":"punga-cu-bule-esd-180x180-30","status":"publish","type":"product","link":"https:\/\/axtrom.ro\/shop\/produs\/punga-cu-bule-esd-180x180-30\/","title":{"rendered":"Punga cu bule ESD 180&#215;180 + 30"},"content":{"rendered":"<div class=\"wpb-content-wrapper\"><p>[vc_row][vc_column][vc_column_text woodmart_inline=&#8221;no&#8221; text_larger=&#8221;no&#8221;]<\/p>\n<h2>Punga cu bule ESD 180&#215;180 + 30 mm (30 mm overlap)<\/h2>\n<p>Pungile sunt obtinute prin taierea bandourilor sau prin lipire.<\/p>\n<p>Comercializam pungi din folie cu bule cu grosime de la 40 la 80 de gr, cu dimensiunile clientilor ( in limita latimii bandourilor). Pungile pot fi cu sau fara adeziv.<\/p>\n<h2>Despre folia cu bule<\/h2>\n<p>Pungile cu bule natur sunt ideale pentru \u00eempachetarea \u00een condi\u021bii de siguran\u021b\u0103 a produselor de dimensiuni mici sau medii care urmeaz\u0103 sa fie expediate \u00een plicuri. De\u0219i nu beneficiaz\u0103 de propriet\u0103\u021bi antistatice, acestea sunt ideale si pentru protec\u021bia echipamentelor sau modulelor electronice de dimensiuni mici, c\u00e2t\u0103 vreme ele sunt deja ambalate \u00eentr-o alt\u0103 pung\u0103 de protec\u021bie.<\/p>\n<p>Bulele protejeaz\u0103 aceste componente de \u0219ocurile mecanice \u0219i asigur\u0103 depozitarea sau transportul lor \u00een siguran\u021b\u0103.[\/vc_column_text][\/vc_column][\/vc_row][vc_row][vc_column][vc_column_text woodmart_inline=&#8221;no&#8221; text_larger=&#8221;no&#8221;]Cele mai populare folii cu bule comercializate sunt: folie cu bule 40gr\/m2, folie cu bule 50gr\/m2 si 60gr\/m2. Grosimea poate sa ajunga si la 120 gr\/m2, iar latimile incep de la 20 cm la 1.5.<\/p>\n<h2>Despre folia cu bule<\/h2>\n<p>Indiferent de natura produselor comercializate, folia cu bule reprezint\u0103 solu\u021bia perfect\u0103 pentru ambalare \u00een condi\u021bii ideale. \u00cen acest scop, ave\u021bi la dispozi\u021bie rolele tradi\u021bionale de folii cu bule, rolele de folii cu bule mari dar \u0219i rolele sau plicurile de folii cu bule ESD, ideale pentru echipamentele \u0219i componentele electronice, datorit\u0103 calit\u0103\u021bilor lor antistatice. E nevoie de ambalaje de acest gen \u00een cazul produselor din categoria electronice, pentru a le proteja suplimentar, nu doar fa\u021b\u0103 de \u0219ocurile mecanice ci \u0219i de desc\u0103rc\u0103rile de energie electrostatic\u0103 ori de eventualele magnetiz\u0103ri, scurtcircuite etc.<\/p>\n<p>Folia cu bule este esen\u021bial\u0103 \u00eens\u0103 \u0219i \u00een cazul altor tipuri de produse. Aceasta le va proteja de efectele nedorite ale mediului \u00eenconjur\u0103tor, de neaten\u021bia manipulan\u021bilor de la serviciile po\u0219tale (\u00een cazul c\u0103derii pe jos) sau a altor \u0219ocuri mecanice neprev\u0103zute care le pot deteriora, produc\u00e2nd astfel pierderi de natur\u0103 economic\u0103.<\/p>\n<h3>Folia cu bule comercializata<\/h3>\n<p>Va punem la dispozitie folie cu bule cat si produse din folie cu bule. Dintre aceastea enumeram:<\/p>\n<ul>\n<li><a href=\"https:\/\/axtrom.ro\/shop\/categorie\/folie-cu-bule\/bandouri-din-folie-cu-bule\/\">Bandouri din folie cu bule<\/a><\/li>\n<li><a href=\"https:\/\/axtrom.ro\/shop\/categorie\/folie-cu-bule\/plicuri-din-folie-cu-bule\/\">Plicuri din folie cu bule<\/a> ( plicuri folosite la cureirat)<\/li>\n<li><a href=\"https:\/\/axtrom.ro\/shop\/categorie\/folie-cu-bule\/pungi-din-folie-cu-bule\/\">Pungi din folie cu bule<\/a><\/li>\n<li><a href=\"https:\/\/axtrom.ro\/shop\/categorie\/folie-cu-bule\/folie-cu-bule-de-aer\/\">Folie cu bule la rola<\/a>.<\/li>\n<\/ul>\n<p>Folia cu bule poate fi pe culoarea natur, verde (bio), sau poate fi tratata ESD pentru protectie antistatica.<\/p>\n<p>Pentru o mai buna izolare termica se foloseste folia cu bule aluminizata. Aceasta poate fi cu 1 sau 2 straturi de aluminiu.<\/p>\n<p>Foliile cu bule pot fi taiate la anumite dimensiuni rezultand bandouri de diferite dimensiuni. Bandourile din folie cu bule pot fi de latimi de la 20 cm la 100 cm.<\/p>\n<p><strong>Din produsele noastre:<\/strong><\/p>\n<p><a href=\"https:\/\/axtrom.ro\/shop\/produs\/folie-cu-bule-rola-40gr-m2-0-3m-x-100ml-30mp-rola\/\">Folie cu bule Rola 40gr\/m2 0.3m x 100ml<\/a><br \/>\n<a href=\"\/\/axtrom.ro\/shop\/produs\/folie-cu-bule-rola-70gr-m2-0-2m-x-200ml-40mp-rola-3-str\/\">Folie cu bule 70gr\/m2 0.2m x 100ml (20mp\/rola) 3 straturi<\/a><br \/>\n<a href=\"https:\/\/axtrom.ro\/shop\/produs\/folie-cu-bule-rola-esd-70g-m2-0-3m-x-100ml-30mp-rola\/\">Folie cu bule Rola ESD 70g\/m2 0.3m x 100ml (30mp\/rola)<\/a>[\/vc_column_text][vc_column_text woodmart_inline=&#8221;no&#8221; text_larger=&#8221;no&#8221;]<\/p>\n<h4>Unde se foloseste folia cu bule<\/h4>\n<p>Folia cu bule se foloseste cu precadere in industria de ambalaje, in transporturi si depozitare. Nu exista ramura de industrie care sa nu ajunga sa foloseasca folie cu bule in una sau mai mult etape ale productiei.<\/p>\n<p>Fie ca se foloseste la ambalarea produselor, pentru transport, sau pentru protectie, folia cu bule este un produs esential pentru afacerea ta.<br \/>\nIn industria electronicelor si a componentelor electrice se foloseste folia cu bule ESD. Aceasta fiind cu protectie electrostatica oferta o protectie atit fizica si ci impotriva campurilor electrostatice.<\/p>\n<p>Comanda cu incredere <a href=\"https:\/\/rgi.ro\/categorie\/folie-cu-bule\/\">folie cu bule<\/a> la preturi competitive.<\/p>\n<p>[\/vc_column_text][\/vc_column][\/vc_row]<\/p>\n<\/div>","protected":false},"excerpt":{"rendered":"[wcj_product_wholesale_price_table]\n<h5 style=\"margin-top: 30px;margin-bottom: 30px\"><strong>Date tehnice:<\/strong><\/h5>\n","protected":false},"featured_media":1000000111626957,"comment_status":"open","ping_status":"closed","template":"","meta":[],"product_brand":[],"product_cat":[165,183,861],"product_tag":[862,863,864],"class_list":{"0":"post-111627603","1":"product","2":"type-product","3":"status-publish","4":"has-post-thumbnail","6":"product_cat-folie-cu-bule","7":"product_cat-pungi-din-folie-cu-bule","8":"product_cat-stoc-limitat","9":"product_tag-folie-cu-bule","10":"product_tag-plicuri-din-bule","11":"product_tag-punga-cu-bule","13":"first","14":"outofstock","15":"featured","16":"taxable","17":"shipping-taxable","18":"product-type-simple"},"tiered_pricing_type":"fixed","tiered_pricing_fixed_rules":[],"tiered_pricing_percentage_rules":[],"tiered_pricing_minimum":1,"_administrator_tiered_pricing_type":"fixed","_administrator_tiered_pricing_fixed_rules":[],"_editor_tiered_pricing_type":"fixed","_editor_tiered_pricing_fixed_rules":[],"_author_tiered_pricing_type":"fixed","_author_tiered_pricing_fixed_rules":[],"_contributor_tiered_pricing_type":"fixed","_contributor_tiered_pricing_fixed_rules":[],"_subscriber_tiered_pricing_type":"fixed","_subscriber_tiered_pricing_fixed_rules":[],"_customer_tiered_pricing_type":"fixed","_customer_tiered_pricing_fixed_rules":[],"_shop_manager_tiered_pricing_type":"fixed","_shop_manager_tiered_pricing_fixed_rules":[],"_vendor_staff_tiered_pricing_type":"fixed","_vendor_staff_tiered_pricing_fixed_rules":[],"_seller_tiered_pricing_type":"fixed","_seller_tiered_pricing_fixed_rules":[],"_translator_tiered_pricing_type":"fixed","_translator_tiered_pricing_fixed_rules":[],"_pending_user_tiered_pricing_type":"fixed","_pending_user_tiered_pricing_fixed_rules":[],"_suspended_tiered_pricing_type":"fixed","_suspended_tiered_pricing_fixed_rules":[],"_gold_tiered_pricing_type":"fixed","_gold_tiered_pricing_fixed_rules":[],"_fue_manager_tiered_pricing_type":"fixed","_fue_manager_tiered_pricing_fixed_rules":[],"_wpseo_manager_tiered_pricing_type":"fixed","_wpseo_manager_tiered_pricing_fixed_rules":[],"_wpseo_editor_tiered_pricing_type":"fixed","_wpseo_editor_tiered_pricing_fixed_rules":[],"yoast_head":"<!-- This site is optimized with the Yoast SEO plugin v26.4 - https:\/\/yoast.com\/wordpress\/plugins\/seo\/ -->\n<title>Punga cu bule ESD 180x180 +30 mm (30 mm overlap)<\/title>\n<meta name=\"description\" content=\"Punga cu bule ESD 180x180 +30 mm (30 mm overlap) confectionata prin taiere la cald a foliei cu bule natur. Oferta limitata. Produs cu stoc limitat.\" \/>\n<meta name=\"robots\" content=\"index, follow, max-snippet:-1, max-image-preview:large, max-video-preview:-1\" \/>\n<link rel=\"canonical\" href=\"https:\/\/axtrom.ro\/shop\/produs\/punga-cu-bule-esd-180x180-30\/\" \/>\n<meta property=\"og:locale\" content=\"ro_RO\" \/>\n<meta property=\"og:type\" content=\"article\" \/>\n<meta property=\"og:title\" content=\"Punga cu bule ESD 180x180 +30 mm (30 mm overlap)\" \/>\n<meta property=\"og:description\" content=\"Punga cu bule ESD 180x180 +30 mm (30 mm overlap) confectionata prin taiere la cald a foliei cu bule natur. Oferta limitata. Produs cu stoc limitat.\" \/>\n<meta property=\"og:url\" content=\"https:\/\/axtrom.ro\/shop\/produs\/punga-cu-bule-esd-180x180-30\/\" \/>\n<meta property=\"og:site_name\" content=\"Magazin online cu produse de packaging.\" \/>\n<meta property=\"article:modified_time\" content=\"2025-09-29T13:29:23+00:00\" \/>\n<meta property=\"og:image\" content=\"https:\/\/axtrom.ro\/shop\/wp-content\/uploads\/2023\/05\/Logo-Axtrom.jpg\" \/>\n\t<meta property=\"og:image:width\" content=\"220\" \/>\n\t<meta property=\"og:image:height\" content=\"71\" \/>\n\t<meta property=\"og:image:type\" content=\"image\/jpeg\" \/>\n<meta name=\"twitter:card\" content=\"summary_large_image\" \/>\n<meta name=\"twitter:label1\" content=\"Timp estimat pentru citire\" \/>\n\t<meta name=\"twitter:data1\" content=\"3 minute\" \/>\n<script type=\"application\/ld+json\" class=\"yoast-schema-graph\">{\"@context\":\"https:\/\/schema.org\",\"@graph\":[{\"@type\":\"WebPage\",\"@id\":\"https:\/\/axtrom.ro\/shop\/produs\/punga-cu-bule-esd-180x180-30\/\",\"url\":\"https:\/\/axtrom.ro\/shop\/produs\/punga-cu-bule-esd-180x180-30\/\",\"name\":\"Punga cu bule ESD 180x180 +30 mm (30 mm overlap)\",\"isPartOf\":{\"@id\":\"https:\/\/axtrom.ro\/shop\/#website\"},\"primaryImageOfPage\":{\"@id\":\"https:\/\/axtrom.ro\/shop\/produs\/punga-cu-bule-esd-180x180-30\/#primaryimage\"},\"image\":{\"@id\":\"https:\/\/axtrom.ro\/shop\/produs\/punga-cu-bule-esd-180x180-30\/#primaryimage\"},\"thumbnailUrl\":\"https:\/\/rgi.ro\/wp-content\/uploads\/2023\/07\/airbubble-ESD-180x18030-0.jpg\",\"datePublished\":\"2023-07-21T10:35:26+00:00\",\"dateModified\":\"2025-09-29T13:29:23+00:00\",\"description\":\"Punga cu bule ESD 180x180 +30 mm (30 mm overlap) confectionata prin taiere la cald a foliei cu bule natur. Oferta limitata. Produs cu stoc limitat.\",\"breadcrumb\":{\"@id\":\"https:\/\/axtrom.ro\/shop\/produs\/punga-cu-bule-esd-180x180-30\/#breadcrumb\"},\"inLanguage\":\"ro-RO\",\"potentialAction\":[{\"@type\":\"ReadAction\",\"target\":[\"https:\/\/axtrom.ro\/shop\/produs\/punga-cu-bule-esd-180x180-30\/\"]}]},{\"@type\":\"ImageObject\",\"inLanguage\":\"ro-RO\",\"@id\":\"https:\/\/axtrom.ro\/shop\/produs\/punga-cu-bule-esd-180x180-30\/#primaryimage\",\"url\":\"https:\/\/rgi.ro\/wp-content\/uploads\/2023\/07\/airbubble-ESD-180x18030-0.jpg\",\"contentUrl\":\"https:\/\/rgi.ro\/wp-content\/uploads\/2023\/07\/airbubble-ESD-180x18030-0.jpg\"},{\"@type\":\"BreadcrumbList\",\"@id\":\"https:\/\/axtrom.ro\/shop\/produs\/punga-cu-bule-esd-180x180-30\/#breadcrumb\",\"itemListElement\":[{\"@type\":\"ListItem\",\"position\":1,\"name\":\"Magazin\",\"item\":\"https:\/\/axtrom.ro\/shop\/magazin\/\"},{\"@type\":\"ListItem\",\"position\":2,\"name\":\"Punga cu bule ESD 180&#215;180 + 30\"}]},{\"@type\":\"WebSite\",\"@id\":\"https:\/\/axtrom.ro\/shop\/#website\",\"url\":\"https:\/\/axtrom.ro\/shop\/\",\"name\":\"Magazin online cu produse de packaging.\",\"description\":\"Cutii carton, banda adeziva, folie cu bule, folie stretch, polietilena si polietilena expandata.\",\"publisher\":{\"@id\":\"https:\/\/axtrom.ro\/shop\/#organization\"},\"potentialAction\":[{\"@type\":\"SearchAction\",\"target\":{\"@type\":\"EntryPoint\",\"urlTemplate\":\"https:\/\/axtrom.ro\/shop\/?s={search_term_string}\"},\"query-input\":{\"@type\":\"PropertyValueSpecification\",\"valueRequired\":true,\"valueName\":\"search_term_string\"}}],\"inLanguage\":\"ro-RO\"},{\"@type\":\"Organization\",\"@id\":\"https:\/\/axtrom.ro\/shop\/#organization\",\"name\":\"Axtrom |srl\",\"alternateName\":\"Complete packaging solutions\",\"url\":\"https:\/\/axtrom.ro\/shop\/\",\"logo\":{\"@type\":\"ImageObject\",\"inLanguage\":\"ro-RO\",\"@id\":\"https:\/\/axtrom.ro\/shop\/#\/schema\/logo\/image\/\",\"url\":\"https:\/\/axtrom.ro\/shop\/wp-content\/uploads\/2023\/05\/Logo-Axtrom.jpg\",\"contentUrl\":\"https:\/\/axtrom.ro\/shop\/wp-content\/uploads\/2023\/05\/Logo-Axtrom.jpg\",\"width\":220,\"height\":71,\"caption\":\"Axtrom |srl\"},\"image\":{\"@id\":\"https:\/\/axtrom.ro\/shop\/#\/schema\/logo\/image\/\"}}]}<\/script>\n<!-- \/ Yoast SEO plugin. -->","yoast_head_json":{"title":"Punga cu bule ESD 180x180 +30 mm (30 mm overlap)","description":"Punga cu bule ESD 180x180 +30 mm (30 mm overlap) confectionata prin taiere la cald a foliei cu bule natur. Oferta limitata. Produs cu stoc limitat.","robots":{"index":"index","follow":"follow","max-snippet":"max-snippet:-1","max-image-preview":"max-image-preview:large","max-video-preview":"max-video-preview:-1"},"canonical":"https:\/\/axtrom.ro\/shop\/produs\/punga-cu-bule-esd-180x180-30\/","og_locale":"ro_RO","og_type":"article","og_title":"Punga cu bule ESD 180x180 +30 mm (30 mm overlap)","og_description":"Punga cu bule ESD 180x180 +30 mm (30 mm overlap) confectionata prin taiere la cald a foliei cu bule natur. Oferta limitata. Produs cu stoc limitat.","og_url":"https:\/\/axtrom.ro\/shop\/produs\/punga-cu-bule-esd-180x180-30\/","og_site_name":"Magazin online cu produse de packaging.","article_modified_time":"2025-09-29T13:29:23+00:00","og_image":[{"width":220,"height":71,"url":"https:\/\/axtrom.ro\/shop\/wp-content\/uploads\/2023\/05\/Logo-Axtrom.jpg","type":"image\/jpeg"}],"twitter_card":"summary_large_image","twitter_misc":{"Timp estimat pentru citire":"3 minute"},"schema":{"@context":"https:\/\/schema.org","@graph":[{"@type":"WebPage","@id":"https:\/\/axtrom.ro\/shop\/produs\/punga-cu-bule-esd-180x180-30\/","url":"https:\/\/axtrom.ro\/shop\/produs\/punga-cu-bule-esd-180x180-30\/","name":"Punga cu bule ESD 180x180 +30 mm (30 mm overlap)","isPartOf":{"@id":"https:\/\/axtrom.ro\/shop\/#website"},"primaryImageOfPage":{"@id":"https:\/\/axtrom.ro\/shop\/produs\/punga-cu-bule-esd-180x180-30\/#primaryimage"},"image":{"@id":"https:\/\/axtrom.ro\/shop\/produs\/punga-cu-bule-esd-180x180-30\/#primaryimage"},"thumbnailUrl":"https:\/\/rgi.ro\/wp-content\/uploads\/2023\/07\/airbubble-ESD-180x18030-0.jpg","datePublished":"2023-07-21T10:35:26+00:00","dateModified":"2025-09-29T13:29:23+00:00","description":"Punga cu bule ESD 180x180 +30 mm (30 mm overlap) confectionata prin taiere la cald a foliei cu bule natur. Oferta limitata. Produs cu stoc limitat.","breadcrumb":{"@id":"https:\/\/axtrom.ro\/shop\/produs\/punga-cu-bule-esd-180x180-30\/#breadcrumb"},"inLanguage":"ro-RO","potentialAction":[{"@type":"ReadAction","target":["https:\/\/axtrom.ro\/shop\/produs\/punga-cu-bule-esd-180x180-30\/"]}]},{"@type":"ImageObject","inLanguage":"ro-RO","@id":"https:\/\/axtrom.ro\/shop\/produs\/punga-cu-bule-esd-180x180-30\/#primaryimage","url":"https:\/\/rgi.ro\/wp-content\/uploads\/2023\/07\/airbubble-ESD-180x18030-0.jpg","contentUrl":"https:\/\/rgi.ro\/wp-content\/uploads\/2023\/07\/airbubble-ESD-180x18030-0.jpg"},{"@type":"BreadcrumbList","@id":"https:\/\/axtrom.ro\/shop\/produs\/punga-cu-bule-esd-180x180-30\/#breadcrumb","itemListElement":[{"@type":"ListItem","position":1,"name":"Magazin","item":"https:\/\/axtrom.ro\/shop\/magazin\/"},{"@type":"ListItem","position":2,"name":"Punga cu bule ESD 180&#215;180 + 30"}]},{"@type":"WebSite","@id":"https:\/\/axtrom.ro\/shop\/#website","url":"https:\/\/axtrom.ro\/shop\/","name":"Magazin online cu produse de packaging.","description":"Cutii carton, banda adeziva, folie cu bule, folie stretch, polietilena si polietilena expandata.","publisher":{"@id":"https:\/\/axtrom.ro\/shop\/#organization"},"potentialAction":[{"@type":"SearchAction","target":{"@type":"EntryPoint","urlTemplate":"https:\/\/axtrom.ro\/shop\/?s={search_term_string}"},"query-input":{"@type":"PropertyValueSpecification","valueRequired":true,"valueName":"search_term_string"}}],"inLanguage":"ro-RO"},{"@type":"Organization","@id":"https:\/\/axtrom.ro\/shop\/#organization","name":"Axtrom |srl","alternateName":"Complete packaging solutions","url":"https:\/\/axtrom.ro\/shop\/","logo":{"@type":"ImageObject","inLanguage":"ro-RO","@id":"https:\/\/axtrom.ro\/shop\/#\/schema\/logo\/image\/","url":"https:\/\/axtrom.ro\/shop\/wp-content\/uploads\/2023\/05\/Logo-Axtrom.jpg","contentUrl":"https:\/\/axtrom.ro\/shop\/wp-content\/uploads\/2023\/05\/Logo-Axtrom.jpg","width":220,"height":71,"caption":"Axtrom |srl"},"image":{"@id":"https:\/\/axtrom.ro\/shop\/#\/schema\/logo\/image\/"}}]}},"_links":{"self":[{"href":"https:\/\/axtrom.ro\/shop\/wp-json\/wp\/v2\/product\/111627603","targetHints":{"allow":["GET"]}}],"collection":[{"href":"https:\/\/axtrom.ro\/shop\/wp-json\/wp\/v2\/product"}],"about":[{"href":"https:\/\/axtrom.ro\/shop\/wp-json\/wp\/v2\/types\/product"}],"replies":[{"embeddable":true,"href":"https:\/\/axtrom.ro\/shop\/wp-json\/wp\/v2\/comments?post=111627603"}],"wp:featuredmedia":[{"embeddable":true,"href":"https:\/\/axtrom.ro\/shop\/wp-json\/"}],"wp:attachment":[{"href":"https:\/\/axtrom.ro\/shop\/wp-json\/wp\/v2\/media?parent=111627603"}],"wp:term":[{"taxonomy":"product_brand","embeddable":true,"href":"https:\/\/axtrom.ro\/shop\/wp-json\/wp\/v2\/product_brand?post=111627603"},{"taxonomy":"product_cat","embeddable":true,"href":"https:\/\/axtrom.ro\/shop\/wp-json\/wp\/v2\/product_cat?post=111627603"},{"taxonomy":"product_tag","embeddable":true,"href":"https:\/\/axtrom.ro\/shop\/wp-json\/wp\/v2\/product_tag?post=111627603"}],"curies":[{"name":"wp","href":"https:\/\/api.w.org\/{rel}","templated":true}]}}