{"id":111627529,"date":"2024-04-22T12:13:37","date_gmt":"2024-04-22T10:13:37","guid":{"rendered":"https:\/\/axtrom.ro\/shop\/produs\/pungi-zipplock-70x100-100-buc-set\/"},"modified":"2026-04-01T10:35:12","modified_gmt":"2026-04-01T08:35:12","slug":"pungi-ziplock-70x100-100-buc-set","status":"publish","type":"product","link":"https:\/\/axtrom.ro\/shop\/produs\/pungi-ziplock-70x100-100-buc-set\/","title":{"rendered":"Pungi ziplock 70&#215;100 (mm) | 100 buc \/ set"},"content":{"rendered":"<div class=\"wpb-content-wrapper\"><p>[vc_row][vc_column][vc_column_text woodmart_inline=&#8221;no&#8221; text_larger=&#8221;no&#8221;]Pungile din polietilen\u0103 cu zip (sau fermoar) se reg\u0103sesc sub denumirea de pungi ziplock, av\u00e2nd avantajul ca se pot \u00eenchide \u0219i deschide \u00een mod repetat, asigur\u00e2nd \u00een acela\u0219i timp \u0219i etan\u0219itatea pungii. Fiind produse din polietilena LDPE, cu o grosime considerabila, ofera o protectie si rezistenta marita.<\/p>\n<p>[\/vc_column_text][\/vc_column][\/vc_row][vc_row][vc_column]\n\t\t<div id=\"wd-68c02888a9732\" class=\"title-wrapper wd-wpb wd-set-mb reset-last-child  wd-rs-68c02888a9732 wd-title-color-default wd-title-style-default text-center  wd-underline-colored\">\n\t\t\t\n\t\t\t<div class=\"liner-continer\">\n\t\t\t\t<h4 class=\"woodmart-title-container title  wd-font-weight- wd-fontsize-l\" >Pungi ziplock 70x100 (mm), 100 buc \/ set | Pungi cu fermoar 70x100 mm<\/h4>\n\t\t\t\t\t\t\t<\/div>\n\t\t\t\n\t\t\t\n\t\t\t\n\t\t<\/div>\n\t\t\n\t\t[vc_row_inner][vc_column_inner][vc_column_text woodmart_inline=&#8221;no&#8221; text_larger=&#8221;no&#8221;]Descoperi\u021bi confortul \u0219i fiabilitatea pungilor cu fermoar pentru toate nevoile dvs. de depozitare. Aceste pungi versatile ofer\u0103 o etan\u0219are sigur\u0103 pentru a v\u0103 p\u0103stra articolele proaspete \u0219i organizate. De la depozitarea alimentelor p\u00e2n\u0103 la articolele esen\u021biale de c\u0103l\u0103torie, pungile cu fermoar sunt un must-have pentru fiecare gospod\u0103rie.<\/p>\n<h3>G\u0103si\u021bi ast\u0103zi pungile ziplock perfecte pentru nevoile dvs.!<\/h3>\n<p><strong> C\u0103uta\u021bi o solu\u021bie fiabil\u0103 \u0219i versatil\u0103 pentru nevoile dvs. de depozitare \u0219i organizare?<\/strong>\u00a0 Indiferent dac\u0103 \u00eempacheta\u021bi gust\u0103ri pentru o zi \u00een ora\u0219, v\u0103 organiza\u021bi proviziile de artizanat sau depozita\u021bi documente importante, pungile Ziplock sunt alegerea perfect\u0103 pentru a v\u0103 p\u0103stra articolele \u00een siguran\u021b\u0103 \u0219i u\u0219or accesibile. Pungile Ziplock sunt proiectate cu un mecanism de blocare convenabil care ofer\u0103 o etan\u0219are fiabil\u0103, p\u0103str\u00e2nd articolele proaspete \u0219i protejate de umiditate \u0219i aer.<\/p>\n<p>Designul lor transparent v\u0103 permite, de asemenea, s\u0103 identifica\u021bi rapid con\u021binutul f\u0103r\u0103 a fi nevoie s\u0103 deschide\u021bi fiecare geant\u0103, f\u0103c\u00e2ndu-le ideale pentru gospod\u0103riile ocupate \u0219i pentru stilurile de via\u021b\u0103 aflate \u00een mi\u0219care. Aceste pungi versatile vin \u00eentr-o gam\u0103 larg\u0103 de dimensiuni, de la pungi mici pentru gust\u0103ri la pungi mai mari de galoane, satisfac\u00e2nd toate nevoile dvs. de depozitare.<\/p>\n<p>Indiferent dac\u0103 por\u021biona\u021bi gust\u0103ri pentru copii, depozita\u021bi resturile \u00een frigider sau organiza\u021bi obiecte mici \u00een cas\u0103 sau birou, pungile Ziplock ofer\u0103 solu\u021bia perfect\u0103 pentru a v\u0103 p\u0103stra articolele ordonate \u0219i \u00een siguran\u021b\u0103.<\/p>\n<p>Pe l\u00e2ng\u0103 utiliz\u0103rile lor practice, pungile Ziplock sunt \u0219i ecologice, deoarece sunt reutilizabile \u0219i ajut\u0103 la reducerea de\u0219eurilor \u00een compara\u021bie cu pungile de plastic de unic\u0103 folosin\u021b\u0103. Construc\u021bia lor durabil\u0103 v\u0103 asigur\u0103 c\u0103 le pute\u021bi utiliza de mai multe ori, f\u0103c\u00e2ndu-le o alegere durabil\u0103 pentru nevoile dvs. de depozitare.<\/p>\n<p><strong>Descoperi\u021bi confortul \u0219i fiabilitatea pungilor Ziplock pentru toate nevoile dvs. de depozitare \u0219i organizare ast\u0103zi!<\/strong>[\/vc_column_text][vc_column_text woodmart_inline=&#8221;no&#8221; text_larger=&#8221;no&#8221;]<\/p>\n<h3>Dimensiuni pungi ziplock:<\/h3>\n<p>In prezent comercizlizam pungi ziplock cu urmatoarele dimensiuni, dar la cerere putem pune la dispozitia dumneavoastra si alte dimeniuni:<\/p>\n<ul>\n<li>Ziplock 100&#215;150 100 buc\/set<\/li>\n<li>Ziplock 180&#215;250 100 buc\/set<\/li>\n<li>Ziplock 180&#215;250 85 buc\/set<\/li>\n<li>Ziplock 200&#215;300 100 buc\/set<\/li>\n<li>Ziplock 40&#215;60 100 buc\/set<\/li>\n<li>Ziplock 50&#215;70 100 buc\/set<\/li>\n<li>Ziplock 70&#215;100 100 buc\/set<\/li>\n<\/ul>\n<p>[\/vc_column_text][\/vc_column_inner][\/vc_row_inner][vc_row_inner][vc_column_inner][vc_column_text woodmart_inline=&#8221;no&#8221; text_larger=&#8221;no&#8221;]Pe langa pungile ziplock comercializate, comercializam si pungi clasice de 1,2 3 si 5 kg, pungi din folie cu bule sau pungi din polietilena expandata (PEE):<\/p>\n<ul>\n<li><a href=\"\/polietilena\/pungi-din-polietilena\/\">pungi clasice <\/a><\/li>\n<li><a href=\"\/folie-cu-bule\/pungi-din-folie-cu-bule\/\">pungi din folie cu bule<\/a><\/li>\n<li><a href=\"\/polietilena-expandata-pee\/pungi-polietilena-expandata\/\">pungi din PEE<\/a><\/li>\n<\/ul>\n<p>[\/vc_column_text][vc_column_text woodmart_inline=&#8221;no&#8221; text_larger=&#8221;no&#8221;]Alte categorii de produse din industria de impachetare le gasiti si pe magazinele noastre partenere:<\/p>\n<ul>\n<li><a href=\"https:\/\/Inashop.ro\">Inashop.ro<\/a><\/li>\n<li><a href=\"https:\/\/Carton.ro\">Carton.ro<\/a><\/li>\n<li><a href=\"http:\/\/Tape.ro\" target=\"_blank\" rel=\"noopener\">Tape.ro<\/a><\/li>\n<li><a href=\"https:\/\/Stretch.ro\">Stretch.ro<\/a><\/li>\n<li><a href=\"http:\/\/Ambalaje-oradea.ro\" target=\"_blank\" rel=\"noopener\">Ambalaje-oradea.ro<\/a><\/li>\n<\/ul>\n<p>[\/vc_column_text][\/vc_column_inner][\/vc_row_inner][\/vc_column][\/vc_row]<\/p>\n<\/div>","protected":false},"excerpt":{"rendered":"<p><strong>Date tehnice:<\/strong><\/p>\n","protected":false},"featured_media":1000000111627588,"comment_status":"open","ping_status":"closed","template":"","meta":[],"product_brand":[],"product_cat":[791,792],"product_tag":[795,796,797,798,799,800],"class_list":{"0":"post-111627529","1":"product","2":"type-product","3":"status-publish","4":"has-post-thumbnail","6":"product_cat-pungi","7":"product_cat-pungi-ziplock","8":"product_tag-punga-cu-fermoar","9":"product_tag-punga-zip","10":"product_tag-pungi-zipplock","11":"product_tag-zip","12":"product_tag-ziplock","13":"product_tag-zipp-bag","14":"product_shipping_class-zipplock-mici","16":"first","17":"instock","18":"sale","19":"taxable","20":"shipping-taxable","21":"purchasable","22":"product-type-simple"},"tiered_pricing_type":"fixed","tiered_pricing_fixed_rules":[],"tiered_pricing_percentage_rules":[],"tiered_pricing_minimum":1,"_administrator_tiered_pricing_type":"fixed","_administrator_tiered_pricing_fixed_rules":[],"_editor_tiered_pricing_type":"fixed","_editor_tiered_pricing_fixed_rules":[],"_author_tiered_pricing_type":"fixed","_author_tiered_pricing_fixed_rules":[],"_contributor_tiered_pricing_type":"fixed","_contributor_tiered_pricing_fixed_rules":[],"_subscriber_tiered_pricing_type":"fixed","_subscriber_tiered_pricing_fixed_rules":[],"_customer_tiered_pricing_type":"fixed","_customer_tiered_pricing_fixed_rules":[],"_shop_manager_tiered_pricing_type":"fixed","_shop_manager_tiered_pricing_fixed_rules":[],"_vendor_staff_tiered_pricing_type":"fixed","_vendor_staff_tiered_pricing_fixed_rules":[],"_seller_tiered_pricing_type":"fixed","_seller_tiered_pricing_fixed_rules":[],"_translator_tiered_pricing_type":"fixed","_translator_tiered_pricing_fixed_rules":[],"_pending_user_tiered_pricing_type":"fixed","_pending_user_tiered_pricing_fixed_rules":[],"_suspended_tiered_pricing_type":"fixed","_suspended_tiered_pricing_fixed_rules":[],"_gold_tiered_pricing_type":"fixed","_gold_tiered_pricing_fixed_rules":[],"_fue_manager_tiered_pricing_type":"fixed","_fue_manager_tiered_pricing_fixed_rules":[],"_wpseo_manager_tiered_pricing_type":"fixed","_wpseo_manager_tiered_pricing_fixed_rules":[],"_wpseo_editor_tiered_pricing_type":"fixed","_wpseo_editor_tiered_pricing_fixed_rules":[],"yoast_head":"<!-- This site is optimized with the Yoast SEO plugin v26.4 - https:\/\/yoast.com\/wordpress\/plugins\/seo\/ -->\n<title>Pungi ziplock 70x100 (mm) | 100 buc \/ set<\/title>\n<meta name=\"description\" content=\"Pungi ziplock 70x100 (mm) se comercilizeaza la set de 100 de bucati. Pungile ziplock sunt din polietilna LDPE si au avantajul de a putea fi refolosite.\" \/>\n<meta name=\"robots\" content=\"index, follow, max-snippet:-1, max-image-preview:large, max-video-preview:-1\" \/>\n<link rel=\"canonical\" href=\"https:\/\/axtrom.ro\/shop\/produs\/pungi-ziplock-70x100-100-buc-set\/\" \/>\n<meta property=\"og:locale\" content=\"ro_RO\" \/>\n<meta property=\"og:type\" content=\"article\" \/>\n<meta property=\"og:title\" content=\"Pungi ziplock 70x100 (mm) | 100 buc \/ set\" \/>\n<meta property=\"og:description\" content=\"Pungi ziplock 70x100 (mm) se comercilizeaza la set de 100 de bucati. Pungile ziplock sunt din polietilna LDPE si au avantajul de a putea fi refolosite.\" \/>\n<meta property=\"og:url\" content=\"https:\/\/axtrom.ro\/shop\/produs\/pungi-ziplock-70x100-100-buc-set\/\" \/>\n<meta property=\"og:site_name\" content=\"Magazin online cu produse de packaging.\" \/>\n<meta property=\"article:modified_time\" content=\"2026-04-01T08:35:12+00:00\" \/>\n<meta property=\"og:image\" content=\"https:\/\/axtrom.ro\/shop\/wp-content\/uploads\/2023\/05\/Logo-Axtrom.jpg\" \/>\n\t<meta property=\"og:image:width\" content=\"220\" \/>\n\t<meta property=\"og:image:height\" content=\"71\" \/>\n\t<meta property=\"og:image:type\" content=\"image\/jpeg\" \/>\n<meta name=\"twitter:card\" content=\"summary_large_image\" \/>\n<meta name=\"twitter:label1\" content=\"Timp estimat pentru citire\" \/>\n\t<meta name=\"twitter:data1\" content=\"3 minute\" \/>\n<script type=\"application\/ld+json\" class=\"yoast-schema-graph\">{\"@context\":\"https:\/\/schema.org\",\"@graph\":[{\"@type\":\"WebPage\",\"@id\":\"https:\/\/axtrom.ro\/shop\/produs\/pungi-ziplock-70x100-100-buc-set\/\",\"url\":\"https:\/\/axtrom.ro\/shop\/produs\/pungi-ziplock-70x100-100-buc-set\/\",\"name\":\"Pungi ziplock 70x100 (mm) | 100 buc \/ set\",\"isPartOf\":{\"@id\":\"https:\/\/axtrom.ro\/shop\/#website\"},\"primaryImageOfPage\":{\"@id\":\"https:\/\/axtrom.ro\/shop\/produs\/pungi-ziplock-70x100-100-buc-set\/#primaryimage\"},\"image\":{\"@id\":\"https:\/\/axtrom.ro\/shop\/produs\/pungi-ziplock-70x100-100-buc-set\/#primaryimage\"},\"thumbnailUrl\":\"https:\/\/rgi.ro\/wp-content\/uploads\/2024\/04\/pungi-zipplock-700x100-1.jpg\",\"datePublished\":\"2024-04-22T10:13:37+00:00\",\"dateModified\":\"2026-04-01T08:35:12+00:00\",\"description\":\"Pungi ziplock 70x100 (mm) se comercilizeaza la set de 100 de bucati. Pungile ziplock sunt din polietilna LDPE si au avantajul de a putea fi refolosite.\",\"breadcrumb\":{\"@id\":\"https:\/\/axtrom.ro\/shop\/produs\/pungi-ziplock-70x100-100-buc-set\/#breadcrumb\"},\"inLanguage\":\"ro-RO\",\"potentialAction\":[{\"@type\":\"ReadAction\",\"target\":[\"https:\/\/axtrom.ro\/shop\/produs\/pungi-ziplock-70x100-100-buc-set\/\"]}]},{\"@type\":\"ImageObject\",\"inLanguage\":\"ro-RO\",\"@id\":\"https:\/\/axtrom.ro\/shop\/produs\/pungi-ziplock-70x100-100-buc-set\/#primaryimage\",\"url\":\"https:\/\/rgi.ro\/wp-content\/uploads\/2024\/04\/pungi-zipplock-700x100-1.jpg\",\"contentUrl\":\"https:\/\/rgi.ro\/wp-content\/uploads\/2024\/04\/pungi-zipplock-700x100-1.jpg\"},{\"@type\":\"BreadcrumbList\",\"@id\":\"https:\/\/axtrom.ro\/shop\/produs\/pungi-ziplock-70x100-100-buc-set\/#breadcrumb\",\"itemListElement\":[{\"@type\":\"ListItem\",\"position\":1,\"name\":\"Magazin\",\"item\":\"https:\/\/axtrom.ro\/shop\/magazin\/\"},{\"@type\":\"ListItem\",\"position\":2,\"name\":\"Pungi ziplock 70&#215;100 (mm) | 100 buc \/ set\"}]},{\"@type\":\"WebSite\",\"@id\":\"https:\/\/axtrom.ro\/shop\/#website\",\"url\":\"https:\/\/axtrom.ro\/shop\/\",\"name\":\"Magazin online cu produse de packaging.\",\"description\":\"Cutii carton, banda adeziva, folie cu bule, folie stretch, polietilena si polietilena expandata.\",\"publisher\":{\"@id\":\"https:\/\/axtrom.ro\/shop\/#organization\"},\"potentialAction\":[{\"@type\":\"SearchAction\",\"target\":{\"@type\":\"EntryPoint\",\"urlTemplate\":\"https:\/\/axtrom.ro\/shop\/?s={search_term_string}\"},\"query-input\":{\"@type\":\"PropertyValueSpecification\",\"valueRequired\":true,\"valueName\":\"search_term_string\"}}],\"inLanguage\":\"ro-RO\"},{\"@type\":\"Organization\",\"@id\":\"https:\/\/axtrom.ro\/shop\/#organization\",\"name\":\"Axtrom |srl\",\"alternateName\":\"Complete packaging solutions\",\"url\":\"https:\/\/axtrom.ro\/shop\/\",\"logo\":{\"@type\":\"ImageObject\",\"inLanguage\":\"ro-RO\",\"@id\":\"https:\/\/axtrom.ro\/shop\/#\/schema\/logo\/image\/\",\"url\":\"https:\/\/axtrom.ro\/shop\/wp-content\/uploads\/2023\/05\/Logo-Axtrom.jpg\",\"contentUrl\":\"https:\/\/axtrom.ro\/shop\/wp-content\/uploads\/2023\/05\/Logo-Axtrom.jpg\",\"width\":220,\"height\":71,\"caption\":\"Axtrom |srl\"},\"image\":{\"@id\":\"https:\/\/axtrom.ro\/shop\/#\/schema\/logo\/image\/\"}}]}<\/script>\n<!-- \/ Yoast SEO plugin. -->","yoast_head_json":{"title":"Pungi ziplock 70x100 (mm) | 100 buc \/ set","description":"Pungi ziplock 70x100 (mm) se comercilizeaza la set de 100 de bucati. Pungile ziplock sunt din polietilna LDPE si au avantajul de a putea fi refolosite.","robots":{"index":"index","follow":"follow","max-snippet":"max-snippet:-1","max-image-preview":"max-image-preview:large","max-video-preview":"max-video-preview:-1"},"canonical":"https:\/\/axtrom.ro\/shop\/produs\/pungi-ziplock-70x100-100-buc-set\/","og_locale":"ro_RO","og_type":"article","og_title":"Pungi ziplock 70x100 (mm) | 100 buc \/ set","og_description":"Pungi ziplock 70x100 (mm) se comercilizeaza la set de 100 de bucati. Pungile ziplock sunt din polietilna LDPE si au avantajul de a putea fi refolosite.","og_url":"https:\/\/axtrom.ro\/shop\/produs\/pungi-ziplock-70x100-100-buc-set\/","og_site_name":"Magazin online cu produse de packaging.","article_modified_time":"2026-04-01T08:35:12+00:00","og_image":[{"width":220,"height":71,"url":"https:\/\/axtrom.ro\/shop\/wp-content\/uploads\/2023\/05\/Logo-Axtrom.jpg","type":"image\/jpeg"}],"twitter_card":"summary_large_image","twitter_misc":{"Timp estimat pentru citire":"3 minute"},"schema":{"@context":"https:\/\/schema.org","@graph":[{"@type":"WebPage","@id":"https:\/\/axtrom.ro\/shop\/produs\/pungi-ziplock-70x100-100-buc-set\/","url":"https:\/\/axtrom.ro\/shop\/produs\/pungi-ziplock-70x100-100-buc-set\/","name":"Pungi ziplock 70x100 (mm) | 100 buc \/ set","isPartOf":{"@id":"https:\/\/axtrom.ro\/shop\/#website"},"primaryImageOfPage":{"@id":"https:\/\/axtrom.ro\/shop\/produs\/pungi-ziplock-70x100-100-buc-set\/#primaryimage"},"image":{"@id":"https:\/\/axtrom.ro\/shop\/produs\/pungi-ziplock-70x100-100-buc-set\/#primaryimage"},"thumbnailUrl":"https:\/\/rgi.ro\/wp-content\/uploads\/2024\/04\/pungi-zipplock-700x100-1.jpg","datePublished":"2024-04-22T10:13:37+00:00","dateModified":"2026-04-01T08:35:12+00:00","description":"Pungi ziplock 70x100 (mm) se comercilizeaza la set de 100 de bucati. Pungile ziplock sunt din polietilna LDPE si au avantajul de a putea fi refolosite.","breadcrumb":{"@id":"https:\/\/axtrom.ro\/shop\/produs\/pungi-ziplock-70x100-100-buc-set\/#breadcrumb"},"inLanguage":"ro-RO","potentialAction":[{"@type":"ReadAction","target":["https:\/\/axtrom.ro\/shop\/produs\/pungi-ziplock-70x100-100-buc-set\/"]}]},{"@type":"ImageObject","inLanguage":"ro-RO","@id":"https:\/\/axtrom.ro\/shop\/produs\/pungi-ziplock-70x100-100-buc-set\/#primaryimage","url":"https:\/\/rgi.ro\/wp-content\/uploads\/2024\/04\/pungi-zipplock-700x100-1.jpg","contentUrl":"https:\/\/rgi.ro\/wp-content\/uploads\/2024\/04\/pungi-zipplock-700x100-1.jpg"},{"@type":"BreadcrumbList","@id":"https:\/\/axtrom.ro\/shop\/produs\/pungi-ziplock-70x100-100-buc-set\/#breadcrumb","itemListElement":[{"@type":"ListItem","position":1,"name":"Magazin","item":"https:\/\/axtrom.ro\/shop\/magazin\/"},{"@type":"ListItem","position":2,"name":"Pungi ziplock 70&#215;100 (mm) | 100 buc \/ set"}]},{"@type":"WebSite","@id":"https:\/\/axtrom.ro\/shop\/#website","url":"https:\/\/axtrom.ro\/shop\/","name":"Magazin online cu produse de packaging.","description":"Cutii carton, banda adeziva, folie cu bule, folie stretch, polietilena si polietilena expandata.","publisher":{"@id":"https:\/\/axtrom.ro\/shop\/#organization"},"potentialAction":[{"@type":"SearchAction","target":{"@type":"EntryPoint","urlTemplate":"https:\/\/axtrom.ro\/shop\/?s={search_term_string}"},"query-input":{"@type":"PropertyValueSpecification","valueRequired":true,"valueName":"search_term_string"}}],"inLanguage":"ro-RO"},{"@type":"Organization","@id":"https:\/\/axtrom.ro\/shop\/#organization","name":"Axtrom |srl","alternateName":"Complete packaging solutions","url":"https:\/\/axtrom.ro\/shop\/","logo":{"@type":"ImageObject","inLanguage":"ro-RO","@id":"https:\/\/axtrom.ro\/shop\/#\/schema\/logo\/image\/","url":"https:\/\/axtrom.ro\/shop\/wp-content\/uploads\/2023\/05\/Logo-Axtrom.jpg","contentUrl":"https:\/\/axtrom.ro\/shop\/wp-content\/uploads\/2023\/05\/Logo-Axtrom.jpg","width":220,"height":71,"caption":"Axtrom |srl"},"image":{"@id":"https:\/\/axtrom.ro\/shop\/#\/schema\/logo\/image\/"}}]}},"_links":{"self":[{"href":"https:\/\/axtrom.ro\/shop\/wp-json\/wp\/v2\/product\/111627529","targetHints":{"allow":["GET"]}}],"collection":[{"href":"https:\/\/axtrom.ro\/shop\/wp-json\/wp\/v2\/product"}],"about":[{"href":"https:\/\/axtrom.ro\/shop\/wp-json\/wp\/v2\/types\/product"}],"replies":[{"embeddable":true,"href":"https:\/\/axtrom.ro\/shop\/wp-json\/wp\/v2\/comments?post=111627529"}],"wp:featuredmedia":[{"embeddable":true,"href":"https:\/\/axtrom.ro\/shop\/wp-json\/"}],"wp:attachment":[{"href":"https:\/\/axtrom.ro\/shop\/wp-json\/wp\/v2\/media?parent=111627529"}],"wp:term":[{"taxonomy":"product_brand","embeddable":true,"href":"https:\/\/axtrom.ro\/shop\/wp-json\/wp\/v2\/product_brand?post=111627529"},{"taxonomy":"product_cat","embeddable":true,"href":"https:\/\/axtrom.ro\/shop\/wp-json\/wp\/v2\/product_cat?post=111627529"},{"taxonomy":"product_tag","embeddable":true,"href":"https:\/\/axtrom.ro\/shop\/wp-json\/wp\/v2\/product_tag?post=111627529"}],"curies":[{"name":"wp","href":"https:\/\/api.w.org\/{rel}","templated":true}]}}