{"id":111626535,"date":"2022-06-27T13:32:10","date_gmt":"2022-06-27T11:32:10","guid":{"rendered":"https:\/\/axtrom.ro\/shop\/?post_type=product&#038;p=111626535"},"modified":"2026-04-15T19:52:20","modified_gmt":"2026-04-15T17:52:20","slug":"carton-ondulat-rola","status":"publish","type":"product","link":"https:\/\/axtrom.ro\/shop\/produs\/carton-ondulat-rola\/","title":{"rendered":"Rola Carton ondulat, 1.05 latime, aproximativ 25 kg."},"content":{"rendered":"<div class=\"wpb-content-wrapper\"><p>[vc_row][vc_column][vc_column_text woodmart_inline=&#8221;no&#8221; text_larger=&#8221;no&#8221;]<\/p>\n<h2>Carton ondulat rola, 1.05 m<\/h2>\n<p>Cartonul ondulat se comercializeaza la rola, inalta de 1.05 m. O rola are aproximativ\u00a0 25 de kg de <a href=\"https:\/\/axtrom.ro\/shop\/carton-ondulat\/\" data-internallinksmanager029f6b8e52c=\"23\" title=\"carton ondulat\">carton ondulat<\/a>.<\/p>\n<p>Rola de carton este alc\u0103tuita din dou\u0103 straturi de h\u00e2rtie: unul superior de tip testliner sau kraftliner, denumit capac, alb sau natur \u0219i celalalt strat inferior de tip fluting, denumit strat ondul\u0103. Cele dou\u0103 straturi sunt unite prin lipirea v\u00e2rfurilor ondulelor de stratul denumit capac.[\/vc_column_text][\/vc_column][\/vc_row]<\/p>\n<\/div>","protected":false},"excerpt":{"rendered":"<ul>\n<li><strong>Greutate<\/strong>:\u00a0 ~25 kg<\/li>\n<li><strong>Lungime<\/strong>: 95 metri liniari \/ rola<\/li>\n<li><strong>Grosime<\/strong>: 250 gr\/m2<\/li>\n<\/ul>\n","protected":false},"featured_media":1000000111627373,"comment_status":"open","ping_status":"closed","template":"","meta":[],"product_brand":[],"product_cat":[540],"product_tag":[541,543],"class_list":{"0":"post-111626535","1":"product","2":"type-product","3":"status-publish","4":"has-post-thumbnail","6":"product_cat-carton-ondulat","7":"product_tag-carton-ondulat","8":"product_tag-rola-carton-ondulat","9":"product_shipping_class-rola-de-carton","11":"first","12":"instock","13":"taxable","14":"shipping-taxable","15":"purchasable","16":"product-type-simple"},"tiered_pricing_type":"fixed","tiered_pricing_fixed_rules":[],"tiered_pricing_percentage_rules":[],"tiered_pricing_minimum":1,"_administrator_tiered_pricing_type":"fixed","_administrator_tiered_pricing_fixed_rules":[],"_editor_tiered_pricing_type":"fixed","_editor_tiered_pricing_fixed_rules":[],"_author_tiered_pricing_type":"fixed","_author_tiered_pricing_fixed_rules":[],"_contributor_tiered_pricing_type":"fixed","_contributor_tiered_pricing_fixed_rules":[],"_subscriber_tiered_pricing_type":"fixed","_subscriber_tiered_pricing_fixed_rules":[],"_customer_tiered_pricing_type":"fixed","_customer_tiered_pricing_fixed_rules":[],"_shop_manager_tiered_pricing_type":"fixed","_shop_manager_tiered_pricing_fixed_rules":[],"_vendor_staff_tiered_pricing_type":"fixed","_vendor_staff_tiered_pricing_fixed_rules":[],"_seller_tiered_pricing_type":"fixed","_seller_tiered_pricing_fixed_rules":[],"_translator_tiered_pricing_type":"fixed","_translator_tiered_pricing_fixed_rules":[],"_pending_user_tiered_pricing_type":"fixed","_pending_user_tiered_pricing_fixed_rules":[],"_suspended_tiered_pricing_type":"fixed","_suspended_tiered_pricing_fixed_rules":[],"_gold_tiered_pricing_type":"fixed","_gold_tiered_pricing_fixed_rules":[],"_fue_manager_tiered_pricing_type":"fixed","_fue_manager_tiered_pricing_fixed_rules":[],"_wpseo_manager_tiered_pricing_type":"fixed","_wpseo_manager_tiered_pricing_fixed_rules":[],"_wpseo_editor_tiered_pricing_type":"fixed","_wpseo_editor_tiered_pricing_fixed_rules":[],"yoast_head":"<!-- This site is optimized with the Yoast SEO plugin v26.4 - https:\/\/yoast.com\/wordpress\/plugins\/seo\/ -->\n<title>Rola de carton ondulat, latime de 105 cm si aproximativ 25 kg<\/title>\n<meta name=\"description\" content=\"Rola de carton este alc\u0103tuita din dou\u0103 straturi de h\u00e2rtie: unul superior de tip testliner sau kraftliner, denumit capac, alb sau natur \u0219i celalalt strat inferior de tip fluting, denumit strat ondul\u0103. Cele dou\u0103 straturi sunt unite prin lipirea v\u00e2rfurilor ondulelor de stratul denumit capac.\" \/>\n<meta name=\"robots\" content=\"index, follow, max-snippet:-1, max-image-preview:large, max-video-preview:-1\" \/>\n<link rel=\"canonical\" href=\"https:\/\/axtrom.ro\/shop\/produs\/carton-ondulat-rola\/\" \/>\n<meta property=\"og:locale\" content=\"ro_RO\" \/>\n<meta property=\"og:type\" content=\"article\" \/>\n<meta property=\"og:title\" content=\"Rola de carton ondulat, latime de 105 cm si aproximativ 25 kg\" \/>\n<meta property=\"og:description\" content=\"Rola de carton este alc\u0103tuita din dou\u0103 straturi de h\u00e2rtie: unul superior de tip testliner sau kraftliner, denumit capac, alb sau natur \u0219i celalalt strat inferior de tip fluting, denumit strat ondul\u0103. Cele dou\u0103 straturi sunt unite prin lipirea v\u00e2rfurilor ondulelor de stratul denumit capac.\" \/>\n<meta property=\"og:url\" content=\"https:\/\/axtrom.ro\/shop\/produs\/carton-ondulat-rola\/\" \/>\n<meta property=\"og:site_name\" content=\"Magazin online cu produse de packaging.\" \/>\n<meta property=\"article:modified_time\" content=\"2026-04-15T17:52:20+00:00\" \/>\n<meta property=\"og:image\" content=\"https:\/\/axtrom.ro\/shop\/wp-content\/uploads\/2023\/05\/Logo-Axtrom.jpg\" \/>\n\t<meta property=\"og:image:width\" content=\"220\" \/>\n\t<meta property=\"og:image:height\" content=\"71\" \/>\n\t<meta property=\"og:image:type\" content=\"image\/jpeg\" \/>\n<meta name=\"twitter:card\" content=\"summary_large_image\" \/>\n<meta name=\"twitter:label1\" content=\"Timp estimat pentru citire\" \/>\n\t<meta name=\"twitter:data1\" content=\"1 minut\" \/>\n<script type=\"application\/ld+json\" class=\"yoast-schema-graph\">{\"@context\":\"https:\/\/schema.org\",\"@graph\":[{\"@type\":\"WebPage\",\"@id\":\"https:\/\/axtrom.ro\/shop\/produs\/carton-ondulat-rola\/\",\"url\":\"https:\/\/axtrom.ro\/shop\/produs\/carton-ondulat-rola\/\",\"name\":\"Rola de carton ondulat, latime de 105 cm si aproximativ 25 kg\",\"isPartOf\":{\"@id\":\"https:\/\/axtrom.ro\/shop\/#website\"},\"primaryImageOfPage\":{\"@id\":\"https:\/\/axtrom.ro\/shop\/produs\/carton-ondulat-rola\/#primaryimage\"},\"image\":{\"@id\":\"https:\/\/axtrom.ro\/shop\/produs\/carton-ondulat-rola\/#primaryimage\"},\"thumbnailUrl\":\"https:\/\/rgi.ro\/wp-content\/uploads\/2022\/06\/carton-ondulat-la-rola.jpg\",\"datePublished\":\"2022-06-27T11:32:10+00:00\",\"dateModified\":\"2026-04-15T17:52:20+00:00\",\"description\":\"Rola de carton este alc\u0103tuita din dou\u0103 straturi de h\u00e2rtie: unul superior de tip testliner sau kraftliner, denumit capac, alb sau natur \u0219i celalalt strat inferior de tip fluting, denumit strat ondul\u0103. Cele dou\u0103 straturi sunt unite prin lipirea v\u00e2rfurilor ondulelor de stratul denumit capac.\",\"breadcrumb\":{\"@id\":\"https:\/\/axtrom.ro\/shop\/produs\/carton-ondulat-rola\/#breadcrumb\"},\"inLanguage\":\"ro-RO\",\"potentialAction\":[{\"@type\":\"ReadAction\",\"target\":[\"https:\/\/axtrom.ro\/shop\/produs\/carton-ondulat-rola\/\"]}]},{\"@type\":\"ImageObject\",\"inLanguage\":\"ro-RO\",\"@id\":\"https:\/\/axtrom.ro\/shop\/produs\/carton-ondulat-rola\/#primaryimage\",\"url\":\"https:\/\/rgi.ro\/wp-content\/uploads\/2022\/06\/carton-ondulat-la-rola.jpg\",\"contentUrl\":\"https:\/\/rgi.ro\/wp-content\/uploads\/2022\/06\/carton-ondulat-la-rola.jpg\"},{\"@type\":\"BreadcrumbList\",\"@id\":\"https:\/\/axtrom.ro\/shop\/produs\/carton-ondulat-rola\/#breadcrumb\",\"itemListElement\":[{\"@type\":\"ListItem\",\"position\":1,\"name\":\"Magazin\",\"item\":\"https:\/\/axtrom.ro\/shop\/magazin\/\"},{\"@type\":\"ListItem\",\"position\":2,\"name\":\"Rola Carton ondulat, 1.05 latime, aproximativ 25 kg.\"}]},{\"@type\":\"WebSite\",\"@id\":\"https:\/\/axtrom.ro\/shop\/#website\",\"url\":\"https:\/\/axtrom.ro\/shop\/\",\"name\":\"Magazin online cu produse de packaging.\",\"description\":\"Cutii carton, banda adeziva, folie cu bule, folie stretch, polietilena si polietilena expandata.\",\"publisher\":{\"@id\":\"https:\/\/axtrom.ro\/shop\/#organization\"},\"potentialAction\":[{\"@type\":\"SearchAction\",\"target\":{\"@type\":\"EntryPoint\",\"urlTemplate\":\"https:\/\/axtrom.ro\/shop\/?s={search_term_string}\"},\"query-input\":{\"@type\":\"PropertyValueSpecification\",\"valueRequired\":true,\"valueName\":\"search_term_string\"}}],\"inLanguage\":\"ro-RO\"},{\"@type\":\"Organization\",\"@id\":\"https:\/\/axtrom.ro\/shop\/#organization\",\"name\":\"Axtrom |srl\",\"alternateName\":\"Complete packaging solutions\",\"url\":\"https:\/\/axtrom.ro\/shop\/\",\"logo\":{\"@type\":\"ImageObject\",\"inLanguage\":\"ro-RO\",\"@id\":\"https:\/\/axtrom.ro\/shop\/#\/schema\/logo\/image\/\",\"url\":\"https:\/\/axtrom.ro\/shop\/wp-content\/uploads\/2023\/05\/Logo-Axtrom.jpg\",\"contentUrl\":\"https:\/\/axtrom.ro\/shop\/wp-content\/uploads\/2023\/05\/Logo-Axtrom.jpg\",\"width\":220,\"height\":71,\"caption\":\"Axtrom |srl\"},\"image\":{\"@id\":\"https:\/\/axtrom.ro\/shop\/#\/schema\/logo\/image\/\"}}]}<\/script>\n<!-- \/ Yoast SEO plugin. -->","yoast_head_json":{"title":"Rola de carton ondulat, latime de 105 cm si aproximativ 25 kg","description":"Rola de carton este alc\u0103tuita din dou\u0103 straturi de h\u00e2rtie: unul superior de tip testliner sau kraftliner, denumit capac, alb sau natur \u0219i celalalt strat inferior de tip fluting, denumit strat ondul\u0103. Cele dou\u0103 straturi sunt unite prin lipirea v\u00e2rfurilor ondulelor de stratul denumit capac.","robots":{"index":"index","follow":"follow","max-snippet":"max-snippet:-1","max-image-preview":"max-image-preview:large","max-video-preview":"max-video-preview:-1"},"canonical":"https:\/\/axtrom.ro\/shop\/produs\/carton-ondulat-rola\/","og_locale":"ro_RO","og_type":"article","og_title":"Rola de carton ondulat, latime de 105 cm si aproximativ 25 kg","og_description":"Rola de carton este alc\u0103tuita din dou\u0103 straturi de h\u00e2rtie: unul superior de tip testliner sau kraftliner, denumit capac, alb sau natur \u0219i celalalt strat inferior de tip fluting, denumit strat ondul\u0103. Cele dou\u0103 straturi sunt unite prin lipirea v\u00e2rfurilor ondulelor de stratul denumit capac.","og_url":"https:\/\/axtrom.ro\/shop\/produs\/carton-ondulat-rola\/","og_site_name":"Magazin online cu produse de packaging.","article_modified_time":"2026-04-15T17:52:20+00:00","og_image":[{"width":220,"height":71,"url":"https:\/\/axtrom.ro\/shop\/wp-content\/uploads\/2023\/05\/Logo-Axtrom.jpg","type":"image\/jpeg"}],"twitter_card":"summary_large_image","twitter_misc":{"Timp estimat pentru citire":"1 minut"},"schema":{"@context":"https:\/\/schema.org","@graph":[{"@type":"WebPage","@id":"https:\/\/axtrom.ro\/shop\/produs\/carton-ondulat-rola\/","url":"https:\/\/axtrom.ro\/shop\/produs\/carton-ondulat-rola\/","name":"Rola de carton ondulat, latime de 105 cm si aproximativ 25 kg","isPartOf":{"@id":"https:\/\/axtrom.ro\/shop\/#website"},"primaryImageOfPage":{"@id":"https:\/\/axtrom.ro\/shop\/produs\/carton-ondulat-rola\/#primaryimage"},"image":{"@id":"https:\/\/axtrom.ro\/shop\/produs\/carton-ondulat-rola\/#primaryimage"},"thumbnailUrl":"https:\/\/rgi.ro\/wp-content\/uploads\/2022\/06\/carton-ondulat-la-rola.jpg","datePublished":"2022-06-27T11:32:10+00:00","dateModified":"2026-04-15T17:52:20+00:00","description":"Rola de carton este alc\u0103tuita din dou\u0103 straturi de h\u00e2rtie: unul superior de tip testliner sau kraftliner, denumit capac, alb sau natur \u0219i celalalt strat inferior de tip fluting, denumit strat ondul\u0103. Cele dou\u0103 straturi sunt unite prin lipirea v\u00e2rfurilor ondulelor de stratul denumit capac.","breadcrumb":{"@id":"https:\/\/axtrom.ro\/shop\/produs\/carton-ondulat-rola\/#breadcrumb"},"inLanguage":"ro-RO","potentialAction":[{"@type":"ReadAction","target":["https:\/\/axtrom.ro\/shop\/produs\/carton-ondulat-rola\/"]}]},{"@type":"ImageObject","inLanguage":"ro-RO","@id":"https:\/\/axtrom.ro\/shop\/produs\/carton-ondulat-rola\/#primaryimage","url":"https:\/\/rgi.ro\/wp-content\/uploads\/2022\/06\/carton-ondulat-la-rola.jpg","contentUrl":"https:\/\/rgi.ro\/wp-content\/uploads\/2022\/06\/carton-ondulat-la-rola.jpg"},{"@type":"BreadcrumbList","@id":"https:\/\/axtrom.ro\/shop\/produs\/carton-ondulat-rola\/#breadcrumb","itemListElement":[{"@type":"ListItem","position":1,"name":"Magazin","item":"https:\/\/axtrom.ro\/shop\/magazin\/"},{"@type":"ListItem","position":2,"name":"Rola Carton ondulat, 1.05 latime, aproximativ 25 kg."}]},{"@type":"WebSite","@id":"https:\/\/axtrom.ro\/shop\/#website","url":"https:\/\/axtrom.ro\/shop\/","name":"Magazin online cu produse de packaging.","description":"Cutii carton, banda adeziva, folie cu bule, folie stretch, polietilena si polietilena expandata.","publisher":{"@id":"https:\/\/axtrom.ro\/shop\/#organization"},"potentialAction":[{"@type":"SearchAction","target":{"@type":"EntryPoint","urlTemplate":"https:\/\/axtrom.ro\/shop\/?s={search_term_string}"},"query-input":{"@type":"PropertyValueSpecification","valueRequired":true,"valueName":"search_term_string"}}],"inLanguage":"ro-RO"},{"@type":"Organization","@id":"https:\/\/axtrom.ro\/shop\/#organization","name":"Axtrom |srl","alternateName":"Complete packaging solutions","url":"https:\/\/axtrom.ro\/shop\/","logo":{"@type":"ImageObject","inLanguage":"ro-RO","@id":"https:\/\/axtrom.ro\/shop\/#\/schema\/logo\/image\/","url":"https:\/\/axtrom.ro\/shop\/wp-content\/uploads\/2023\/05\/Logo-Axtrom.jpg","contentUrl":"https:\/\/axtrom.ro\/shop\/wp-content\/uploads\/2023\/05\/Logo-Axtrom.jpg","width":220,"height":71,"caption":"Axtrom |srl"},"image":{"@id":"https:\/\/axtrom.ro\/shop\/#\/schema\/logo\/image\/"}}]}},"_links":{"self":[{"href":"https:\/\/axtrom.ro\/shop\/wp-json\/wp\/v2\/product\/111626535","targetHints":{"allow":["GET"]}}],"collection":[{"href":"https:\/\/axtrom.ro\/shop\/wp-json\/wp\/v2\/product"}],"about":[{"href":"https:\/\/axtrom.ro\/shop\/wp-json\/wp\/v2\/types\/product"}],"replies":[{"embeddable":true,"href":"https:\/\/axtrom.ro\/shop\/wp-json\/wp\/v2\/comments?post=111626535"}],"wp:featuredmedia":[{"embeddable":true,"href":"https:\/\/axtrom.ro\/shop\/wp-json\/"}],"wp:attachment":[{"href":"https:\/\/axtrom.ro\/shop\/wp-json\/wp\/v2\/media?parent=111626535"}],"wp:term":[{"taxonomy":"product_brand","embeddable":true,"href":"https:\/\/axtrom.ro\/shop\/wp-json\/wp\/v2\/product_brand?post=111626535"},{"taxonomy":"product_cat","embeddable":true,"href":"https:\/\/axtrom.ro\/shop\/wp-json\/wp\/v2\/product_cat?post=111626535"},{"taxonomy":"product_tag","embeddable":true,"href":"https:\/\/axtrom.ro\/shop\/wp-json\/wp\/v2\/product_tag?post=111626535"}],"curies":[{"name":"wp","href":"https:\/\/api.w.org\/{rel}","templated":true}]}}