{"id":111626531,"date":"2022-06-27T12:29:27","date_gmt":"2022-06-27T10:29:27","guid":{"rendered":"https:\/\/axtrom.ro\/shop\/?post_type=product&#038;p=111626531"},"modified":"2026-04-16T10:38:36","modified_gmt":"2026-04-16T08:38:36","slug":"banda-adeziva-automata-hot-melt-48-mm-x-550-m-transparenta","status":"publish","type":"product","link":"https:\/\/axtrom.ro\/shop\/produs\/banda-adeziva-automata-hot-melt-45-mm-x-550-m-transparenta\/","title":{"rendered":"Banda adeziva automata hot melt 48 mm x 550 m transparenta"},"content":{"rendered":"<div class=\"wpb-content-wrapper\"><p>[vc_row][vc_column]\n\t\t<div id=\"wd-699449f36a037\" class=\"title-wrapper wd-wpb wd-set-mb reset-last-child  wd-rs-699449f36a037 wd-title-color-primary wd-title-style-underlined text-left  wd-underline-colored\">\n\t\t\t\n\t\t\t<div class=\"liner-continer\">\n\t\t\t\t<h2 class=\"woodmart-title-container title  wd-font-weight- wd-fontsize-l\" >Banda adeziva automata hot melt 48 mm x 550 m transparenta<\/h2>\n\t\t\t\t\t\t\t<\/div>\n\t\t\t\n\t\t\t\n\t\t\t\n\t\t<\/div>\n\t\t\n\t\t[\/vc_column][\/vc_row][vc_row][vc_column][vc_column_text woodmart_inline=&#8221;no&#8221; text_larger=&#8221;no&#8221;]Comercizlizam <a href=\"https:\/\/axtrom.ro\/shop\/banda-adeziva\/\" data-internallinksmanager029f6b8e52c=\"8\" title=\"benzi adezive\">benzi adezive<\/a> cu latimi de 19 sau 48 mm. Pe langa benzile adezive clasice cu adeziv solvent si acrilic cu latime de 48 mm si lungime de 60 + m pe <a href=\"https:\/\/axtrom.ro\/shop\/\" data-internallinksmanager029f6b8e52c=\"5\" title=\"pagina noastra\">pagina noastra<\/a> gasiti si <a href=\"https:\/\/axtrom.ro\/shop\/produs\/banda-adeziva-de-birou-18-mm-x-33-m\/\" data-internallinksmanager029f6b8e52c=\"7\" title=\"banda adeziva de birou\">banda adeziva de birou<\/a>, benzi de mascare din hartie, banda adeziva pvc si <a href=\"https:\/\/axtrom.ro\/shop\/banda-adeziva\/banda-adeziva-colorata\/\" data-internallinksmanager029f6b8e52c=\"4\" title=\"Benzi adezive colorate\">benzi adezive colorate<\/a> (rosu, galbe, verde, albastru si alb)<\/p>\n<p><strong>Produse din aceasi categorie:<\/strong><\/p>\n<ul>\n<li><a href=\"https:\/\/axtrom.ro\/shop\/banda-adeziva\/banda-adeziva-acrilica\/\" data-internallinksmanager029f6b8e52c=\"3\" title=\"Banda adeziva acrilica\">Banda adeziva acrilica<\/a> 48 mm x 60 m transparenta<\/li>\n<li><a href=\"https:\/\/axtrom.ro\/shop\/banda-adeziva\/banda-adeziva-acrilica\/\" data-internallinksmanager029f6b8e52c=\"3\" title=\"Banda adeziva acrilica\">Banda adeziva acrilica<\/a> 48 mm x 60 m maro<\/li>\n<li><a href=\"https:\/\/axtrom.ro\/shop\/banda-adeziva\/banda-adeziva-solvent\/\" data-internallinksmanager029f6b8e52c=\"6\" title=\"Banda adeziva solvent\">Banda adeziva solvent<\/a> 48 mm x 60 m transparenta<\/li>\n<\/ul>\n<p><strong>Alte categorii de benzi adezive<\/strong><\/p>\n<ul>\n<li><a href=\"https:\/\/axtrom.ro\/shop\/banda-adeziva\/banda-adeziva-48-mm\/\" data-internallinksmanager029f6b8e52c=\"1\" title=\"Benzi adezive 48 mm\">Benzi adezive 48 mm<\/a><\/li>\n<li><a href=\"https:\/\/axtrom.ro\/shop\/banda-adeziva\/banda-adeziva-solvent\/\" data-internallinksmanager029f6b8e52c=\"2\" title=\"Benzi adezive solvent\">Benzi adezive solvent<\/a><\/li>\n<li><a href=\"https:\/\/axtrom.ro\/shop\/banda-adeziva\/banda-adeziva-colorata\/\" data-internallinksmanager029f6b8e52c=\"4\" title=\"Benzi adezive colorate\">Benzi adezive colorate<\/a><\/li>\n<\/ul>\n<p>[\/vc_column_text][\/vc_column][\/vc_row][vc_row][vc_column]\n\t\t<div id=\"wd-6149a0690233d\" class=\"title-wrapper wd-wpb wd-set-mb reset-last-child  wd-rs-6149a0690233d wd-title-color-primary wd-title-style-underlined text-left  wd-underline-colored\">\n\t\t\t\n\t\t\t<div class=\"liner-continer\">\n\t\t\t\t<h4 class=\"woodmart-title-container title  wd-font-weight- wd-fontsize-l\" >Banda adeziva - scurt istoric<\/h4>\n\t\t\t\t\t\t\t<\/div>\n\t\t\t\n\t\t\t\n\t\t\t\n\t\t<\/div>\n\t\t\n\t\t[vc_column_text woodmart_inline=&#8221;no&#8221; text_larger=&#8221;no&#8221;]\u00cen anul 1943, Vesta Stoud era angajat\u0103 \u00eentr-o fabric\u0103 de muni\u021bii unde cutiile ce con\u021bineau produsele finite erau sigilate cu benzi de h\u00e2rtie \u0219i cear\u0103 topit\u0103. \u00cengrijorat\u0103 c\u0103 acestea ar putea fi mult prea greu de deschis pe c\u00e2mpul de lupt\u0103, Vesta a venit cu propunerea salvatoare: banda textil\u0103. Banda adeziv\u0103 izolatoare s-a n\u0103scut \u00eens\u0103 doar dup\u0103 ce Johnson &amp; Johnson a preluat ideea, adapt\u00e2nd benzile adezive chirurgicale conform specifica\u021biilor tehnice oferite de Stoud.<\/p>\n<p>Dup\u0103 \u00eencheierea celui de-al doilea R\u0103zboi Mondial, acest tip de band\u0103 adeziv\u0103 a \u00eenceput s\u0103 devin\u0103 din ce \u00een ce mai popular \u00een Statele Unite, devenind unul dintre cele mai populare produse utilizate \u00een domeniul construc\u021biilor. Oamenii utilizau banda pentru a lipi conductele de aerisire metalice, motiv pentru care compania produc\u0103toare a \u0219i redenumit produsul (duct tape, \u00een limba englez\u0103 duct \u00eenseamn\u0103 conduct\u0103). S-a f\u0103cut \u0219i un rebranding de culoare, banda primind culoarea argintie cu care suntem familiariza\u021bi \u0219i \u00een prezent, culoare fabricat\u0103 din pulbere de aluminiu.<\/p>\n<p>Detalii pe <a href=\"https:\/\/tape.ro\/banda-adeziva-scurt-istoric\/\" target=\"_blank\" rel=\"noopener\">www.tape.ro<\/a>[\/vc_column_text][\/vc_column][\/vc_row]<\/p>\n<\/div>","protected":false},"excerpt":{"rendered":"<p>[wcj_product_wholesale_price_table]<br \/>\n<strong>Date tehnice<\/strong>:<\/p>\n","protected":false},"featured_media":1000000111638800,"comment_status":"open","ping_status":"closed","template":"","meta":[],"product_brand":[],"product_cat":[164,131,130],"product_tag":[269,617,609,279,272,271],"class_list":{"0":"post-111626531","1":"product","2":"type-product","3":"status-publish","4":"has-post-thumbnail","6":"product_cat-banda-adeziva","7":"product_cat-benzi-adezive-automate","8":"product_cat-benzi-adezive-hot-melt","9":"product_tag-banda-adeziva","10":"product_tag-banda-adeziva-automata","11":"product_tag-banda-adeziva-hot-melt","12":"product_tag-benzi-adezive","13":"product_tag-scotch","14":"product_tag-tape","15":"product_shipping_class-banda-adeziva-48x550-2025","17":"first","18":"instock","19":"sale","20":"taxable","21":"shipping-taxable","22":"purchasable","23":"product-type-simple"},"tiered_pricing_type":"fixed","tiered_pricing_fixed_rules":[],"tiered_pricing_percentage_rules":[],"tiered_pricing_minimum":1,"_administrator_tiered_pricing_type":"fixed","_administrator_tiered_pricing_fixed_rules":[],"_editor_tiered_pricing_type":"fixed","_editor_tiered_pricing_fixed_rules":[],"_author_tiered_pricing_type":"fixed","_author_tiered_pricing_fixed_rules":[],"_contributor_tiered_pricing_type":"fixed","_contributor_tiered_pricing_fixed_rules":[],"_subscriber_tiered_pricing_type":"fixed","_subscriber_tiered_pricing_fixed_rules":[],"_customer_tiered_pricing_type":"fixed","_customer_tiered_pricing_fixed_rules":[],"_shop_manager_tiered_pricing_type":"fixed","_shop_manager_tiered_pricing_fixed_rules":[],"_vendor_staff_tiered_pricing_type":"fixed","_vendor_staff_tiered_pricing_fixed_rules":[],"_seller_tiered_pricing_type":"fixed","_seller_tiered_pricing_fixed_rules":[],"_translator_tiered_pricing_type":"fixed","_translator_tiered_pricing_fixed_rules":[],"_pending_user_tiered_pricing_type":"fixed","_pending_user_tiered_pricing_fixed_rules":[],"_suspended_tiered_pricing_type":"fixed","_suspended_tiered_pricing_fixed_rules":[],"_gold_tiered_pricing_type":"fixed","_gold_tiered_pricing_fixed_rules":[],"_fue_manager_tiered_pricing_type":"fixed","_fue_manager_tiered_pricing_fixed_rules":[],"_wpseo_manager_tiered_pricing_type":"fixed","_wpseo_manager_tiered_pricing_fixed_rules":[],"_wpseo_editor_tiered_pricing_type":"fixed","_wpseo_editor_tiered_pricing_fixed_rules":[],"yoast_head":"<!-- This site is optimized with the Yoast SEO plugin v26.4 - https:\/\/yoast.com\/wordpress\/plugins\/seo\/ -->\n<title>Banda adeziva automata hot melt 48 mm x 550 m transparenta<\/title>\n<meta name=\"description\" content=\"Banda adeziva automata hot melt 48 mm x 550 m transparenta. Calitate superioara datorita adezivului de calitate Hot melt.\" \/>\n<meta name=\"robots\" content=\"index, follow, max-snippet:-1, max-image-preview:large, max-video-preview:-1\" \/>\n<link rel=\"canonical\" href=\"https:\/\/axtrom.ro\/shop\/produs\/banda-adeziva-automata-hot-melt-45-mm-x-550-m-transparenta\/\" \/>\n<meta property=\"og:locale\" content=\"ro_RO\" \/>\n<meta property=\"og:type\" content=\"article\" \/>\n<meta property=\"og:title\" content=\"Banda adeziva automata hot melt 48 mm x 550 m transparenta\" \/>\n<meta property=\"og:description\" content=\"Banda adeziva automata hot melt 48 mm x 550 m transparenta. Calitate superioara datorita adezivului de calitate Hot melt.\" \/>\n<meta property=\"og:url\" content=\"https:\/\/axtrom.ro\/shop\/produs\/banda-adeziva-automata-hot-melt-45-mm-x-550-m-transparenta\/\" \/>\n<meta property=\"og:site_name\" content=\"Magazin online cu produse de packaging.\" \/>\n<meta property=\"article:modified_time\" content=\"2026-04-16T08:38:36+00:00\" \/>\n<meta property=\"og:image\" content=\"https:\/\/axtrom.ro\/shop\/wp-content\/uploads\/2023\/05\/Logo-Axtrom.jpg\" \/>\n\t<meta property=\"og:image:width\" content=\"220\" \/>\n\t<meta property=\"og:image:height\" content=\"71\" \/>\n\t<meta property=\"og:image:type\" content=\"image\/jpeg\" \/>\n<meta name=\"twitter:card\" content=\"summary_large_image\" \/>\n<meta name=\"twitter:label1\" content=\"Timp estimat pentru citire\" \/>\n\t<meta name=\"twitter:data1\" content=\"2 minute\" \/>\n<script type=\"application\/ld+json\" class=\"yoast-schema-graph\">{\"@context\":\"https:\/\/schema.org\",\"@graph\":[{\"@type\":\"WebPage\",\"@id\":\"https:\/\/axtrom.ro\/shop\/produs\/banda-adeziva-automata-hot-melt-45-mm-x-550-m-transparenta\/\",\"url\":\"https:\/\/axtrom.ro\/shop\/produs\/banda-adeziva-automata-hot-melt-45-mm-x-550-m-transparenta\/\",\"name\":\"Banda adeziva automata hot melt 48 mm x 550 m transparenta\",\"isPartOf\":{\"@id\":\"https:\/\/axtrom.ro\/shop\/#website\"},\"primaryImageOfPage\":{\"@id\":\"https:\/\/axtrom.ro\/shop\/produs\/banda-adeziva-automata-hot-melt-45-mm-x-550-m-transparenta\/#primaryimage\"},\"image\":{\"@id\":\"https:\/\/axtrom.ro\/shop\/produs\/banda-adeziva-automata-hot-melt-45-mm-x-550-m-transparenta\/#primaryimage\"},\"thumbnailUrl\":\"https:\/\/rgi.ro\/wp-content\/uploads\/2022\/06\/Tape-automat-45x550m-HM-TR.jpg\",\"datePublished\":\"2022-06-27T10:29:27+00:00\",\"dateModified\":\"2026-04-16T08:38:36+00:00\",\"description\":\"Banda adeziva automata hot melt 48 mm x 550 m transparenta. Calitate superioara datorita adezivului de calitate Hot melt.\",\"breadcrumb\":{\"@id\":\"https:\/\/axtrom.ro\/shop\/produs\/banda-adeziva-automata-hot-melt-45-mm-x-550-m-transparenta\/#breadcrumb\"},\"inLanguage\":\"ro-RO\",\"potentialAction\":[{\"@type\":\"ReadAction\",\"target\":[\"https:\/\/axtrom.ro\/shop\/produs\/banda-adeziva-automata-hot-melt-45-mm-x-550-m-transparenta\/\"]}]},{\"@type\":\"ImageObject\",\"inLanguage\":\"ro-RO\",\"@id\":\"https:\/\/axtrom.ro\/shop\/produs\/banda-adeziva-automata-hot-melt-45-mm-x-550-m-transparenta\/#primaryimage\",\"url\":\"https:\/\/rgi.ro\/wp-content\/uploads\/2022\/06\/Tape-automat-45x550m-HM-TR.jpg\",\"contentUrl\":\"https:\/\/rgi.ro\/wp-content\/uploads\/2022\/06\/Tape-automat-45x550m-HM-TR.jpg\"},{\"@type\":\"BreadcrumbList\",\"@id\":\"https:\/\/axtrom.ro\/shop\/produs\/banda-adeziva-automata-hot-melt-45-mm-x-550-m-transparenta\/#breadcrumb\",\"itemListElement\":[{\"@type\":\"ListItem\",\"position\":1,\"name\":\"Magazin\",\"item\":\"https:\/\/axtrom.ro\/shop\/magazin\/\"},{\"@type\":\"ListItem\",\"position\":2,\"name\":\"Banda adeziva automata hot melt 48 mm x 550 m transparenta\"}]},{\"@type\":\"WebSite\",\"@id\":\"https:\/\/axtrom.ro\/shop\/#website\",\"url\":\"https:\/\/axtrom.ro\/shop\/\",\"name\":\"Magazin online cu produse de packaging.\",\"description\":\"Cutii carton, banda adeziva, folie cu bule, folie stretch, polietilena si polietilena expandata.\",\"publisher\":{\"@id\":\"https:\/\/axtrom.ro\/shop\/#organization\"},\"potentialAction\":[{\"@type\":\"SearchAction\",\"target\":{\"@type\":\"EntryPoint\",\"urlTemplate\":\"https:\/\/axtrom.ro\/shop\/?s={search_term_string}\"},\"query-input\":{\"@type\":\"PropertyValueSpecification\",\"valueRequired\":true,\"valueName\":\"search_term_string\"}}],\"inLanguage\":\"ro-RO\"},{\"@type\":\"Organization\",\"@id\":\"https:\/\/axtrom.ro\/shop\/#organization\",\"name\":\"Axtrom |srl\",\"alternateName\":\"Complete packaging solutions\",\"url\":\"https:\/\/axtrom.ro\/shop\/\",\"logo\":{\"@type\":\"ImageObject\",\"inLanguage\":\"ro-RO\",\"@id\":\"https:\/\/axtrom.ro\/shop\/#\/schema\/logo\/image\/\",\"url\":\"https:\/\/axtrom.ro\/shop\/wp-content\/uploads\/2023\/05\/Logo-Axtrom.jpg\",\"contentUrl\":\"https:\/\/axtrom.ro\/shop\/wp-content\/uploads\/2023\/05\/Logo-Axtrom.jpg\",\"width\":220,\"height\":71,\"caption\":\"Axtrom |srl\"},\"image\":{\"@id\":\"https:\/\/axtrom.ro\/shop\/#\/schema\/logo\/image\/\"}}]}<\/script>\n<!-- \/ Yoast SEO plugin. -->","yoast_head_json":{"title":"Banda adeziva automata hot melt 48 mm x 550 m transparenta","description":"Banda adeziva automata hot melt 48 mm x 550 m transparenta. Calitate superioara datorita adezivului de calitate Hot melt.","robots":{"index":"index","follow":"follow","max-snippet":"max-snippet:-1","max-image-preview":"max-image-preview:large","max-video-preview":"max-video-preview:-1"},"canonical":"https:\/\/axtrom.ro\/shop\/produs\/banda-adeziva-automata-hot-melt-45-mm-x-550-m-transparenta\/","og_locale":"ro_RO","og_type":"article","og_title":"Banda adeziva automata hot melt 48 mm x 550 m transparenta","og_description":"Banda adeziva automata hot melt 48 mm x 550 m transparenta. Calitate superioara datorita adezivului de calitate Hot melt.","og_url":"https:\/\/axtrom.ro\/shop\/produs\/banda-adeziva-automata-hot-melt-45-mm-x-550-m-transparenta\/","og_site_name":"Magazin online cu produse de packaging.","article_modified_time":"2026-04-16T08:38:36+00:00","og_image":[{"width":220,"height":71,"url":"https:\/\/axtrom.ro\/shop\/wp-content\/uploads\/2023\/05\/Logo-Axtrom.jpg","type":"image\/jpeg"}],"twitter_card":"summary_large_image","twitter_misc":{"Timp estimat pentru citire":"2 minute"},"schema":{"@context":"https:\/\/schema.org","@graph":[{"@type":"WebPage","@id":"https:\/\/axtrom.ro\/shop\/produs\/banda-adeziva-automata-hot-melt-45-mm-x-550-m-transparenta\/","url":"https:\/\/axtrom.ro\/shop\/produs\/banda-adeziva-automata-hot-melt-45-mm-x-550-m-transparenta\/","name":"Banda adeziva automata hot melt 48 mm x 550 m transparenta","isPartOf":{"@id":"https:\/\/axtrom.ro\/shop\/#website"},"primaryImageOfPage":{"@id":"https:\/\/axtrom.ro\/shop\/produs\/banda-adeziva-automata-hot-melt-45-mm-x-550-m-transparenta\/#primaryimage"},"image":{"@id":"https:\/\/axtrom.ro\/shop\/produs\/banda-adeziva-automata-hot-melt-45-mm-x-550-m-transparenta\/#primaryimage"},"thumbnailUrl":"https:\/\/rgi.ro\/wp-content\/uploads\/2022\/06\/Tape-automat-45x550m-HM-TR.jpg","datePublished":"2022-06-27T10:29:27+00:00","dateModified":"2026-04-16T08:38:36+00:00","description":"Banda adeziva automata hot melt 48 mm x 550 m transparenta. Calitate superioara datorita adezivului de calitate Hot melt.","breadcrumb":{"@id":"https:\/\/axtrom.ro\/shop\/produs\/banda-adeziva-automata-hot-melt-45-mm-x-550-m-transparenta\/#breadcrumb"},"inLanguage":"ro-RO","potentialAction":[{"@type":"ReadAction","target":["https:\/\/axtrom.ro\/shop\/produs\/banda-adeziva-automata-hot-melt-45-mm-x-550-m-transparenta\/"]}]},{"@type":"ImageObject","inLanguage":"ro-RO","@id":"https:\/\/axtrom.ro\/shop\/produs\/banda-adeziva-automata-hot-melt-45-mm-x-550-m-transparenta\/#primaryimage","url":"https:\/\/rgi.ro\/wp-content\/uploads\/2022\/06\/Tape-automat-45x550m-HM-TR.jpg","contentUrl":"https:\/\/rgi.ro\/wp-content\/uploads\/2022\/06\/Tape-automat-45x550m-HM-TR.jpg"},{"@type":"BreadcrumbList","@id":"https:\/\/axtrom.ro\/shop\/produs\/banda-adeziva-automata-hot-melt-45-mm-x-550-m-transparenta\/#breadcrumb","itemListElement":[{"@type":"ListItem","position":1,"name":"Magazin","item":"https:\/\/axtrom.ro\/shop\/magazin\/"},{"@type":"ListItem","position":2,"name":"Banda adeziva automata hot melt 48 mm x 550 m transparenta"}]},{"@type":"WebSite","@id":"https:\/\/axtrom.ro\/shop\/#website","url":"https:\/\/axtrom.ro\/shop\/","name":"Magazin online cu produse de packaging.","description":"Cutii carton, banda adeziva, folie cu bule, folie stretch, polietilena si polietilena expandata.","publisher":{"@id":"https:\/\/axtrom.ro\/shop\/#organization"},"potentialAction":[{"@type":"SearchAction","target":{"@type":"EntryPoint","urlTemplate":"https:\/\/axtrom.ro\/shop\/?s={search_term_string}"},"query-input":{"@type":"PropertyValueSpecification","valueRequired":true,"valueName":"search_term_string"}}],"inLanguage":"ro-RO"},{"@type":"Organization","@id":"https:\/\/axtrom.ro\/shop\/#organization","name":"Axtrom |srl","alternateName":"Complete packaging solutions","url":"https:\/\/axtrom.ro\/shop\/","logo":{"@type":"ImageObject","inLanguage":"ro-RO","@id":"https:\/\/axtrom.ro\/shop\/#\/schema\/logo\/image\/","url":"https:\/\/axtrom.ro\/shop\/wp-content\/uploads\/2023\/05\/Logo-Axtrom.jpg","contentUrl":"https:\/\/axtrom.ro\/shop\/wp-content\/uploads\/2023\/05\/Logo-Axtrom.jpg","width":220,"height":71,"caption":"Axtrom |srl"},"image":{"@id":"https:\/\/axtrom.ro\/shop\/#\/schema\/logo\/image\/"}}]}},"_links":{"self":[{"href":"https:\/\/axtrom.ro\/shop\/wp-json\/wp\/v2\/product\/111626531","targetHints":{"allow":["GET"]}}],"collection":[{"href":"https:\/\/axtrom.ro\/shop\/wp-json\/wp\/v2\/product"}],"about":[{"href":"https:\/\/axtrom.ro\/shop\/wp-json\/wp\/v2\/types\/product"}],"replies":[{"embeddable":true,"href":"https:\/\/axtrom.ro\/shop\/wp-json\/wp\/v2\/comments?post=111626531"}],"wp:featuredmedia":[{"embeddable":true,"href":"https:\/\/axtrom.ro\/shop\/wp-json\/"}],"wp:attachment":[{"href":"https:\/\/axtrom.ro\/shop\/wp-json\/wp\/v2\/media?parent=111626531"}],"wp:term":[{"taxonomy":"product_brand","embeddable":true,"href":"https:\/\/axtrom.ro\/shop\/wp-json\/wp\/v2\/product_brand?post=111626531"},{"taxonomy":"product_cat","embeddable":true,"href":"https:\/\/axtrom.ro\/shop\/wp-json\/wp\/v2\/product_cat?post=111626531"},{"taxonomy":"product_tag","embeddable":true,"href":"https:\/\/axtrom.ro\/shop\/wp-json\/wp\/v2\/product_tag?post=111626531"}],"curies":[{"name":"wp","href":"https:\/\/api.w.org\/{rel}","templated":true}]}}