{"id":1116081,"date":"2022-04-14T13:23:46","date_gmt":"2022-04-14T11:23:46","guid":{"rendered":"https:\/\/axtrom.ro\/shop\/?post_type=product&#038;p=1116081"},"modified":"2025-07-31T09:22:33","modified_gmt":"2025-07-31T07:22:33","slug":"cutie-carton-600x500x270-5-straturi","status":"publish","type":"product","link":"https:\/\/axtrom.ro\/shop\/produs\/cutie-carton-600x500x270-5-straturi\/","title":{"rendered":"Cutie carton 600x500x270 (5 straturi)"},"content":{"rendered":"<div class=\"wpb-content-wrapper\"><p>[vc_row][vc_column][vc_column_text woodmart_inline=&#8221;no&#8221; text_larger=&#8221;no&#8221;]<a href=\"https:\/\/axtrom.ro\/shop\/categorie\/cutii-carton\/\">Cutiile de carton<\/a> au o gam\u0103 larg\u0103 de utilizare, fiind folosite de produc\u0103torii de bunuri de larg consum dar \u0219i de c\u0103tre companiile de transport sau logistic\u0103, pentru ambalarea, transportul, protec\u021bia \u0219i depozitarea produselor.<\/p>\n<p><a href=\"https:\/\/axtrom.ro\/shop\/categorie\/cutii-carton\/\" data-internallinksmanager029f6b8e52c=\"10\" title=\"Cutii carton\">Cutiile de carton<\/a> sunt extrem de utile deoarece permit transportul \u00een condi\u021bii optime a bunurilor, oferind \u0219i un plus de protec\u021bie acestora. Acestea pot fi depozitate \u0219i aranjate u\u0219or \u0219i eficient \u00een orice spa\u021biu deschis sau \u00eenchis.<\/p>\n<p>\u00cen func\u021bie de m\u0103rimea cutiei \u0219i de greutatea produsului care urmeaz\u0103 a fi ambalat se alege \u0219i tipul de carton: <a href=\"https:\/\/axtrom.ro\/shop\/carton-ondulat\/\" data-internallinksmanager029f6b8e52c=\"23\" title=\"carton ondulat\">carton ondulat<\/a> \u00een 3 straturi sau \u00een 5 straturi.<\/p>\n<p>In func\u021bie de m\u0103rimea cutiei \u0219i de greutatea produsului care urmeaz\u0103 a fi ambalat se alege \u0219i tipul de carton: carton ondulat \u00een 3 straturi sau \u00een 5 straturi. Datorit\u0103 numeroaselor avantaje pe care le ofer\u0103 ambalajele din carton, acestea reprezinta la ora actual\u0103 peste 50 % din produc\u021bia de ambalaje pe plan mondial. Cartonul asigura o buna protectie a produselor prin capacitatea ridicat\u0103 de preluare a solicitarilor mecanice de c\u0103tre straturile de carton ondulat \u0219i confer\u0103 protectie la varia\u021biile de temperatur\u0103 datorita aerului aflat \u00eentre straturile de h\u00e2rtie.<\/p>\n<h2>Cutie de carton 600x500x270<\/h2>\n<p>Produsul este fabricat din carton ondulat in 5 straturi, ceea ce ii confera o durabilitate si o rezistenta mare. Cutia vine desfacuta si necesita asamblare. Dimensiunile cutiei sunt 600 mm lungime, 500 mm latime si 270 mm inaltime. Cutiile de carton sunt conforme cu standardele FEFCO.<\/p>\n<h3>Alte produse din aceeasi categorie:<\/h3>\n<ul>\n<li><a href=\"https:\/\/axtrom.ro\/shop\/cutii-carton\/\" data-internallinksmanager029f6b8e52c=\"11\" title=\"Cutie de carton\">Cutie de carton<\/a> 610x610x520 5 straturi<\/li>\n<li>Cutie de carton 1900x300x1500 &#8211; 5 straturi<\/li>\n<li>Cutie de carton <a href=\"https:\/\/axtrom.ro\/shop\/produs\/cutie-de-carton-400x400x400-5-straturi\/\">400x400x400<\/a> 5 straturi<\/li>\n<li>Cutie de carton 600x300x300 5 straturi<\/li>\n<li>Cutie de carton <a href=\"https:\/\/axtrom.ro\/shop\/produs\/cutie-carton-600x402x300-3-straturi-fluting\/\">600x402x300<\/a> 3 str flouting<\/li>\n<\/ul>\n<p>Pentru a oferii o pretectie si mai mare produselor livrate de tine, comanda cutie de carton 600x500x270 (5 straturi) impreuna cu <a href=\"https:\/\/axtrom.ro\/shop\/categorie\/folie-cu-bule\/\">folie cu bule<\/a> si <a href=\"https:\/\/axtrom.ro\/shop\/categorie\/banda-adeziva\/\">banda adeziva<\/a> pentru siguranta.<\/p>\n<p>Afla mai multe informatii despre carton si <a href=\"https:\/\/axtrom.ro\/shop\/cutii-carton\/\" data-internallinksmanager029f6b8e52c=\"12\" title=\"cutii de carton\">cutii de carton<\/a> de la partenerii nostri: <a href=\"https:\/\/carton.ro\/despre-carton\/\" target=\"_blank\" rel=\"noopener\">Carton.ro<\/a>, <a href=\"https:\/\/axtrom.ro\/cutii-de-carton\/\" target=\"_blank\" rel=\"noopener\">Axtrom.ro<\/a>[\/vc_column_text][\/vc_column][\/vc_row][vc_row][vc_column width=&#8221;1\/2&#8243;]\n\t\t\t<div id=\"wd-63e4fa2b29ced\" class=\"wd-menu widget_nav_mega_menu wd-nav-wrapper wd-rs-63e4fa2b29ced \">\n\n\t\t\t\t\t\t\t\t\t<h5 class=\"widget-title color-scheme-dark\">\n\t\t\t\t\t\tProduse din aceeasi categorie\t\t\t\t\t<\/h5>\n\t\t\t\t\n\t\t\t\t<ul id=\"menu-cutii-de-carton\" class=\"menu wd-nav wd-nav-vertical wd-design-default\"><li id=\"menu-item-111627913\" class=\"menu-item menu-item-type-taxonomy menu-item-object-product_cat menu-item-111627913 item-level-0 menu-simple-dropdown wd-event-hover\" ><a href=\"https:\/\/axtrom.ro\/shop\/cutii-carton\/cutii-cu-autoformare\/\" class=\"woodmart-nav-link\"><span class=\"nav-link-text\">Cutii cu autoformare<\/span><\/a><\/li>\n<li id=\"menu-item-111627914\" class=\"menu-item menu-item-type-taxonomy menu-item-object-product_cat menu-item-111627914 item-level-0 menu-simple-dropdown wd-event-hover\" ><a href=\"https:\/\/axtrom.ro\/shop\/cutii-carton\/cutii-de-carton-mari\/\" class=\"woodmart-nav-link\"><span class=\"nav-link-text\">Cutii de carton mari<\/span><\/a><\/li>\n<li id=\"menu-item-111627916\" class=\"menu-item menu-item-type-taxonomy menu-item-object-product_cat menu-item-111627916 item-level-0 menu-simple-dropdown wd-event-hover\" ><a href=\"https:\/\/axtrom.ro\/shop\/cutii-carton\/cutii-de-carton-mici\/\" class=\"woodmart-nav-link\"><span class=\"nav-link-text\">Cutii de carton mici<\/span><\/a><\/li>\n<li id=\"menu-item-111627915\" class=\"menu-item menu-item-type-taxonomy menu-item-object-product_cat menu-item-111627915 item-level-0 menu-simple-dropdown wd-event-hover\" ><a href=\"https:\/\/axtrom.ro\/shop\/cutii-carton\/cutii-ecommerce\/\" class=\"woodmart-nav-link\"><span class=\"nav-link-text\">Cutii ecommerce<\/span><\/a><\/li>\n<\/ul>\n\t\t\t\t\t\t\t<\/div>\n\t\t[\/vc_column][vc_column width=&#8221;1\/2&#8243;][vc_wp_custommenu nav_menu=&#8221;630&#8243;][\/vc_column][\/vc_row]<\/p>\n<\/div>","protected":false},"excerpt":{"rendered":"<h5><strong>Date tehnice:<\/strong><\/h5>\n","protected":false},"featured_media":10000001115868,"comment_status":"open","ping_status":"closed","template":"","meta":[],"product_brand":[],"product_cat":[170,915],"product_tag":[],"class_list":{"0":"post-1116081","1":"product","2":"type-product","3":"status-publish","4":"has-post-thumbnail","6":"product_cat-cutii-carton","7":"product_cat-cutii-de-carton-mari","8":"product_shipping_class-cutie-600x500x270-2025","10":"first","11":"outofstock","12":"taxable","13":"shipping-taxable","14":"product-type-simple"},"tiered_pricing_type":"fixed","tiered_pricing_fixed_rules":[],"tiered_pricing_percentage_rules":[],"tiered_pricing_minimum":1,"_administrator_tiered_pricing_type":"fixed","_administrator_tiered_pricing_fixed_rules":[],"_editor_tiered_pricing_type":"fixed","_editor_tiered_pricing_fixed_rules":[],"_author_tiered_pricing_type":"fixed","_author_tiered_pricing_fixed_rules":[],"_contributor_tiered_pricing_type":"fixed","_contributor_tiered_pricing_fixed_rules":[],"_subscriber_tiered_pricing_type":"fixed","_subscriber_tiered_pricing_fixed_rules":[],"_customer_tiered_pricing_type":"fixed","_customer_tiered_pricing_fixed_rules":[],"_shop_manager_tiered_pricing_type":"fixed","_shop_manager_tiered_pricing_fixed_rules":[],"_vendor_staff_tiered_pricing_type":"fixed","_vendor_staff_tiered_pricing_fixed_rules":[],"_seller_tiered_pricing_type":"fixed","_seller_tiered_pricing_fixed_rules":[],"_translator_tiered_pricing_type":"fixed","_translator_tiered_pricing_fixed_rules":[],"_pending_user_tiered_pricing_type":"fixed","_pending_user_tiered_pricing_fixed_rules":[],"_suspended_tiered_pricing_type":"fixed","_suspended_tiered_pricing_fixed_rules":[],"_gold_tiered_pricing_type":"fixed","_gold_tiered_pricing_fixed_rules":[],"_fue_manager_tiered_pricing_type":"fixed","_fue_manager_tiered_pricing_fixed_rules":[],"_wpseo_manager_tiered_pricing_type":"fixed","_wpseo_manager_tiered_pricing_fixed_rules":[],"_wpseo_editor_tiered_pricing_type":"fixed","_wpseo_editor_tiered_pricing_fixed_rules":[],"yoast_head":"<!-- This site is optimized with the Yoast SEO plugin v26.4 - https:\/\/yoast.com\/wordpress\/plugins\/seo\/ -->\n<title>Cutie de carton 600x500x270 5 straturi<\/title>\n<meta name=\"description\" content=\"Cutie de carton 600x500x270. Comanda impreuna cu folie cu bule sau banda adeziva. Cutiile de carton necesita asamblare.\" \/>\n<meta name=\"robots\" content=\"index, follow, max-snippet:-1, max-image-preview:large, max-video-preview:-1\" \/>\n<link rel=\"canonical\" href=\"https:\/\/axtrom.ro\/shop\/produs\/cutie-carton-600x500x270-5-straturi\/\" \/>\n<meta property=\"og:locale\" content=\"ro_RO\" \/>\n<meta property=\"og:type\" content=\"article\" \/>\n<meta property=\"og:title\" content=\"Cutie de carton 600x500x270 5 straturi\" \/>\n<meta property=\"og:description\" content=\"Cutie de carton 600x500x270. Comanda impreuna cu folie cu bule sau banda adeziva. Cutiile de carton necesita asamblare.\" \/>\n<meta property=\"og:url\" content=\"https:\/\/axtrom.ro\/shop\/produs\/cutie-carton-600x500x270-5-straturi\/\" \/>\n<meta property=\"og:site_name\" content=\"Magazin online cu produse de packaging.\" \/>\n<meta property=\"article:modified_time\" content=\"2025-07-31T07:22:33+00:00\" \/>\n<meta property=\"og:image\" content=\"https:\/\/axtrom.ro\/shop\/wp-content\/uploads\/2023\/05\/Logo-Axtrom.jpg\" \/>\n\t<meta property=\"og:image:width\" content=\"220\" \/>\n\t<meta property=\"og:image:height\" content=\"71\" \/>\n\t<meta property=\"og:image:type\" content=\"image\/jpeg\" \/>\n<meta name=\"twitter:card\" content=\"summary_large_image\" \/>\n<meta name=\"twitter:label1\" content=\"Timp estimat pentru citire\" \/>\n\t<meta name=\"twitter:data1\" content=\"2 minute\" \/>\n<script type=\"application\/ld+json\" class=\"yoast-schema-graph\">{\"@context\":\"https:\/\/schema.org\",\"@graph\":[{\"@type\":\"WebPage\",\"@id\":\"https:\/\/axtrom.ro\/shop\/produs\/cutie-carton-600x500x270-5-straturi\/\",\"url\":\"https:\/\/axtrom.ro\/shop\/produs\/cutie-carton-600x500x270-5-straturi\/\",\"name\":\"Cutie de carton 600x500x270 5 straturi\",\"isPartOf\":{\"@id\":\"https:\/\/axtrom.ro\/shop\/#website\"},\"primaryImageOfPage\":{\"@id\":\"https:\/\/axtrom.ro\/shop\/produs\/cutie-carton-600x500x270-5-straturi\/#primaryimage\"},\"image\":{\"@id\":\"https:\/\/axtrom.ro\/shop\/produs\/cutie-carton-600x500x270-5-straturi\/#primaryimage\"},\"thumbnailUrl\":\"https:\/\/rgi.ro\/wp-content\/uploads\/2021\/10\/cuiti-carton-600-x-402-x-300-2.jpg\",\"datePublished\":\"2022-04-14T11:23:46+00:00\",\"dateModified\":\"2025-07-31T07:22:33+00:00\",\"description\":\"Cutie de carton 600x500x270. Comanda impreuna cu folie cu bule sau banda adeziva. Cutiile de carton necesita asamblare.\",\"breadcrumb\":{\"@id\":\"https:\/\/axtrom.ro\/shop\/produs\/cutie-carton-600x500x270-5-straturi\/#breadcrumb\"},\"inLanguage\":\"ro-RO\",\"potentialAction\":[{\"@type\":\"ReadAction\",\"target\":[\"https:\/\/axtrom.ro\/shop\/produs\/cutie-carton-600x500x270-5-straturi\/\"]}]},{\"@type\":\"ImageObject\",\"inLanguage\":\"ro-RO\",\"@id\":\"https:\/\/axtrom.ro\/shop\/produs\/cutie-carton-600x500x270-5-straturi\/#primaryimage\",\"url\":\"https:\/\/rgi.ro\/wp-content\/uploads\/2021\/10\/cuiti-carton-600-x-402-x-300-2.jpg\",\"contentUrl\":\"https:\/\/rgi.ro\/wp-content\/uploads\/2021\/10\/cuiti-carton-600-x-402-x-300-2.jpg\"},{\"@type\":\"BreadcrumbList\",\"@id\":\"https:\/\/axtrom.ro\/shop\/produs\/cutie-carton-600x500x270-5-straturi\/#breadcrumb\",\"itemListElement\":[{\"@type\":\"ListItem\",\"position\":1,\"name\":\"Magazin\",\"item\":\"https:\/\/axtrom.ro\/shop\/magazin\/\"},{\"@type\":\"ListItem\",\"position\":2,\"name\":\"Cutie carton 600x500x270 (5 straturi)\"}]},{\"@type\":\"WebSite\",\"@id\":\"https:\/\/axtrom.ro\/shop\/#website\",\"url\":\"https:\/\/axtrom.ro\/shop\/\",\"name\":\"Magazin online cu produse de packaging.\",\"description\":\"Cutii carton, banda adeziva, folie cu bule, folie stretch, polietilena si polietilena expandata.\",\"publisher\":{\"@id\":\"https:\/\/axtrom.ro\/shop\/#organization\"},\"potentialAction\":[{\"@type\":\"SearchAction\",\"target\":{\"@type\":\"EntryPoint\",\"urlTemplate\":\"https:\/\/axtrom.ro\/shop\/?s={search_term_string}\"},\"query-input\":{\"@type\":\"PropertyValueSpecification\",\"valueRequired\":true,\"valueName\":\"search_term_string\"}}],\"inLanguage\":\"ro-RO\"},{\"@type\":\"Organization\",\"@id\":\"https:\/\/axtrom.ro\/shop\/#organization\",\"name\":\"Axtrom |srl\",\"alternateName\":\"Complete packaging solutions\",\"url\":\"https:\/\/axtrom.ro\/shop\/\",\"logo\":{\"@type\":\"ImageObject\",\"inLanguage\":\"ro-RO\",\"@id\":\"https:\/\/axtrom.ro\/shop\/#\/schema\/logo\/image\/\",\"url\":\"https:\/\/axtrom.ro\/shop\/wp-content\/uploads\/2023\/05\/Logo-Axtrom.jpg\",\"contentUrl\":\"https:\/\/axtrom.ro\/shop\/wp-content\/uploads\/2023\/05\/Logo-Axtrom.jpg\",\"width\":220,\"height\":71,\"caption\":\"Axtrom |srl\"},\"image\":{\"@id\":\"https:\/\/axtrom.ro\/shop\/#\/schema\/logo\/image\/\"}}]}<\/script>\n<!-- \/ Yoast SEO plugin. -->","yoast_head_json":{"title":"Cutie de carton 600x500x270 5 straturi","description":"Cutie de carton 600x500x270. Comanda impreuna cu folie cu bule sau banda adeziva. Cutiile de carton necesita asamblare.","robots":{"index":"index","follow":"follow","max-snippet":"max-snippet:-1","max-image-preview":"max-image-preview:large","max-video-preview":"max-video-preview:-1"},"canonical":"https:\/\/axtrom.ro\/shop\/produs\/cutie-carton-600x500x270-5-straturi\/","og_locale":"ro_RO","og_type":"article","og_title":"Cutie de carton 600x500x270 5 straturi","og_description":"Cutie de carton 600x500x270. Comanda impreuna cu folie cu bule sau banda adeziva. Cutiile de carton necesita asamblare.","og_url":"https:\/\/axtrom.ro\/shop\/produs\/cutie-carton-600x500x270-5-straturi\/","og_site_name":"Magazin online cu produse de packaging.","article_modified_time":"2025-07-31T07:22:33+00:00","og_image":[{"width":220,"height":71,"url":"https:\/\/axtrom.ro\/shop\/wp-content\/uploads\/2023\/05\/Logo-Axtrom.jpg","type":"image\/jpeg"}],"twitter_card":"summary_large_image","twitter_misc":{"Timp estimat pentru citire":"2 minute"},"schema":{"@context":"https:\/\/schema.org","@graph":[{"@type":"WebPage","@id":"https:\/\/axtrom.ro\/shop\/produs\/cutie-carton-600x500x270-5-straturi\/","url":"https:\/\/axtrom.ro\/shop\/produs\/cutie-carton-600x500x270-5-straturi\/","name":"Cutie de carton 600x500x270 5 straturi","isPartOf":{"@id":"https:\/\/axtrom.ro\/shop\/#website"},"primaryImageOfPage":{"@id":"https:\/\/axtrom.ro\/shop\/produs\/cutie-carton-600x500x270-5-straturi\/#primaryimage"},"image":{"@id":"https:\/\/axtrom.ro\/shop\/produs\/cutie-carton-600x500x270-5-straturi\/#primaryimage"},"thumbnailUrl":"https:\/\/rgi.ro\/wp-content\/uploads\/2021\/10\/cuiti-carton-600-x-402-x-300-2.jpg","datePublished":"2022-04-14T11:23:46+00:00","dateModified":"2025-07-31T07:22:33+00:00","description":"Cutie de carton 600x500x270. Comanda impreuna cu folie cu bule sau banda adeziva. Cutiile de carton necesita asamblare.","breadcrumb":{"@id":"https:\/\/axtrom.ro\/shop\/produs\/cutie-carton-600x500x270-5-straturi\/#breadcrumb"},"inLanguage":"ro-RO","potentialAction":[{"@type":"ReadAction","target":["https:\/\/axtrom.ro\/shop\/produs\/cutie-carton-600x500x270-5-straturi\/"]}]},{"@type":"ImageObject","inLanguage":"ro-RO","@id":"https:\/\/axtrom.ro\/shop\/produs\/cutie-carton-600x500x270-5-straturi\/#primaryimage","url":"https:\/\/rgi.ro\/wp-content\/uploads\/2021\/10\/cuiti-carton-600-x-402-x-300-2.jpg","contentUrl":"https:\/\/rgi.ro\/wp-content\/uploads\/2021\/10\/cuiti-carton-600-x-402-x-300-2.jpg"},{"@type":"BreadcrumbList","@id":"https:\/\/axtrom.ro\/shop\/produs\/cutie-carton-600x500x270-5-straturi\/#breadcrumb","itemListElement":[{"@type":"ListItem","position":1,"name":"Magazin","item":"https:\/\/axtrom.ro\/shop\/magazin\/"},{"@type":"ListItem","position":2,"name":"Cutie carton 600x500x270 (5 straturi)"}]},{"@type":"WebSite","@id":"https:\/\/axtrom.ro\/shop\/#website","url":"https:\/\/axtrom.ro\/shop\/","name":"Magazin online cu produse de packaging.","description":"Cutii carton, banda adeziva, folie cu bule, folie stretch, polietilena si polietilena expandata.","publisher":{"@id":"https:\/\/axtrom.ro\/shop\/#organization"},"potentialAction":[{"@type":"SearchAction","target":{"@type":"EntryPoint","urlTemplate":"https:\/\/axtrom.ro\/shop\/?s={search_term_string}"},"query-input":{"@type":"PropertyValueSpecification","valueRequired":true,"valueName":"search_term_string"}}],"inLanguage":"ro-RO"},{"@type":"Organization","@id":"https:\/\/axtrom.ro\/shop\/#organization","name":"Axtrom |srl","alternateName":"Complete packaging solutions","url":"https:\/\/axtrom.ro\/shop\/","logo":{"@type":"ImageObject","inLanguage":"ro-RO","@id":"https:\/\/axtrom.ro\/shop\/#\/schema\/logo\/image\/","url":"https:\/\/axtrom.ro\/shop\/wp-content\/uploads\/2023\/05\/Logo-Axtrom.jpg","contentUrl":"https:\/\/axtrom.ro\/shop\/wp-content\/uploads\/2023\/05\/Logo-Axtrom.jpg","width":220,"height":71,"caption":"Axtrom |srl"},"image":{"@id":"https:\/\/axtrom.ro\/shop\/#\/schema\/logo\/image\/"}}]}},"_links":{"self":[{"href":"https:\/\/axtrom.ro\/shop\/wp-json\/wp\/v2\/product\/1116081","targetHints":{"allow":["GET"]}}],"collection":[{"href":"https:\/\/axtrom.ro\/shop\/wp-json\/wp\/v2\/product"}],"about":[{"href":"https:\/\/axtrom.ro\/shop\/wp-json\/wp\/v2\/types\/product"}],"replies":[{"embeddable":true,"href":"https:\/\/axtrom.ro\/shop\/wp-json\/wp\/v2\/comments?post=1116081"}],"wp:featuredmedia":[{"embeddable":true,"href":"https:\/\/axtrom.ro\/shop\/wp-json\/"}],"wp:attachment":[{"href":"https:\/\/axtrom.ro\/shop\/wp-json\/wp\/v2\/media?parent=1116081"}],"wp:term":[{"taxonomy":"product_brand","embeddable":true,"href":"https:\/\/axtrom.ro\/shop\/wp-json\/wp\/v2\/product_brand?post=1116081"},{"taxonomy":"product_cat","embeddable":true,"href":"https:\/\/axtrom.ro\/shop\/wp-json\/wp\/v2\/product_cat?post=1116081"},{"taxonomy":"product_tag","embeddable":true,"href":"https:\/\/axtrom.ro\/shop\/wp-json\/wp\/v2\/product_tag?post=1116081"}],"curies":[{"name":"wp","href":"https:\/\/api.w.org\/{rel}","templated":true}]}}