{"id":1116051,"date":"2022-04-12T14:55:07","date_gmt":"2022-04-12T12:55:07","guid":{"rendered":"https:\/\/axtrom.ro\/shop\/?post_type=product&#038;p=1116051"},"modified":"2026-04-28T13:42:52","modified_gmt":"2026-04-28T11:42:52","slug":"folie-polietilena-expandata-aluminizata-airfoam-3-mm-100-ml","status":"publish","type":"product","link":"https:\/\/axtrom.ro\/shop\/produs\/folie-polietilena-expandata-aluminizata-airfoam-3-mm-100-ml\/","title":{"rendered":"Folie polietilena expandata Aluminizata Airfoam 3 mm 100 ml"},"content":{"rendered":"<div class=\"wpb-content-wrapper\"><p>[vc_row][vc_column][vc_column_text woodmart_inline=&#8221;no&#8221; text_larger=&#8221;no&#8221;]<\/p>\n<h2>Folie polietilena expandata Aluminizata Airfoam 3 mm 100 ml<\/h2>\n<div class=\"vc_row wpb_row vc_row-fluid\">\n<div class=\"wpb_column vc_column_container vc_col-sm-12\">\n<div class=\"vc_column-inner\">\n<div class=\"wpb_wrapper\">\n<div class=\"wpb_text_column wpb_content_element\">\n<div class=\"wpb_wrapper\">\n<p>Pentru o izolatie cat mai eficienta al parchetului sau a podelei, produsul potrivit este o folie din polietilena expandata aluminizata.<\/p>\n<p>Eficienta si utilitatea aestui produs, in acest caz, vine din calitatea sa de a respinge caldura din pardoseala pe timp de vara si de a mentine o temperatura constanta pe durata sezonului rece.<\/p>\n<p>Folia de acest tip este extrem de usor de montant. Ca puncte forte, mentionam ca aceasta este insensibila la actiunea insectelor si a rozatoarelor si in acelasi timp,imputrescibila.<\/p>\n<\/div>\n<\/div>\n<\/div>\n<\/div>\n<\/div>\n<\/div>\n<div class=\"vc_row wpb_row vc_row-fluid\">\n<div class=\"wpb_column vc_column_container vc_col-sm-12\">\n<div class=\"vc_column-inner\">\n<div class=\"wpb_wrapper\">\n<div class=\"wpb_text_column wpb_content_element\">\n<div class=\"wpb_wrapper\">\n<div id=\"ultimate-heading-93635fda30e8644d6\" class=\"uvc-heading ult-adjust-bottom-margin ultimate-heading-93635fda30e8644d6 uvc-4090 \" data-hspacer=\"no_spacer\" data-halign=\"center\">\n<div class=\"uvc-main-heading ult-responsive\" data-ultimate-target=\".uvc-heading.ultimate-heading-93635fda30e8644d6 h2\" data-responsive-json-new=\"{&quot;font-size&quot;:&quot;&quot;,&quot;line-height&quot;:&quot;&quot;}\">\n<h4>Aplicabilitate<\/h4>\n<\/div>\n<\/div>\n<div class=\"wpb_text_column wpb_content_element \">\n<div class=\"wpb_wrapper\">\n<p>Izoland reflectiv parchetul, folia din polietilena expandata aluminizata devine produsul ideal pentru constructiile civile sau industriale si poate fi folosita sub parchetul laminat sau parchetul traditional. Datorita structurii sale cu celule inchise, aceasta nu retine praful si esti antialergica.<\/p>\n<p>Folia PEE aluminizata se foloseste la izolarea podelelor, la izolarea acoperisurilor caselor sau a constructiilor industriale.<\/p>\n<\/div>\n<\/div>\n<\/div>\n<\/div>\n<\/div>\n<\/div>\n<\/div>\n<\/div>\n<div class=\"wpb_text_column wpb_content_element \">\n<div class=\"wpb_wrapper\">\n<h3>Folie din polietilena expandata natur<\/h3>\n<p>Prin expandarea granulelor de polietilena de joasa desitate se obtine folie din polietilena expandata. Folia din polietilena este unul dintre cele mai comune produse plastice pe care le folosim zi de zi, in diferite industrii. In forma expandata, acest tip de folie este utilzata ca si ambalaj in industria sticlei, ceramicii, mobilei si a electronicii.<\/p>\n<p>In forma sa natur, incolora, ea poate fi utilizata atat ca si protectie pentru diferitele tipuri de marfuri pe care le impachetam si distribuim. Folia se foloseste si ca material esential in izolatii precum hidroizolatiile sau protetia teraselor si a fundatiilor in constructiile civile, sau publice.<\/p>\n<div id=\"ultimate-heading-2819617269b4491fd\" class=\"uvc-heading ult-adjust-bottom-margin ultimate-heading-2819617269b4491fd uvc-3043 \" data-hspacer=\"no_spacer\" data-halign=\"center\">\n<div class=\"uvc-main-heading ult-responsive\" data-ultimate-target=\".uvc-heading.ultimate-heading-2819617269b4491fd h2\" data-responsive-json-new=\"{&quot;font-size&quot;:&quot;&quot;,&quot;line-height&quot;:&quot;&quot;}\">\n<h3>Aplicabilitate<\/h3>\n<\/div>\n<\/div>\n<div class=\"wpb_text_column wpb_content_element \">\n<div class=\"wpb_wrapper\">\n<p>Se utilizeaz\u0103 ca ambalaj \u00een industriile sticlei, ceramicii, mobilei, electronica \u0219i in alte industrii unde se produc produse ce necesita o buna protectie.\u00a0 In domeniul constructiilor folia din polietilena expandata se poate folosi ca strat de protec\u021bie a hidroizola\u021biilor, teraselor \u0219i funda\u021biilor, ca bariere contra vaporilor, ca izola\u021bii la zgomote de impact, ca strat de preluare a vibra\u021biilor sau la montarea parchetului.<\/p>\n<p>Folia din polietilena expandata reprezinta materialul ideal si pentru izolarea audio dar si pentru preluarea virbatiilor, fiind perfecta pentru etansarea rosturilor la montarea parchetului.<\/p>\n<p>Pe langa protectia oferita produselor ambalate in folie din polietilena expandata o alta proprietate important\u0103 este rezisten\u021ba ridicat\u0103 la \u00eemb\u0103tranire \u0219i o mare rezisten\u021b\u0103 la ac\u021biunea compusilor chimici (acizi, baze, saruri, diluanti, produse petroliere).<\/p>\n<h4>Produse din polietilena expandata(PEE) comercializate:<\/h4>\n<ul>\n<li>Rola Airfoam PEE &#8211; 1mm \/ 1 m \/ 500 ml<\/li>\n<li>Rola Airfoam PEE &#8211; 2mm \/ 1 m \/ 100 ml<\/li>\n<li>Rola Airfoam PEE &#8211; 3 mm \/ 1m \/100 ml<\/li>\n<li>Rola Airfoam PEE &#8211; 5 mm \/ 1 m \/ 60 ml<\/li>\n<\/ul>\n<p>Pentru mai multe informatii legate de polietilena expandata puteti accesa una din paginile partenerilor nostri: <a href=\"https:\/\/airfoam.ro\/polietilena-expandata\/\" target=\"_blank\" rel=\"noopener\">Airfoam.ro<\/a> sau <a href=\"https:\/\/axtrom.ro\/polietilena-expandata-pee\/\" target=\"_blank\" rel=\"noopener\">Axtrom.ro<\/a><\/p>\n<\/div>\n<\/div>\n<\/div>\n<\/div>\n<p>[\/vc_column_text][\/vc_column][\/vc_row]<\/p>\n<\/div>","protected":false},"excerpt":{"rendered":"<p><strong>Date tehnice:<\/strong><\/p>\n","protected":false},"featured_media":10000001116052,"comment_status":"open","ping_status":"closed","template":"","meta":[],"product_brand":[],"product_cat":[174,430,487,167,484],"product_tag":[330,331,485,327,486,329,328],"class_list":{"0":"post-1116051","1":"product","2":"type-product","3":"status-publish","4":"has-post-thumbnail","6":"product_cat-folii-polietilena-expandata-folie-pee","7":"product_cat-folie-parchet","8":"product_cat-folie-polietilena-expandata-aluminizata","9":"product_cat-polietilena-expandata-pee","10":"product_cat-polietilena-expandata-macroperforata","11":"product_tag-folie-izolare","12":"product_tag-folie-parchet","13":"product_tag-folie-parchet-aluminizata","14":"product_tag-folie-pee","15":"product_tag-folie-pee-aluminizata","16":"product_tag-pee","17":"product_tag-polietilena-expandata","18":"product_shipping_class-pee-3mm-2026","20":"first","21":"instock","22":"taxable","23":"shipping-taxable","24":"purchasable","25":"product-type-simple"},"tiered_pricing_type":"fixed","tiered_pricing_fixed_rules":[],"tiered_pricing_percentage_rules":[],"tiered_pricing_minimum":1,"_administrator_tiered_pricing_type":"fixed","_administrator_tiered_pricing_fixed_rules":[],"_editor_tiered_pricing_type":"fixed","_editor_tiered_pricing_fixed_rules":[],"_author_tiered_pricing_type":"fixed","_author_tiered_pricing_fixed_rules":[],"_contributor_tiered_pricing_type":"fixed","_contributor_tiered_pricing_fixed_rules":[],"_subscriber_tiered_pricing_type":"fixed","_subscriber_tiered_pricing_fixed_rules":[],"_customer_tiered_pricing_type":"fixed","_customer_tiered_pricing_fixed_rules":[],"_shop_manager_tiered_pricing_type":"fixed","_shop_manager_tiered_pricing_fixed_rules":[],"_vendor_staff_tiered_pricing_type":"fixed","_vendor_staff_tiered_pricing_fixed_rules":[],"_seller_tiered_pricing_type":"fixed","_seller_tiered_pricing_fixed_rules":[],"_translator_tiered_pricing_type":"fixed","_translator_tiered_pricing_fixed_rules":[],"_pending_user_tiered_pricing_type":"fixed","_pending_user_tiered_pricing_fixed_rules":[],"_suspended_tiered_pricing_type":"fixed","_suspended_tiered_pricing_fixed_rules":[],"_gold_tiered_pricing_type":"fixed","_gold_tiered_pricing_fixed_rules":[],"_fue_manager_tiered_pricing_type":"fixed","_fue_manager_tiered_pricing_fixed_rules":[],"_wpseo_manager_tiered_pricing_type":"fixed","_wpseo_manager_tiered_pricing_fixed_rules":[],"_wpseo_editor_tiered_pricing_type":"fixed","_wpseo_editor_tiered_pricing_fixed_rules":[],"yoast_head":"<!-- This site is optimized with the Yoast SEO plugin v26.4 - https:\/\/yoast.com\/wordpress\/plugins\/seo\/ -->\n<title>Folie polietilena expandata Aluminizata Airfoam 3 mm 100 ml<\/title>\n<meta name=\"description\" content=\"Folie polietilena expandata Aluminizata Airfoam 3 mm 100 ml . Se foloseste la impachetarea produselor si in constructii.\" \/>\n<meta name=\"robots\" content=\"index, follow, max-snippet:-1, max-image-preview:large, max-video-preview:-1\" \/>\n<link rel=\"canonical\" href=\"https:\/\/axtrom.ro\/shop\/produs\/folie-polietilena-expandata-aluminizata-airfoam-3-mm-100-ml\/\" \/>\n<meta property=\"og:locale\" content=\"ro_RO\" \/>\n<meta property=\"og:type\" content=\"article\" \/>\n<meta property=\"og:title\" content=\"Folie polietilena expandata Aluminizata Airfoam 3 mm 100 ml\" \/>\n<meta property=\"og:description\" content=\"Folie polietilena expandata Aluminizata Airfoam 3 mm 100 ml . Se foloseste la impachetarea produselor si in constructii.\" \/>\n<meta property=\"og:url\" content=\"https:\/\/axtrom.ro\/shop\/produs\/folie-polietilena-expandata-aluminizata-airfoam-3-mm-100-ml\/\" \/>\n<meta property=\"og:site_name\" content=\"Magazin online cu produse de packaging.\" \/>\n<meta property=\"article:modified_time\" content=\"2026-04-28T11:42:52+00:00\" \/>\n<meta property=\"og:image\" content=\"https:\/\/axtrom.ro\/shop\/wp-content\/uploads\/2023\/05\/Logo-Axtrom.jpg\" \/>\n\t<meta property=\"og:image:width\" content=\"220\" \/>\n\t<meta property=\"og:image:height\" content=\"71\" \/>\n\t<meta property=\"og:image:type\" content=\"image\/jpeg\" \/>\n<meta name=\"twitter:card\" content=\"summary_large_image\" \/>\n<meta name=\"twitter:label1\" content=\"Timp estimat pentru citire\" \/>\n\t<meta name=\"twitter:data1\" content=\"2 minute\" \/>\n<script type=\"application\/ld+json\" class=\"yoast-schema-graph\">{\"@context\":\"https:\/\/schema.org\",\"@graph\":[{\"@type\":\"WebPage\",\"@id\":\"https:\/\/axtrom.ro\/shop\/produs\/folie-polietilena-expandata-aluminizata-airfoam-3-mm-100-ml\/\",\"url\":\"https:\/\/axtrom.ro\/shop\/produs\/folie-polietilena-expandata-aluminizata-airfoam-3-mm-100-ml\/\",\"name\":\"Folie polietilena expandata Aluminizata Airfoam 3 mm 100 ml\",\"isPartOf\":{\"@id\":\"https:\/\/axtrom.ro\/shop\/#website\"},\"primaryImageOfPage\":{\"@id\":\"https:\/\/axtrom.ro\/shop\/produs\/folie-polietilena-expandata-aluminizata-airfoam-3-mm-100-ml\/#primaryimage\"},\"image\":{\"@id\":\"https:\/\/axtrom.ro\/shop\/produs\/folie-polietilena-expandata-aluminizata-airfoam-3-mm-100-ml\/#primaryimage\"},\"thumbnailUrl\":\"https:\/\/rgi.ro\/wp-content\/uploads\/2022\/04\/folie-din-polietilena-expandata-airfoam-aluminizata.jpg\",\"datePublished\":\"2022-04-12T12:55:07+00:00\",\"dateModified\":\"2026-04-28T11:42:52+00:00\",\"description\":\"Folie polietilena expandata Aluminizata Airfoam 3 mm 100 ml . Se foloseste la impachetarea produselor si in constructii.\",\"breadcrumb\":{\"@id\":\"https:\/\/axtrom.ro\/shop\/produs\/folie-polietilena-expandata-aluminizata-airfoam-3-mm-100-ml\/#breadcrumb\"},\"inLanguage\":\"ro-RO\",\"potentialAction\":[{\"@type\":\"ReadAction\",\"target\":[\"https:\/\/axtrom.ro\/shop\/produs\/folie-polietilena-expandata-aluminizata-airfoam-3-mm-100-ml\/\"]}]},{\"@type\":\"ImageObject\",\"inLanguage\":\"ro-RO\",\"@id\":\"https:\/\/axtrom.ro\/shop\/produs\/folie-polietilena-expandata-aluminizata-airfoam-3-mm-100-ml\/#primaryimage\",\"url\":\"https:\/\/rgi.ro\/wp-content\/uploads\/2022\/04\/folie-din-polietilena-expandata-airfoam-aluminizata.jpg\",\"contentUrl\":\"https:\/\/rgi.ro\/wp-content\/uploads\/2022\/04\/folie-din-polietilena-expandata-airfoam-aluminizata.jpg\"},{\"@type\":\"BreadcrumbList\",\"@id\":\"https:\/\/axtrom.ro\/shop\/produs\/folie-polietilena-expandata-aluminizata-airfoam-3-mm-100-ml\/#breadcrumb\",\"itemListElement\":[{\"@type\":\"ListItem\",\"position\":1,\"name\":\"Magazin\",\"item\":\"https:\/\/axtrom.ro\/shop\/magazin\/\"},{\"@type\":\"ListItem\",\"position\":2,\"name\":\"Folie polietilena expandata Aluminizata Airfoam 3 mm 100 ml\"}]},{\"@type\":\"WebSite\",\"@id\":\"https:\/\/axtrom.ro\/shop\/#website\",\"url\":\"https:\/\/axtrom.ro\/shop\/\",\"name\":\"Magazin online cu produse de packaging.\",\"description\":\"Cutii carton, banda adeziva, folie cu bule, folie stretch, polietilena si polietilena expandata.\",\"publisher\":{\"@id\":\"https:\/\/axtrom.ro\/shop\/#organization\"},\"potentialAction\":[{\"@type\":\"SearchAction\",\"target\":{\"@type\":\"EntryPoint\",\"urlTemplate\":\"https:\/\/axtrom.ro\/shop\/?s={search_term_string}\"},\"query-input\":{\"@type\":\"PropertyValueSpecification\",\"valueRequired\":true,\"valueName\":\"search_term_string\"}}],\"inLanguage\":\"ro-RO\"},{\"@type\":\"Organization\",\"@id\":\"https:\/\/axtrom.ro\/shop\/#organization\",\"name\":\"Axtrom |srl\",\"alternateName\":\"Complete packaging solutions\",\"url\":\"https:\/\/axtrom.ro\/shop\/\",\"logo\":{\"@type\":\"ImageObject\",\"inLanguage\":\"ro-RO\",\"@id\":\"https:\/\/axtrom.ro\/shop\/#\/schema\/logo\/image\/\",\"url\":\"https:\/\/axtrom.ro\/shop\/wp-content\/uploads\/2023\/05\/Logo-Axtrom.jpg\",\"contentUrl\":\"https:\/\/axtrom.ro\/shop\/wp-content\/uploads\/2023\/05\/Logo-Axtrom.jpg\",\"width\":220,\"height\":71,\"caption\":\"Axtrom |srl\"},\"image\":{\"@id\":\"https:\/\/axtrom.ro\/shop\/#\/schema\/logo\/image\/\"}}]}<\/script>\n<!-- \/ Yoast SEO plugin. -->","yoast_head_json":{"title":"Folie polietilena expandata Aluminizata Airfoam 3 mm 100 ml","description":"Folie polietilena expandata Aluminizata Airfoam 3 mm 100 ml . Se foloseste la impachetarea produselor si in constructii.","robots":{"index":"index","follow":"follow","max-snippet":"max-snippet:-1","max-image-preview":"max-image-preview:large","max-video-preview":"max-video-preview:-1"},"canonical":"https:\/\/axtrom.ro\/shop\/produs\/folie-polietilena-expandata-aluminizata-airfoam-3-mm-100-ml\/","og_locale":"ro_RO","og_type":"article","og_title":"Folie polietilena expandata Aluminizata Airfoam 3 mm 100 ml","og_description":"Folie polietilena expandata Aluminizata Airfoam 3 mm 100 ml . Se foloseste la impachetarea produselor si in constructii.","og_url":"https:\/\/axtrom.ro\/shop\/produs\/folie-polietilena-expandata-aluminizata-airfoam-3-mm-100-ml\/","og_site_name":"Magazin online cu produse de packaging.","article_modified_time":"2026-04-28T11:42:52+00:00","og_image":[{"width":220,"height":71,"url":"https:\/\/axtrom.ro\/shop\/wp-content\/uploads\/2023\/05\/Logo-Axtrom.jpg","type":"image\/jpeg"}],"twitter_card":"summary_large_image","twitter_misc":{"Timp estimat pentru citire":"2 minute"},"schema":{"@context":"https:\/\/schema.org","@graph":[{"@type":"WebPage","@id":"https:\/\/axtrom.ro\/shop\/produs\/folie-polietilena-expandata-aluminizata-airfoam-3-mm-100-ml\/","url":"https:\/\/axtrom.ro\/shop\/produs\/folie-polietilena-expandata-aluminizata-airfoam-3-mm-100-ml\/","name":"Folie polietilena expandata Aluminizata Airfoam 3 mm 100 ml","isPartOf":{"@id":"https:\/\/axtrom.ro\/shop\/#website"},"primaryImageOfPage":{"@id":"https:\/\/axtrom.ro\/shop\/produs\/folie-polietilena-expandata-aluminizata-airfoam-3-mm-100-ml\/#primaryimage"},"image":{"@id":"https:\/\/axtrom.ro\/shop\/produs\/folie-polietilena-expandata-aluminizata-airfoam-3-mm-100-ml\/#primaryimage"},"thumbnailUrl":"https:\/\/rgi.ro\/wp-content\/uploads\/2022\/04\/folie-din-polietilena-expandata-airfoam-aluminizata.jpg","datePublished":"2022-04-12T12:55:07+00:00","dateModified":"2026-04-28T11:42:52+00:00","description":"Folie polietilena expandata Aluminizata Airfoam 3 mm 100 ml . Se foloseste la impachetarea produselor si in constructii.","breadcrumb":{"@id":"https:\/\/axtrom.ro\/shop\/produs\/folie-polietilena-expandata-aluminizata-airfoam-3-mm-100-ml\/#breadcrumb"},"inLanguage":"ro-RO","potentialAction":[{"@type":"ReadAction","target":["https:\/\/axtrom.ro\/shop\/produs\/folie-polietilena-expandata-aluminizata-airfoam-3-mm-100-ml\/"]}]},{"@type":"ImageObject","inLanguage":"ro-RO","@id":"https:\/\/axtrom.ro\/shop\/produs\/folie-polietilena-expandata-aluminizata-airfoam-3-mm-100-ml\/#primaryimage","url":"https:\/\/rgi.ro\/wp-content\/uploads\/2022\/04\/folie-din-polietilena-expandata-airfoam-aluminizata.jpg","contentUrl":"https:\/\/rgi.ro\/wp-content\/uploads\/2022\/04\/folie-din-polietilena-expandata-airfoam-aluminizata.jpg"},{"@type":"BreadcrumbList","@id":"https:\/\/axtrom.ro\/shop\/produs\/folie-polietilena-expandata-aluminizata-airfoam-3-mm-100-ml\/#breadcrumb","itemListElement":[{"@type":"ListItem","position":1,"name":"Magazin","item":"https:\/\/axtrom.ro\/shop\/magazin\/"},{"@type":"ListItem","position":2,"name":"Folie polietilena expandata Aluminizata Airfoam 3 mm 100 ml"}]},{"@type":"WebSite","@id":"https:\/\/axtrom.ro\/shop\/#website","url":"https:\/\/axtrom.ro\/shop\/","name":"Magazin online cu produse de packaging.","description":"Cutii carton, banda adeziva, folie cu bule, folie stretch, polietilena si polietilena expandata.","publisher":{"@id":"https:\/\/axtrom.ro\/shop\/#organization"},"potentialAction":[{"@type":"SearchAction","target":{"@type":"EntryPoint","urlTemplate":"https:\/\/axtrom.ro\/shop\/?s={search_term_string}"},"query-input":{"@type":"PropertyValueSpecification","valueRequired":true,"valueName":"search_term_string"}}],"inLanguage":"ro-RO"},{"@type":"Organization","@id":"https:\/\/axtrom.ro\/shop\/#organization","name":"Axtrom |srl","alternateName":"Complete packaging solutions","url":"https:\/\/axtrom.ro\/shop\/","logo":{"@type":"ImageObject","inLanguage":"ro-RO","@id":"https:\/\/axtrom.ro\/shop\/#\/schema\/logo\/image\/","url":"https:\/\/axtrom.ro\/shop\/wp-content\/uploads\/2023\/05\/Logo-Axtrom.jpg","contentUrl":"https:\/\/axtrom.ro\/shop\/wp-content\/uploads\/2023\/05\/Logo-Axtrom.jpg","width":220,"height":71,"caption":"Axtrom |srl"},"image":{"@id":"https:\/\/axtrom.ro\/shop\/#\/schema\/logo\/image\/"}}]}},"_links":{"self":[{"href":"https:\/\/axtrom.ro\/shop\/wp-json\/wp\/v2\/product\/1116051","targetHints":{"allow":["GET"]}}],"collection":[{"href":"https:\/\/axtrom.ro\/shop\/wp-json\/wp\/v2\/product"}],"about":[{"href":"https:\/\/axtrom.ro\/shop\/wp-json\/wp\/v2\/types\/product"}],"replies":[{"embeddable":true,"href":"https:\/\/axtrom.ro\/shop\/wp-json\/wp\/v2\/comments?post=1116051"}],"wp:featuredmedia":[{"embeddable":true,"href":"https:\/\/axtrom.ro\/shop\/wp-json\/"}],"wp:attachment":[{"href":"https:\/\/axtrom.ro\/shop\/wp-json\/wp\/v2\/media?parent=1116051"}],"wp:term":[{"taxonomy":"product_brand","embeddable":true,"href":"https:\/\/axtrom.ro\/shop\/wp-json\/wp\/v2\/product_brand?post=1116051"},{"taxonomy":"product_cat","embeddable":true,"href":"https:\/\/axtrom.ro\/shop\/wp-json\/wp\/v2\/product_cat?post=1116051"},{"taxonomy":"product_tag","embeddable":true,"href":"https:\/\/axtrom.ro\/shop\/wp-json\/wp\/v2\/product_tag?post=1116051"}],"curies":[{"name":"wp","href":"https:\/\/api.w.org\/{rel}","templated":true}]}}