{"id":1115571,"date":"2021-09-29T11:27:12","date_gmt":"2021-09-29T09:27:12","guid":{"rendered":"https:\/\/axtrom.ro\/shop\/?post_type=product&#038;p=1115571"},"modified":"2026-04-16T10:20:58","modified_gmt":"2026-04-16T08:20:58","slug":"banda-adeziva-mascare-24-mm-x-40-m","status":"publish","type":"product","link":"https:\/\/axtrom.ro\/shop\/produs\/banda-adeziva-mascare-24-mm-x-40-m\/","title":{"rendered":"Banda adeziva mascare 24 mm x 40 m"},"content":{"rendered":"<div class=\"wpb-content-wrapper\"><p>[vc_row][vc_column]\n\t\t<div id=\"wd-61544db3da095\" class=\"title-wrapper wd-wpb wd-set-mb reset-last-child  wd-rs-61544db3da095 wd-title-color-primary wd-title-style-underlined text-left  wd-underline-colored\">\n\t\t\t\n\t\t\t<div class=\"liner-continer\">\n\t\t\t\t<h2 class=\"woodmart-title-container title  wd-font-weight- wd-fontsize-l\" >Banda adeziva mascare 24 mm x 40 m din hartie<\/h2>\n\t\t\t\t\t\t\t<\/div>\n\t\t\t\n\t\t\t\n\t\t\t\n\t\t<\/div>\n\t\t\n\t\t[vc_column_text woodmart_inline=&#8221;no&#8221; text_larger=&#8221;no&#8221;]<a href=\"https:\/\/axtrom.ro\/shop\/banda-adeziva\/banda-adeziva-de-mascare\/\" data-internallinksmanager029f6b8e52c=\"9\" title=\"banda de mascare\">Banda de mascare<\/a> este realizat\u0103 pe un suport de h\u00e2rtie creponat\u0103 cu adeziv. Aceasta este folosit\u0103 \u00een general la interior, pentru protec\u021bia sau mascarea unor diverse suprafe\u021be \u0219i materiale \u00een timpul efectu\u0103rii unor opera\u021biuni de \u00eentre\u021binere precum zugr\u0103virea sau vopsirea anumitor suprafe\u021be. <a href=\"https:\/\/axtrom.ro\/shop\/banda-adeziva\/banda-adeziva-de-mascare\/\" data-internallinksmanager029f6b8e52c=\"9\" title=\"banda de mascare\">Banda de mascare<\/a> poate fi folosit\u0103 \u0219i pentru sigilarea provizorie a unor pachete de colet\u0103rie. Pute\u021bi izola ambalaje de carton u\u0219oare, fixa sau lega temporar <a href=\"https:\/\/axtrom.ro\/shop\/cutii-carton\/\" data-internallinksmanager029f6b8e52c=\"12\" title=\"cutii de carton\">cutii de carton<\/a>.<\/p>\n<p><a href=\"https:\/\/axtrom.ro\/shop\/banda-adeziva\/banda-adeziva-de-mascare\/\" data-internallinksmanager029f6b8e52c=\"9\" title=\"banda de mascare\">Banda de mascare<\/a> este cu adeziv pe baza de cauciuc natural cu o rezistenta la temperaturi de pana la 60 grade C, timp de 45 de minute maxim.<\/p>\n<p>Principala destina\u021bie a bandei de mascare sunt amenaj\u0103rile interioare, civile, \u00een mod special cele care nu necesit\u0103 amenajarea complet\u0103 a unei \u00eenc\u0103peri ci doar mici ajust\u0103ri, motiv pentru care se impune protejarea ariilor adiacente.[\/vc_column_text][\/vc_column][\/vc_row][vc_row][vc_column]\n\t\t<div id=\"wd-6149a08ba2ad3\" class=\"title-wrapper wd-wpb wd-set-mb reset-last-child  wd-rs-6149a08ba2ad3 wd-title-color-primary wd-title-style-underlined text-left  wd-underline-colored\">\n\t\t\t\n\t\t\t<div class=\"liner-continer\">\n\t\t\t\t<h3 class=\"woodmart-title-container title  wd-font-weight- wd-fontsize-xl\" >Banda adeziva comercializata<\/h3>\n\t\t\t\t\t\t\t<\/div>\n\t\t\t\n\t\t\t\n\t\t\t\n\t\t<\/div>\n\t\t\n\t\t[vc_column_text woodmart_inline=&#8221;no&#8221; text_larger=&#8221;no&#8221;]Comercizlizam <a href=\"https:\/\/axtrom.ro\/shop\/banda-adeziva\/\" data-internallinksmanager029f6b8e52c=\"8\" title=\"benzi adezive\">benzi adezive<\/a> cu latimi de 19 sau 48 mm. Pe langa benzile adezive clasice cu adeziv solvent si acrilic cu latime de 48 mm si lungime de 60 m pe <a href=\"https:\/\/axtrom.ro\/shop\/\" data-internallinksmanager029f6b8e52c=\"5\" title=\"pagina noastra\">pagina noastra<\/a> gasiti si <a href=\"https:\/\/axtrom.ro\/shop\/produs\/banda-adeziva-de-birou-18-mm-x-33-m\/\" data-internallinksmanager029f6b8e52c=\"7\" title=\"banda adeziva de birou\">banda adeziva de birou<\/a>, benzi de mascare din hartie, banda adeziva pvc si <a href=\"https:\/\/axtrom.ro\/shop\/banda-adeziva\/banda-adeziva-colorata\/\" data-internallinksmanager029f6b8e52c=\"4\" title=\"Benzi adezive colorate\">benzi adezive colorate<\/a> (rosu, galbe, verde, albastru si alb)<\/p>\n<p><strong>Produse din aceasi categorie:<\/strong><\/p>\n<ul>\n<li>Banda adeziva mascare 48 mm x 40 m<\/li>\n<li>Banda adeziva mascare 38 mm x 40 m<\/li>\n<li>Banda adeziva mascare 24 mm x 40 m<\/li>\n<\/ul>\n<p><strong>Alte categorii de benzi adezive<\/strong><\/p>\n<ul>\n<li><a href=\"https:\/\/axtrom.ro\/shop\/banda-adeziva\/banda-adeziva-48-mm\/\" data-internallinksmanager029f6b8e52c=\"1\" title=\"Benzi adezive 48 mm\">Benzi adezive 48 mm<\/a><\/li>\n<li><a href=\"https:\/\/axtrom.ro\/shop\/banda-adeziva\/banda-adeziva-solvent\/\" data-internallinksmanager029f6b8e52c=\"2\" title=\"Benzi adezive solvent\">Benzi adezive solvent<\/a><\/li>\n<li>Benzi adezive acrilice<\/li>\n<\/ul>\n<p>[\/vc_column_text][\/vc_column][\/vc_row][vc_row][vc_column]\n\t\t<div id=\"wd-6149a0690233d\" class=\"title-wrapper wd-wpb wd-set-mb reset-last-child  wd-rs-6149a0690233d wd-title-color-primary wd-title-style-underlined text-left  wd-underline-colored\">\n\t\t\t\n\t\t\t<div class=\"liner-continer\">\n\t\t\t\t<h4 class=\"woodmart-title-container title  wd-font-weight- wd-fontsize-l\" >Banda adeziva - scurt istoric<\/h4>\n\t\t\t\t\t\t\t<\/div>\n\t\t\t\n\t\t\t\n\t\t\t\n\t\t<\/div>\n\t\t\n\t\t[vc_column_text woodmart_inline=&#8221;no&#8221; text_larger=&#8221;no&#8221;]\u00cen anul 1943, Vesta Stoud era angajat\u0103 \u00eentr-o fabric\u0103 de muni\u021bii unde cutiile ce con\u021bineau produsele finite erau sigilate cu benzi de h\u00e2rtie \u0219i cear\u0103 topit\u0103. \u00cengrijorat\u0103 c\u0103 acestea ar putea fi mult prea greu de deschis pe c\u00e2mpul de lupt\u0103, Vesta a venit cu propunerea salvatoare: banda textil\u0103. Banda adeziv\u0103 izolatoare s-a n\u0103scut \u00eens\u0103 doar dup\u0103 ce Johnson &amp; Johnson a preluat ideea, adapt\u00e2nd benzile adezive chirurgicale conform specifica\u021biilor tehnice oferite de Stoud.<\/p>\n<p>Dup\u0103 \u00eencheierea celui de-al doilea R\u0103zboi Mondial, acest tip de band\u0103 adeziv\u0103 a \u00eenceput s\u0103 devin\u0103 din ce \u00een ce mai popular \u00een Statele Unite, devenind unul dintre cele mai populare produse utilizate \u00een domeniul construc\u021biilor. Oamenii utilizau banda pentru a lipi conductele de aerisire metalice, motiv pentru care compania produc\u0103toare a \u0219i redenumit produsul (duct tape, \u00een limba englez\u0103 duct \u00eenseamn\u0103 conduct\u0103). S-a f\u0103cut \u0219i un rebranding de culoare, banda primind culoarea argintie cu care suntem familiariza\u021bi \u0219i \u00een prezent, culoare fabricat\u0103 din pulbere de aluminiu.<\/p>\n<p>Detalii pe <a href=\"https:\/\/tape.ro\/banda-adeziva-scurt-istoric\/\" target=\"_blank\" rel=\"noopener\">www.tape.ro<\/a>[\/vc_column_text][\/vc_column][\/vc_row]<\/p>\n<\/div>","protected":false},"excerpt":{"rendered":"<p>[wcj_product_wholesale_price_table]<br \/>\n<strong>Date tehnice<\/strong>:<\/p>\n","protected":false},"featured_media":10000001115958,"comment_status":"open","ping_status":"closed","template":"","meta":[],"product_brand":[],"product_cat":[164,916,134,129],"product_tag":[292,279,272,293,271],"class_list":{"0":"post-1115571","1":"product","2":"type-product","3":"status-publish","4":"has-post-thumbnail","6":"product_cat-banda-adeziva","7":"product_cat-banda-adeziva-de-hartie","8":"product_cat-banda-adeziva-de-mascare","9":"product_cat-banda-adeziva-solvent","10":"product_tag-banda-adeziva-verde","11":"product_tag-benzi-adezive","12":"product_tag-scotch","13":"product_tag-scotch-verde","14":"product_tag-tape","15":"product_shipping_class-banda-adeziva-mascare-24x40-2025","17":"first","18":"instock","19":"taxable","20":"shipping-taxable","21":"purchasable","22":"product-type-simple"},"tiered_pricing_type":"fixed","tiered_pricing_fixed_rules":[],"tiered_pricing_percentage_rules":[],"tiered_pricing_minimum":1,"_administrator_tiered_pricing_type":"fixed","_administrator_tiered_pricing_fixed_rules":[],"_editor_tiered_pricing_type":"fixed","_editor_tiered_pricing_fixed_rules":[],"_author_tiered_pricing_type":"fixed","_author_tiered_pricing_fixed_rules":[],"_contributor_tiered_pricing_type":"fixed","_contributor_tiered_pricing_fixed_rules":[],"_subscriber_tiered_pricing_type":"fixed","_subscriber_tiered_pricing_fixed_rules":[],"_customer_tiered_pricing_type":"fixed","_customer_tiered_pricing_fixed_rules":[],"_shop_manager_tiered_pricing_type":"fixed","_shop_manager_tiered_pricing_fixed_rules":[],"_vendor_staff_tiered_pricing_type":"fixed","_vendor_staff_tiered_pricing_fixed_rules":[],"_seller_tiered_pricing_type":"fixed","_seller_tiered_pricing_fixed_rules":[],"_translator_tiered_pricing_type":"fixed","_translator_tiered_pricing_fixed_rules":[],"_pending_user_tiered_pricing_type":"fixed","_pending_user_tiered_pricing_fixed_rules":[],"_suspended_tiered_pricing_type":"fixed","_suspended_tiered_pricing_fixed_rules":[],"_gold_tiered_pricing_type":"fixed","_gold_tiered_pricing_fixed_rules":[],"_fue_manager_tiered_pricing_type":"fixed","_fue_manager_tiered_pricing_fixed_rules":[],"_wpseo_manager_tiered_pricing_type":"fixed","_wpseo_manager_tiered_pricing_fixed_rules":[],"_wpseo_editor_tiered_pricing_type":"fixed","_wpseo_editor_tiered_pricing_fixed_rules":[],"yoast_head":"<!-- This site is optimized with the Yoast SEO plugin v26.4 - https:\/\/yoast.com\/wordpress\/plugins\/seo\/ -->\n<title>Banda adeziva mascare 24 mm x 40 m Banda adeziva mascare din hartie<\/title>\n<meta name=\"description\" content=\"Banda adeziva mascare 24 mm x 40 m din hartie. Banda de mascare se foloseste in domeniul constructiilor, dar nu exculsiv.\" \/>\n<meta name=\"robots\" content=\"index, follow, max-snippet:-1, max-image-preview:large, max-video-preview:-1\" \/>\n<link rel=\"canonical\" href=\"https:\/\/axtrom.ro\/shop\/produs\/banda-adeziva-mascare-24-mm-x-40-m\/\" \/>\n<meta property=\"og:locale\" content=\"ro_RO\" \/>\n<meta property=\"og:type\" content=\"article\" \/>\n<meta property=\"og:title\" content=\"Banda adeziva mascare 24 mm x 40 m Banda adeziva mascare din hartie\" \/>\n<meta property=\"og:description\" content=\"Banda adeziva mascare 24 mm x 40 m din hartie. Banda de mascare se foloseste in domeniul constructiilor, dar nu exculsiv.\" \/>\n<meta property=\"og:url\" content=\"https:\/\/axtrom.ro\/shop\/produs\/banda-adeziva-mascare-24-mm-x-40-m\/\" \/>\n<meta property=\"og:site_name\" content=\"Magazin online cu produse de packaging.\" \/>\n<meta property=\"article:modified_time\" content=\"2026-04-16T08:20:58+00:00\" \/>\n<meta property=\"og:image\" content=\"https:\/\/axtrom.ro\/shop\/wp-content\/uploads\/2023\/05\/Logo-Axtrom.jpg\" \/>\n\t<meta property=\"og:image:width\" content=\"220\" \/>\n\t<meta property=\"og:image:height\" content=\"71\" \/>\n\t<meta property=\"og:image:type\" content=\"image\/jpeg\" \/>\n<meta name=\"twitter:card\" content=\"summary_large_image\" \/>\n<meta name=\"twitter:label1\" content=\"Timp estimat pentru citire\" \/>\n\t<meta name=\"twitter:data1\" content=\"2 minute\" \/>\n<script type=\"application\/ld+json\" class=\"yoast-schema-graph\">{\"@context\":\"https:\/\/schema.org\",\"@graph\":[{\"@type\":\"WebPage\",\"@id\":\"https:\/\/axtrom.ro\/shop\/produs\/banda-adeziva-mascare-24-mm-x-40-m\/\",\"url\":\"https:\/\/axtrom.ro\/shop\/produs\/banda-adeziva-mascare-24-mm-x-40-m\/\",\"name\":\"Banda adeziva mascare 24 mm x 40 m Banda adeziva mascare din hartie\",\"isPartOf\":{\"@id\":\"https:\/\/axtrom.ro\/shop\/#website\"},\"primaryImageOfPage\":{\"@id\":\"https:\/\/axtrom.ro\/shop\/produs\/banda-adeziva-mascare-24-mm-x-40-m\/#primaryimage\"},\"image\":{\"@id\":\"https:\/\/axtrom.ro\/shop\/produs\/banda-adeziva-mascare-24-mm-x-40-m\/#primaryimage\"},\"thumbnailUrl\":\"https:\/\/rgi.ro\/wp-content\/uploads\/2021\/09\/banda-adeziva-de-mascare-de-hartie-24-mm.jpg\",\"datePublished\":\"2021-09-29T09:27:12+00:00\",\"dateModified\":\"2026-04-16T08:20:58+00:00\",\"description\":\"Banda adeziva mascare 24 mm x 40 m din hartie. Banda de mascare se foloseste in domeniul constructiilor, dar nu exculsiv.\",\"breadcrumb\":{\"@id\":\"https:\/\/axtrom.ro\/shop\/produs\/banda-adeziva-mascare-24-mm-x-40-m\/#breadcrumb\"},\"inLanguage\":\"ro-RO\",\"potentialAction\":[{\"@type\":\"ReadAction\",\"target\":[\"https:\/\/axtrom.ro\/shop\/produs\/banda-adeziva-mascare-24-mm-x-40-m\/\"]}]},{\"@type\":\"ImageObject\",\"inLanguage\":\"ro-RO\",\"@id\":\"https:\/\/axtrom.ro\/shop\/produs\/banda-adeziva-mascare-24-mm-x-40-m\/#primaryimage\",\"url\":\"https:\/\/rgi.ro\/wp-content\/uploads\/2021\/09\/banda-adeziva-de-mascare-de-hartie-24-mm.jpg\",\"contentUrl\":\"https:\/\/rgi.ro\/wp-content\/uploads\/2021\/09\/banda-adeziva-de-mascare-de-hartie-24-mm.jpg\"},{\"@type\":\"BreadcrumbList\",\"@id\":\"https:\/\/axtrom.ro\/shop\/produs\/banda-adeziva-mascare-24-mm-x-40-m\/#breadcrumb\",\"itemListElement\":[{\"@type\":\"ListItem\",\"position\":1,\"name\":\"Magazin\",\"item\":\"https:\/\/axtrom.ro\/shop\/magazin\/\"},{\"@type\":\"ListItem\",\"position\":2,\"name\":\"Banda adeziva mascare 24 mm x 40 m\"}]},{\"@type\":\"WebSite\",\"@id\":\"https:\/\/axtrom.ro\/shop\/#website\",\"url\":\"https:\/\/axtrom.ro\/shop\/\",\"name\":\"Magazin online cu produse de packaging.\",\"description\":\"Cutii carton, banda adeziva, folie cu bule, folie stretch, polietilena si polietilena expandata.\",\"publisher\":{\"@id\":\"https:\/\/axtrom.ro\/shop\/#organization\"},\"potentialAction\":[{\"@type\":\"SearchAction\",\"target\":{\"@type\":\"EntryPoint\",\"urlTemplate\":\"https:\/\/axtrom.ro\/shop\/?s={search_term_string}\"},\"query-input\":{\"@type\":\"PropertyValueSpecification\",\"valueRequired\":true,\"valueName\":\"search_term_string\"}}],\"inLanguage\":\"ro-RO\"},{\"@type\":\"Organization\",\"@id\":\"https:\/\/axtrom.ro\/shop\/#organization\",\"name\":\"Axtrom |srl\",\"alternateName\":\"Complete packaging solutions\",\"url\":\"https:\/\/axtrom.ro\/shop\/\",\"logo\":{\"@type\":\"ImageObject\",\"inLanguage\":\"ro-RO\",\"@id\":\"https:\/\/axtrom.ro\/shop\/#\/schema\/logo\/image\/\",\"url\":\"https:\/\/axtrom.ro\/shop\/wp-content\/uploads\/2023\/05\/Logo-Axtrom.jpg\",\"contentUrl\":\"https:\/\/axtrom.ro\/shop\/wp-content\/uploads\/2023\/05\/Logo-Axtrom.jpg\",\"width\":220,\"height\":71,\"caption\":\"Axtrom |srl\"},\"image\":{\"@id\":\"https:\/\/axtrom.ro\/shop\/#\/schema\/logo\/image\/\"}}]}<\/script>\n<!-- \/ Yoast SEO plugin. -->","yoast_head_json":{"title":"Banda adeziva mascare 24 mm x 40 m Banda adeziva mascare din hartie","description":"Banda adeziva mascare 24 mm x 40 m din hartie. Banda de mascare se foloseste in domeniul constructiilor, dar nu exculsiv.","robots":{"index":"index","follow":"follow","max-snippet":"max-snippet:-1","max-image-preview":"max-image-preview:large","max-video-preview":"max-video-preview:-1"},"canonical":"https:\/\/axtrom.ro\/shop\/produs\/banda-adeziva-mascare-24-mm-x-40-m\/","og_locale":"ro_RO","og_type":"article","og_title":"Banda adeziva mascare 24 mm x 40 m Banda adeziva mascare din hartie","og_description":"Banda adeziva mascare 24 mm x 40 m din hartie. Banda de mascare se foloseste in domeniul constructiilor, dar nu exculsiv.","og_url":"https:\/\/axtrom.ro\/shop\/produs\/banda-adeziva-mascare-24-mm-x-40-m\/","og_site_name":"Magazin online cu produse de packaging.","article_modified_time":"2026-04-16T08:20:58+00:00","og_image":[{"width":220,"height":71,"url":"https:\/\/axtrom.ro\/shop\/wp-content\/uploads\/2023\/05\/Logo-Axtrom.jpg","type":"image\/jpeg"}],"twitter_card":"summary_large_image","twitter_misc":{"Timp estimat pentru citire":"2 minute"},"schema":{"@context":"https:\/\/schema.org","@graph":[{"@type":"WebPage","@id":"https:\/\/axtrom.ro\/shop\/produs\/banda-adeziva-mascare-24-mm-x-40-m\/","url":"https:\/\/axtrom.ro\/shop\/produs\/banda-adeziva-mascare-24-mm-x-40-m\/","name":"Banda adeziva mascare 24 mm x 40 m Banda adeziva mascare din hartie","isPartOf":{"@id":"https:\/\/axtrom.ro\/shop\/#website"},"primaryImageOfPage":{"@id":"https:\/\/axtrom.ro\/shop\/produs\/banda-adeziva-mascare-24-mm-x-40-m\/#primaryimage"},"image":{"@id":"https:\/\/axtrom.ro\/shop\/produs\/banda-adeziva-mascare-24-mm-x-40-m\/#primaryimage"},"thumbnailUrl":"https:\/\/rgi.ro\/wp-content\/uploads\/2021\/09\/banda-adeziva-de-mascare-de-hartie-24-mm.jpg","datePublished":"2021-09-29T09:27:12+00:00","dateModified":"2026-04-16T08:20:58+00:00","description":"Banda adeziva mascare 24 mm x 40 m din hartie. Banda de mascare se foloseste in domeniul constructiilor, dar nu exculsiv.","breadcrumb":{"@id":"https:\/\/axtrom.ro\/shop\/produs\/banda-adeziva-mascare-24-mm-x-40-m\/#breadcrumb"},"inLanguage":"ro-RO","potentialAction":[{"@type":"ReadAction","target":["https:\/\/axtrom.ro\/shop\/produs\/banda-adeziva-mascare-24-mm-x-40-m\/"]}]},{"@type":"ImageObject","inLanguage":"ro-RO","@id":"https:\/\/axtrom.ro\/shop\/produs\/banda-adeziva-mascare-24-mm-x-40-m\/#primaryimage","url":"https:\/\/rgi.ro\/wp-content\/uploads\/2021\/09\/banda-adeziva-de-mascare-de-hartie-24-mm.jpg","contentUrl":"https:\/\/rgi.ro\/wp-content\/uploads\/2021\/09\/banda-adeziva-de-mascare-de-hartie-24-mm.jpg"},{"@type":"BreadcrumbList","@id":"https:\/\/axtrom.ro\/shop\/produs\/banda-adeziva-mascare-24-mm-x-40-m\/#breadcrumb","itemListElement":[{"@type":"ListItem","position":1,"name":"Magazin","item":"https:\/\/axtrom.ro\/shop\/magazin\/"},{"@type":"ListItem","position":2,"name":"Banda adeziva mascare 24 mm x 40 m"}]},{"@type":"WebSite","@id":"https:\/\/axtrom.ro\/shop\/#website","url":"https:\/\/axtrom.ro\/shop\/","name":"Magazin online cu produse de packaging.","description":"Cutii carton, banda adeziva, folie cu bule, folie stretch, polietilena si polietilena expandata.","publisher":{"@id":"https:\/\/axtrom.ro\/shop\/#organization"},"potentialAction":[{"@type":"SearchAction","target":{"@type":"EntryPoint","urlTemplate":"https:\/\/axtrom.ro\/shop\/?s={search_term_string}"},"query-input":{"@type":"PropertyValueSpecification","valueRequired":true,"valueName":"search_term_string"}}],"inLanguage":"ro-RO"},{"@type":"Organization","@id":"https:\/\/axtrom.ro\/shop\/#organization","name":"Axtrom |srl","alternateName":"Complete packaging solutions","url":"https:\/\/axtrom.ro\/shop\/","logo":{"@type":"ImageObject","inLanguage":"ro-RO","@id":"https:\/\/axtrom.ro\/shop\/#\/schema\/logo\/image\/","url":"https:\/\/axtrom.ro\/shop\/wp-content\/uploads\/2023\/05\/Logo-Axtrom.jpg","contentUrl":"https:\/\/axtrom.ro\/shop\/wp-content\/uploads\/2023\/05\/Logo-Axtrom.jpg","width":220,"height":71,"caption":"Axtrom |srl"},"image":{"@id":"https:\/\/axtrom.ro\/shop\/#\/schema\/logo\/image\/"}}]}},"_links":{"self":[{"href":"https:\/\/axtrom.ro\/shop\/wp-json\/wp\/v2\/product\/1115571","targetHints":{"allow":["GET"]}}],"collection":[{"href":"https:\/\/axtrom.ro\/shop\/wp-json\/wp\/v2\/product"}],"about":[{"href":"https:\/\/axtrom.ro\/shop\/wp-json\/wp\/v2\/types\/product"}],"replies":[{"embeddable":true,"href":"https:\/\/axtrom.ro\/shop\/wp-json\/wp\/v2\/comments?post=1115571"}],"wp:featuredmedia":[{"embeddable":true,"href":"https:\/\/axtrom.ro\/shop\/wp-json\/"}],"wp:attachment":[{"href":"https:\/\/axtrom.ro\/shop\/wp-json\/wp\/v2\/media?parent=1115571"}],"wp:term":[{"taxonomy":"product_brand","embeddable":true,"href":"https:\/\/axtrom.ro\/shop\/wp-json\/wp\/v2\/product_brand?post=1115571"},{"taxonomy":"product_cat","embeddable":true,"href":"https:\/\/axtrom.ro\/shop\/wp-json\/wp\/v2\/product_cat?post=1115571"},{"taxonomy":"product_tag","embeddable":true,"href":"https:\/\/axtrom.ro\/shop\/wp-json\/wp\/v2\/product_tag?post=1115571"}],"curies":[{"name":"wp","href":"https:\/\/api.w.org\/{rel}","templated":true}]}}