{"id":111627182,"date":"2024-03-04T13:13:53","date_gmt":"2024-03-04T11:13:53","guid":{"rendered":"https:\/\/axtrom.ro\/shop\/?page_id=111627182"},"modified":"2026-02-20T15:54:39","modified_gmt":"2026-02-20T13:54:39","slug":"date-de-identificare-ale-societatii-axtrom-srl","status":"publish","type":"page","link":"https:\/\/axtrom.ro\/shop\/date-de-identificare-ale-societatii-axtrom-srl\/","title":{"rendered":"Date de identificare ale societ\u0103\u021bii Axtrom SRL"},"content":{"rendered":"<div class=\"wpb-content-wrapper\"><p>[vc_row][vc_column][vc_column_text css=&#8221;&#8221; woodmart_inline=&#8221;no&#8221; text_larger=&#8221;no&#8221;]SC Axtrom SRL, cu datele de identificare:<\/p>\n<p><strong><b>Cod Unic de \u00cenregistrare<\/b><\/strong>: 63661 din data de 26.11.1991<br \/>\n<strong>Nr. de ordine \u00een registrul comer\u021bului<\/strong>: J1991001064050<br \/>\n<strong>Identificator Unic la Nivel European (EUID)<\/strong>: ROONRC.J1991001064050<br \/>\n<strong><b>Sediu social<\/b><\/strong>: Municipiul Oradea, Strada Be\u00f6thy \u00d6d\u00f6n, nr 11, Judet Bihor.<\/p>\n<p><strong><b>Obiecte de activitate:<\/b><\/strong><\/p>\n<ul>\n<li>COD CAEN 1721 Fabricarea hartiei si cartonului ambalat si a ambalajelor din Hartie si carton<\/li>\n<li>1729 Fabricarea altor articole din Hartie si carton n.c.a.<\/li>\n<li>2041 Fabricarea sapunuriloe, detergentilor si a produselor de Intretinere<\/li>\n<li>2221 Fabricarea placilor, foliilor, tuburilor si profilelor din material plastic<\/li>\n<li>2222 Fabricarea articolelor de ambalaj din material plastic<\/li>\n<li>4647 Comert cu ridicata al mobile, covoarelor si a articolelor de iluminat<\/li>\n<li>4651 Comert cu ridicata al calculatoarelor, echipamentelor periferice si software-ului<\/li>\n<li>4652 Comert cu ridicata de componente si echipamente electronice si de telecomunicatii<\/li>\n<li>4665 Comert cu ridicata al mobilei de birou<\/li>\n<li>4666 Comert cu ridicata al altor masini si echipamente de birou<\/li>\n<li>4690 Comert cu ridicata nespecializat<\/li>\n<li>5829 Activitati de editare a altor produse software<\/li>\n<li>6201 Activitati de realizare a soft-ului la comanda (software orientat client)<\/li>\n<li>6202 Activitati de consultanta in tehnologiainformatiei<\/li>\n<li>6203 Activitati de management (gestiune si exploatare) a mijloacelor de calcul<\/li>\n<li>6209 Alte activitatii de servicii privind tehnologia informatiei<\/li>\n<li>6311 Prelucrarea datelor, administrarea paginilor web si activitatii conexe<\/li>\n<li>6312 Activitati ale portalurilor web<\/li>\n<\/ul>\n<p>&nbsp;<\/p>\n<p><strong><b>Cetificate \/ Autoriza\u021bii \/ Avize \/ Licente privind activitatea societatii:<\/b><\/strong><\/p>\n<ul>\n<li><strong>Certificat de \u00eenregistrare<\/strong> seria B nr. 5594703\/23.12.2025, emitent Ministerul Justi\u021biei \/ Oficiul National al Registrului Comer\u021bului; Oficiul Registrului Comer\u021bului de pe l\u00e2ng\u0103 Tribunlul Bihor<\/li>\n<li><strong><b>Certificat de \u00eenregistrare \u00een scopuri de TVA<\/b><\/strong> seria B nr. 1846926\/15.01.2020, emitent Ministerul Finantelor Publice \/ A.N.A.F.;<\/li>\n<\/ul>\n<p>[\/vc_column_text][\/vc_column][\/vc_row]<\/p>\n<\/div>","protected":false},"excerpt":{"rendered":"<p>[vc_row][vc_column][vc_column_text css=&#8221;&#8221; woodmart_inline=&#8221;no&#8221; text_larger=&#8221;no&#8221;]SC Axtrom SRL, cu datele de identificare: Cod Unic de \u00cenregistrare: 63661 din data de 26.11.1991 Nr.<\/p>\n","protected":false},"author":1,"featured_media":0,"parent":0,"menu_order":0,"comment_status":"closed","ping_status":"closed","template":"","meta":{"footnotes":""},"class_list":["post-111627182","page","type-page","status-publish","hentry"],"yoast_head":"<!-- This site is optimized with the Yoast SEO plugin v26.4 - https:\/\/yoast.com\/wordpress\/plugins\/seo\/ -->\n<title>Date de identificare ale societ\u0103\u021bii Axtrom SRL - Magazin online cu produse de packaging.<\/title>\n<meta name=\"description\" content=\"Date de identificare fiscala pentru societatea Axtrom SRL. Date folosite pentru a identifica societatea ca recomercializeaza produse de ambalare.\" \/>\n<meta name=\"robots\" content=\"index, follow, max-snippet:-1, max-image-preview:large, max-video-preview:-1\" \/>\n<link rel=\"canonical\" href=\"https:\/\/axtrom.ro\/shop\/date-de-identificare-ale-societatii-axtrom-srl\/\" \/>\n<meta property=\"og:locale\" content=\"ro_RO\" \/>\n<meta property=\"og:type\" content=\"article\" \/>\n<meta property=\"og:title\" content=\"Date de identificare ale societ\u0103\u021bii Axtrom SRL - Magazin online cu produse de packaging.\" \/>\n<meta property=\"og:description\" content=\"Date de identificare fiscala pentru societatea Axtrom SRL. Date folosite pentru a identifica societatea ca recomercializeaza produse de ambalare.\" \/>\n<meta property=\"og:url\" content=\"https:\/\/axtrom.ro\/shop\/date-de-identificare-ale-societatii-axtrom-srl\/\" \/>\n<meta property=\"og:site_name\" content=\"Magazin online cu produse de packaging.\" \/>\n<meta property=\"article:modified_time\" content=\"2026-02-20T13:54:39+00:00\" \/>\n<meta property=\"og:image\" content=\"https:\/\/axtrom.ro\/shop\/wp-content\/uploads\/2023\/05\/Logo-Axtrom.jpg\" \/>\n\t<meta property=\"og:image:width\" content=\"220\" \/>\n\t<meta property=\"og:image:height\" content=\"71\" \/>\n\t<meta property=\"og:image:type\" content=\"image\/jpeg\" \/>\n<meta name=\"twitter:card\" content=\"summary_large_image\" \/>\n<meta name=\"twitter:label1\" content=\"Timp estimat pentru citire\" \/>\n\t<meta name=\"twitter:data1\" content=\"2 minute\" \/>\n<script type=\"application\/ld+json\" class=\"yoast-schema-graph\">{\"@context\":\"https:\/\/schema.org\",\"@graph\":[{\"@type\":\"WebPage\",\"@id\":\"https:\/\/axtrom.ro\/shop\/date-de-identificare-ale-societatii-axtrom-srl\/\",\"url\":\"https:\/\/axtrom.ro\/shop\/date-de-identificare-ale-societatii-axtrom-srl\/\",\"name\":\"Date de identificare ale societ\u0103\u021bii Axtrom SRL - Magazin online cu produse de packaging.\",\"isPartOf\":{\"@id\":\"https:\/\/axtrom.ro\/shop\/#website\"},\"datePublished\":\"2024-03-04T11:13:53+00:00\",\"dateModified\":\"2026-02-20T13:54:39+00:00\",\"description\":\"Date de identificare fiscala pentru societatea Axtrom SRL. Date folosite pentru a identifica societatea ca recomercializeaza produse de ambalare.\",\"inLanguage\":\"ro-RO\",\"potentialAction\":[{\"@type\":\"ReadAction\",\"target\":[\"https:\/\/axtrom.ro\/shop\/date-de-identificare-ale-societatii-axtrom-srl\/\"]}]},{\"@type\":\"WebSite\",\"@id\":\"https:\/\/axtrom.ro\/shop\/#website\",\"url\":\"https:\/\/axtrom.ro\/shop\/\",\"name\":\"Magazin online cu produse de packaging.\",\"description\":\"Cutii carton, banda adeziva, folie cu bule, folie stretch, polietilena si polietilena expandata.\",\"publisher\":{\"@id\":\"https:\/\/axtrom.ro\/shop\/#organization\"},\"potentialAction\":[{\"@type\":\"SearchAction\",\"target\":{\"@type\":\"EntryPoint\",\"urlTemplate\":\"https:\/\/axtrom.ro\/shop\/?s={search_term_string}\"},\"query-input\":{\"@type\":\"PropertyValueSpecification\",\"valueRequired\":true,\"valueName\":\"search_term_string\"}}],\"inLanguage\":\"ro-RO\"},{\"@type\":\"Organization\",\"@id\":\"https:\/\/axtrom.ro\/shop\/#organization\",\"name\":\"Axtrom |srl\",\"alternateName\":\"Complete packaging solutions\",\"url\":\"https:\/\/axtrom.ro\/shop\/\",\"logo\":{\"@type\":\"ImageObject\",\"inLanguage\":\"ro-RO\",\"@id\":\"https:\/\/axtrom.ro\/shop\/#\/schema\/logo\/image\/\",\"url\":\"https:\/\/axtrom.ro\/shop\/wp-content\/uploads\/2023\/05\/Logo-Axtrom.jpg\",\"contentUrl\":\"https:\/\/axtrom.ro\/shop\/wp-content\/uploads\/2023\/05\/Logo-Axtrom.jpg\",\"width\":220,\"height\":71,\"caption\":\"Axtrom |srl\"},\"image\":{\"@id\":\"https:\/\/axtrom.ro\/shop\/#\/schema\/logo\/image\/\"}}]}<\/script>\n<!-- \/ Yoast SEO plugin. -->","yoast_head_json":{"title":"Date de identificare ale societ\u0103\u021bii Axtrom SRL - Magazin online cu produse de packaging.","description":"Date de identificare fiscala pentru societatea Axtrom SRL. Date folosite pentru a identifica societatea ca recomercializeaza produse de ambalare.","robots":{"index":"index","follow":"follow","max-snippet":"max-snippet:-1","max-image-preview":"max-image-preview:large","max-video-preview":"max-video-preview:-1"},"canonical":"https:\/\/axtrom.ro\/shop\/date-de-identificare-ale-societatii-axtrom-srl\/","og_locale":"ro_RO","og_type":"article","og_title":"Date de identificare ale societ\u0103\u021bii Axtrom SRL - Magazin online cu produse de packaging.","og_description":"Date de identificare fiscala pentru societatea Axtrom SRL. Date folosite pentru a identifica societatea ca recomercializeaza produse de ambalare.","og_url":"https:\/\/axtrom.ro\/shop\/date-de-identificare-ale-societatii-axtrom-srl\/","og_site_name":"Magazin online cu produse de packaging.","article_modified_time":"2026-02-20T13:54:39+00:00","og_image":[{"width":220,"height":71,"url":"https:\/\/axtrom.ro\/shop\/wp-content\/uploads\/2023\/05\/Logo-Axtrom.jpg","type":"image\/jpeg"}],"twitter_card":"summary_large_image","twitter_misc":{"Timp estimat pentru citire":"2 minute"},"schema":{"@context":"https:\/\/schema.org","@graph":[{"@type":"WebPage","@id":"https:\/\/axtrom.ro\/shop\/date-de-identificare-ale-societatii-axtrom-srl\/","url":"https:\/\/axtrom.ro\/shop\/date-de-identificare-ale-societatii-axtrom-srl\/","name":"Date de identificare ale societ\u0103\u021bii Axtrom SRL - Magazin online cu produse de packaging.","isPartOf":{"@id":"https:\/\/axtrom.ro\/shop\/#website"},"datePublished":"2024-03-04T11:13:53+00:00","dateModified":"2026-02-20T13:54:39+00:00","description":"Date de identificare fiscala pentru societatea Axtrom SRL. Date folosite pentru a identifica societatea ca recomercializeaza produse de ambalare.","inLanguage":"ro-RO","potentialAction":[{"@type":"ReadAction","target":["https:\/\/axtrom.ro\/shop\/date-de-identificare-ale-societatii-axtrom-srl\/"]}]},{"@type":"WebSite","@id":"https:\/\/axtrom.ro\/shop\/#website","url":"https:\/\/axtrom.ro\/shop\/","name":"Magazin online cu produse de packaging.","description":"Cutii carton, banda adeziva, folie cu bule, folie stretch, polietilena si polietilena expandata.","publisher":{"@id":"https:\/\/axtrom.ro\/shop\/#organization"},"potentialAction":[{"@type":"SearchAction","target":{"@type":"EntryPoint","urlTemplate":"https:\/\/axtrom.ro\/shop\/?s={search_term_string}"},"query-input":{"@type":"PropertyValueSpecification","valueRequired":true,"valueName":"search_term_string"}}],"inLanguage":"ro-RO"},{"@type":"Organization","@id":"https:\/\/axtrom.ro\/shop\/#organization","name":"Axtrom |srl","alternateName":"Complete packaging solutions","url":"https:\/\/axtrom.ro\/shop\/","logo":{"@type":"ImageObject","inLanguage":"ro-RO","@id":"https:\/\/axtrom.ro\/shop\/#\/schema\/logo\/image\/","url":"https:\/\/axtrom.ro\/shop\/wp-content\/uploads\/2023\/05\/Logo-Axtrom.jpg","contentUrl":"https:\/\/axtrom.ro\/shop\/wp-content\/uploads\/2023\/05\/Logo-Axtrom.jpg","width":220,"height":71,"caption":"Axtrom |srl"},"image":{"@id":"https:\/\/axtrom.ro\/shop\/#\/schema\/logo\/image\/"}}]}},"_links":{"self":[{"href":"https:\/\/axtrom.ro\/shop\/wp-json\/wp\/v2\/pages\/111627182","targetHints":{"allow":["GET"]}}],"collection":[{"href":"https:\/\/axtrom.ro\/shop\/wp-json\/wp\/v2\/pages"}],"about":[{"href":"https:\/\/axtrom.ro\/shop\/wp-json\/wp\/v2\/types\/page"}],"author":[{"embeddable":true,"href":"https:\/\/axtrom.ro\/shop\/wp-json\/wp\/v2\/users\/1"}],"replies":[{"embeddable":true,"href":"https:\/\/axtrom.ro\/shop\/wp-json\/wp\/v2\/comments?post=111627182"}],"version-history":[{"count":2,"href":"https:\/\/axtrom.ro\/shop\/wp-json\/wp\/v2\/pages\/111627182\/revisions"}],"predecessor-version":[{"id":111628044,"href":"https:\/\/axtrom.ro\/shop\/wp-json\/wp\/v2\/pages\/111627182\/revisions\/111628044"}],"wp:attachment":[{"href":"https:\/\/axtrom.ro\/shop\/wp-json\/wp\/v2\/media?parent=111627182"}],"curies":[{"name":"wp","href":"https:\/\/api.w.org\/{rel}","templated":true}]}}